{"id":94,"date":"2021-08-17T14:49:04","date_gmt":"2021-08-17T14:49:04","guid":{"rendered":"https:\/\/www.rahnbodmer.ch\/?page_id=94"},"modified":"2024-12-18T16:17:25","modified_gmt":"2024-12-18T14:17:25","slug":"weitere-dienstleistungen","status":"publish","type":"page","link":"https:\/\/www.rahnbodmer.ch\/de\/privatkunden\/weitere-dienstleistungen","title":{"rendered":"Weitere Dienstleistungen"},"content":{"rendered":"\n<h3 class=\"wp-block-heading\">Unsere weiteren Dienstleistungen<\/h3>\n\n\n\n<div id=\"teasertext-block_c61e433607d0021621e9601f3f483c46\" class=\"teasertext\">\n<p>Zu einer umfassenden Planung der finanziellen Zukunft geh\u00f6ren auch Themen, die nicht in erster Linie klassische Anlagewerte betreffen. Auch bei diesen stehen wir Ihnen als verl\u00e4ssliche Partnerin zur Seite.<\/p>\n<\/div>\n\n\n<h3 class=\"wp-block-heading\">Beratung f\u00fcr Familienunternehmer<\/h3>\n\n\n\n<p>Vernetzte Interessen und komplexe Strukturen machen es Inhaberinnen und Inhabern eines Familienunternehmens schwer, die richtigen Entscheidungen zu treffen und die Anforderungen des Unternehmens mit den Bed\u00fcrfnissen der Familie zu verbinden. Meist sind privates und unternehmerisches Verm\u00f6gen nicht klar getrennt, was zu Konflikten f\u00fchren kann und auch die Unternehmensnachfolge erschwert. Wir sind selber ein Familienunternehmen und kennen Ihre Bed\u00fcrfnisse und die Herausforderung sehr gut. Gerne unterst\u00fctzen wir Sie bei der L\u00f6sung dieser komplexen Aufgabe und stellen Ihnen unser langj\u00e4hrig aufgebautes Expertennetzwerk zur Verf\u00fcgung.<\/p>\n\n\n\n<p><br><\/p>\n\n\n\n<hr class=\"wp-block-separator has-css-opacity\"\/>\n\n\n\n<p><br><\/p>\n\n\n\n\n<div id=\"page_link-block_9fa9bf25ec25a6ac98ab4dac854f33f4\" class=\"page_link_ct\">\n\t<div class=\"page_link\"><strong><a href=\"https:\/\/www.rahnbodmer.ch\/de\/kontakt\">Kontakt<\/a><\/strong><\/div>\n<\/div>\n\n\n\n\n\n\n<div id=\"page_link-block_23cca9908ccf9f27f9c36c5428f04def\" class=\"page_link_ct\">\n\t<div class=\"page_link\"><strong><a href=\"https:\/\/www.rahnbodmer.ch\/de\/ansprechpersonen\/kundenberater-innen#privatkunden\">Unser Beratungsteam<\/a><\/strong><\/div>\n<\/div>\n\n\n","protected":false},"excerpt":{"rendered":"Unsere weiteren Dienstleistungen Beratung f\u00fcr Familienunternehmer Vernetzte Interessen und komplexe Strukturen machen es Inhaberinnen und Inhabern eines Familienunternehmens schwer, die richtigen Entscheidungen zu treffen und die Anforderungen des Unternehmens mit den Bed\u00fcrfnissen der Familie zu verbinden. Meist sind privates und unternehmerisches Verm\u00f6gen nicht klar getrennt, was zu Konflikten f\u00fchren kann und auch die Unternehmensnachfolge erschwert&#8230;. <a class=\"view-article\" href=\"https:\/\/www.rahnbodmer.ch\/de\/privatkunden\/weitere-dienstleistungen\">Artikel ansehen<\/a>","protected":false},"author":1,"featured_media":0,"parent":77,"menu_order":8,"comment_status":"closed","ping_status":"closed","template":"","meta":{"_acf_changed":false,"inline_featured_image":false,"footnotes":""},"class_list":["post-94","page","type-page","status-publish","hentry"],"acf":[],"_links":{"self":[{"href":"https:\/\/www.rahnbodmer.ch\/de\/wp-json\/wp\/v2\/pages\/94","targetHints":{"allow":["GET"]}}],"collection":[{"href":"https:\/\/www.rahnbodmer.ch\/de\/wp-json\/wp\/v2\/pages"}],"about":[{"href":"https:\/\/www.rahnbodmer.ch\/de\/wp-json\/wp\/v2\/types\/page"}],"author":[{"embeddable":true,"href":"https:\/\/www.rahnbodmer.ch\/de\/wp-json\/wp\/v2\/users\/1"}],"replies":[{"embeddable":true,"href":"https:\/\/www.rahnbodmer.ch\/de\/wp-json\/wp\/v2\/comments?post=94"}],"version-history":[{"count":29,"href":"https:\/\/www.rahnbodmer.ch\/de\/wp-json\/wp\/v2\/pages\/94\/revisions"}],"predecessor-version":[{"id":4107,"href":"https:\/\/www.rahnbodmer.ch\/de\/wp-json\/wp\/v2\/pages\/94\/revisions\/4107"}],"up":[{"embeddable":true,"href":"https:\/\/www.rahnbodmer.ch\/de\/wp-json\/wp\/v2\/pages\/77"}],"wp:attachment":[{"href":"https:\/\/www.rahnbodmer.ch\/de\/wp-json\/wp\/v2\/media?parent=94"}],"curies":[{"name":"wp","href":"https:\/\/api.w.org\/{rel}","templated":true}]}}