{"id":92,"date":"2021-08-17T14:48:02","date_gmt":"2021-08-17T14:48:02","guid":{"rendered":"https:\/\/www.rahnbodmer.ch\/?page_id=92"},"modified":"2024-02-08T11:16:15","modified_gmt":"2024-02-08T09:16:15","slug":"steuerberatung","status":"publish","type":"page","link":"https:\/\/www.rahnbodmer.ch\/de\/privatkunden\/steuerberatung","title":{"rendered":"Steuerberatung"},"content":{"rendered":"\n<h3 class=\"wp-block-heading\">Wollen Sie pr\u00fcfen, ob Ihre Verm\u00f6genswerte <br>steuerliche Opportunit\u00e4ten bieten?<\/h3>\n\n\n\n<div id=\"teasertext-block_b00a601307861985e9bc62f097cabb27\" class=\"teasertext\">\n<p>Bei steuerlichen Verpflichtungen kann sich eine vorausschauende Planung lohnen. Ob Privatperson, Unternehmerin, Pension\u00e4r oder Angestellte \u2013 die Steuerspezialistinnen und Steuerspezialisten von Rahn+Bodmer Co. \u00fcberpr\u00fcfen Ihre aktuelle Situation und deren steuerliche Auswirkungen im Hinblick auf den n\u00e4chsten Lebensabschnitt.<\/p>\n<\/div>\n\n\n<div id=\"mobilefold-block_c358fe9a28eebed87813e558a0d6f91b\" class=\"mobilefold\">\n<div class=\"mobilefold_inner\">\n<p>In die Steuerplanung miteinbezogen werden beispielsweise Ihre Pensionierungs- und Nachlassplanung, der Kauf oder Verkauf von Liegenschaften, Erbschaften oder ein m\u00f6glicher Wohnsitzwechsel. Auch bei Auszahlungen der zweiten und dritten S\u00e4ule, bei R\u00fcckzahlung oder der Verl\u00e4ngerung von Hypotheken pr\u00fcfen wir f\u00fcr Sie die Optimierungsm\u00f6glichkeiten. Unsere Steuerberaterinnen und Steuerberater k\u00fcmmern sich um Ihre Steuerdeklaration und erstellen f\u00fcr Sie alle Unterlagen. Auf Wunsch vertreten wir Sie bei Einsch\u00e4tzungen und bei der Kommunikation mit den Steuerbeh\u00f6rden oder in Einspracheverfahren.<\/p>\n\t<\/div>\n<\/div>\n\t<div class=\"mob_p_btn\"><span class=\"mehr\">mehr anzeigen<\/span><span class=\"weniger\">weniger anzeigen<\/span><\/div>\n\n\n\n<p><br><\/p>\n\n\n\n<hr class=\"wp-block-separator has-css-opacity is-style-default\"\/>\n\n\n\n<p><br><\/p>\n\n\n\n<h3 class=\"wp-block-heading\">W\u00fcnschen Sie eine pers\u00f6nliche Beratung?<\/h3>\n\n\n\n\n<div id=\"page_link-block_0e0fccad9fdb2bce81d31091cb8eec0a\" class=\"page_link_ct\">\n\t<div class=\"page_link\"><strong><a href=\"https:\/\/www.rahnbodmer.ch\/de\/kontakt\">Kontakt<\/a><\/strong><\/div>\n<\/div>\n\n\n\n\n\n\n<div id=\"page_link-block_212ad4297328a5e8481ab85d8995f8fb\" class=\"page_link_ct\">\n\t<div class=\"page_link\"><strong><a href=\"https:\/\/www.rahnbodmer.ch\/de\/privatkunden\/kundenberater-innen\">Unser Beratungsteam<\/a><\/strong><\/div>\n<\/div>\n\n\n","protected":false},"excerpt":{"rendered":"Wollen Sie pr\u00fcfen, ob Ihre Verm\u00f6genswerte steuerliche Opportunit\u00e4ten bieten? W\u00fcnschen Sie eine pers\u00f6nliche Beratung?","protected":false},"author":1,"featured_media":0,"parent":77,"menu_order":7,"comment_status":"closed","ping_status":"closed","template":"","meta":{"_acf_changed":false,"inline_featured_image":false,"footnotes":""},"class_list":["post-92","page","type-page","status-publish","hentry"],"acf":[],"_links":{"self":[{"href":"https:\/\/www.rahnbodmer.ch\/de\/wp-json\/wp\/v2\/pages\/92","targetHints":{"allow":["GET"]}}],"collection":[{"href":"https:\/\/www.rahnbodmer.ch\/de\/wp-json\/wp\/v2\/pages"}],"about":[{"href":"https:\/\/www.rahnbodmer.ch\/de\/wp-json\/wp\/v2\/types\/page"}],"author":[{"embeddable":true,"href":"https:\/\/www.rahnbodmer.ch\/de\/wp-json\/wp\/v2\/users\/1"}],"replies":[{"embeddable":true,"href":"https:\/\/www.rahnbodmer.ch\/de\/wp-json\/wp\/v2\/comments?post=92"}],"version-history":[{"count":12,"href":"https:\/\/www.rahnbodmer.ch\/de\/wp-json\/wp\/v2\/pages\/92\/revisions"}],"predecessor-version":[{"id":3505,"href":"https:\/\/www.rahnbodmer.ch\/de\/wp-json\/wp\/v2\/pages\/92\/revisions\/3505"}],"up":[{"embeddable":true,"href":"https:\/\/www.rahnbodmer.ch\/de\/wp-json\/wp\/v2\/pages\/77"}],"wp:attachment":[{"href":"https:\/\/www.rahnbodmer.ch\/de\/wp-json\/wp\/v2\/media?parent=92"}],"curies":[{"name":"wp","href":"https:\/\/api.w.org\/{rel}","templated":true}]}}