{"id":90,"date":"2021-08-17T14:47:34","date_gmt":"2021-08-17T14:47:34","guid":{"rendered":"https:\/\/www.rahnbodmer.ch\/?page_id=90"},"modified":"2024-02-08T11:14:53","modified_gmt":"2024-02-08T09:14:53","slug":"nachlassplanung","status":"publish","type":"page","link":"https:\/\/www.rahnbodmer.ch\/de\/privatkunden\/nachlassplanung","title":{"rendered":"Nachlassplanung"},"content":{"rendered":"\n<h3 class=\"wp-block-heading\">Geben Sie Ihr Verm\u00f6gen gem\u00e4ss Ihren W\u00fcnschen weiter<\/h3>\n\n\n\n<div id=\"teasertext-block_cb002eb2bbe776d363552261208e8201\" class=\"teasertext\">\n<p>Niemand denkt gerne an seinen eigenen Tod. Dennoch ist es ratsam, die Nachlassplanung nicht auf die lange Bank zu schieben. Denn wenn man pl\u00f6tzlich erkrankt oder einen Unfall erleidet, bleibt vielleicht keine Zeit mehr, sich darum zu k\u00fcmmern. Mit einer umfassenden Vorsorge- und Nachlassplanung erm\u00f6glichen Sie sich einen \u00dcberblick und sehen, wo Handlungsbedarf besteht. Zudem schaffen Sie Klarheit f\u00fcr Ihre Angeh\u00f6rigen.<\/p>\n<\/div>\n\n\n<div id=\"mobilefold-block_7d6950f530558aa996ce72d082e9ac71\" class=\"mobilefold\">\n<div class=\"mobilefold_inner\">\n<p>Die gesetzlichen Bestimmungen lassen in g\u00fcter- und erbrechtlichen Belangen grossen Spielraum, um mit individuellen Regelungen pers\u00f6nliche W\u00fcnsche ber\u00fccksichtigen zu k\u00f6nnen. Nichtstun f\u00fchrt bei diesem Thema oft zu unerw\u00fcnschten Resultaten mit weitreichenden Konsequenzen. Zudem vermeiden Sie mit einer rechtzeitigen Planung der Verm\u00f6gensnachfolge unn\u00f6tige Steuerfolgen.<\/p>\n<p>Unsere Erbschaftsspezialistinnen und Erbschaftsspezialisten erarbeiten gemeinsam mit Ihnen eine langfristige Nachlassplanung, bei der die eheg\u00fcter- und erbrechtliche Situation gepr\u00fcft und die notwendigen Dokumente rechtsg\u00fcltig erstellt werden. Dabei werden auch Themen wie Patientenverf\u00fcgung und Vorsorgeauftrag einbezogen. So ist sichergestellt, dass auch im medizinischen Notfall und bei l\u00e4ngerfristigem Verlust der Urteilsf\u00e4higkeit wichtige Entscheide gem\u00e4ss Ihren W\u00fcnschen gef\u00e4llt werden k\u00f6nnen.<\/p>\n\t<\/div>\n<\/div>\n\t<div class=\"mob_p_btn\"><span class=\"mehr\">mehr anzeigen<\/span><span class=\"weniger\">weniger anzeigen<\/span><\/div>\n\n\n\n<p><br><br><\/p>\n\n\n\n<h3 class=\"wp-block-heading\">Gerne amten wir als Ihre Willensvollstrecker<\/h3>\n\n\n\n<div id=\"mobilefold-block_74a817b11155965713efeb838944181c\" class=\"mobilefold\">\n<div class=\"mobilefold_inner\">\n<p>Die Umsetzung des letzten Willens im Sinne des oder der Verstorbenen ist eine anspruchsvolle Aufgabe. Als Aussenstehende agieren wir neutral und engagieren uns f\u00fcr eine rasche und einvernehmliche Nachlassteilung. Wir k\u00fcmmern uns um alle anstehenden finanziellen, steuerrechtlichen sowie juristischen Belange und entlasten die Erbinnen und Erben in der Zeit der Trauer von administrativen Aufgaben. Dabei sind wir stets bem\u00fcht, kompromissf\u00e4hige L\u00f6sungen zu finden.<\/p>\n\t<\/div>\n<\/div>\n\t<div class=\"mob_p_btn\"><span class=\"mehr\">mehr anzeigen<\/span><span class=\"weniger\">weniger anzeigen<\/span><\/div>\n\n\n\n<p><br><\/p>\n\n\n\n<hr class=\"wp-block-separator has-css-opacity is-style-default\"\/>\n\n\n\n<p><br><\/p>\n\n\n\n<h3 class=\"wp-block-heading\">W\u00fcnschen Sie eine pers\u00f6nliche Beratung?<\/h3>\n\n\n\n\n<div id=\"page_link-block_5597ea78f51588b0bcfa60e6793f1e7d\" class=\"page_link_ct\">\n\t<div class=\"page_link\"><strong><a href=\"https:\/\/www.rahnbodmer.ch\/de\/kontakt\">Kontakt<\/a><\/strong><\/div>\n<\/div>\n\n\n\n\n\n\n<div id=\"page_link-block_235f6759f2e0d319f4108cb1251af102\" class=\"page_link_ct\">\n\t<div class=\"page_link\"><strong><a href=\"https:\/\/www.rahnbodmer.ch\/de\/privatkunden\/kundenberater-innen\">Unser Beratungsteam<\/a><\/strong><\/div>\n<\/div>\n\n\n","protected":false},"excerpt":{"rendered":"Geben Sie Ihr Verm\u00f6gen gem\u00e4ss Ihren W\u00fcnschen weiter Gerne amten wir als Ihre Willensvollstrecker W\u00fcnschen Sie eine pers\u00f6nliche Beratung?","protected":false},"author":1,"featured_media":0,"parent":77,"menu_order":6,"comment_status":"closed","ping_status":"closed","template":"","meta":{"_acf_changed":false,"inline_featured_image":false,"footnotes":""},"class_list":["post-90","page","type-page","status-publish","hentry"],"acf":[],"_links":{"self":[{"href":"https:\/\/www.rahnbodmer.ch\/de\/wp-json\/wp\/v2\/pages\/90","targetHints":{"allow":["GET"]}}],"collection":[{"href":"https:\/\/www.rahnbodmer.ch\/de\/wp-json\/wp\/v2\/pages"}],"about":[{"href":"https:\/\/www.rahnbodmer.ch\/de\/wp-json\/wp\/v2\/types\/page"}],"author":[{"embeddable":true,"href":"https:\/\/www.rahnbodmer.ch\/de\/wp-json\/wp\/v2\/users\/1"}],"replies":[{"embeddable":true,"href":"https:\/\/www.rahnbodmer.ch\/de\/wp-json\/wp\/v2\/comments?post=90"}],"version-history":[{"count":14,"href":"https:\/\/www.rahnbodmer.ch\/de\/wp-json\/wp\/v2\/pages\/90\/revisions"}],"predecessor-version":[{"id":3503,"href":"https:\/\/www.rahnbodmer.ch\/de\/wp-json\/wp\/v2\/pages\/90\/revisions\/3503"}],"up":[{"embeddable":true,"href":"https:\/\/www.rahnbodmer.ch\/de\/wp-json\/wp\/v2\/pages\/77"}],"wp:attachment":[{"href":"https:\/\/www.rahnbodmer.ch\/de\/wp-json\/wp\/v2\/media?parent=90"}],"curies":[{"name":"wp","href":"https:\/\/api.w.org\/{rel}","templated":true}]}}