{"id":88,"date":"2021-08-17T14:38:29","date_gmt":"2021-08-17T14:38:29","guid":{"rendered":"https:\/\/www.rahnbodmer.ch\/?page_id=88"},"modified":"2024-02-08T11:11:59","modified_gmt":"2024-02-08T09:11:59","slug":"vorsorge-und-finanzplanung","status":"publish","type":"page","link":"https:\/\/www.rahnbodmer.ch\/de\/privatkunden\/vorsorge-und-finanzplanung","title":{"rendered":"Vorsorge- und Finanzplanung"},"content":{"rendered":"\n<h3 class=\"wp-block-heading\">M\u00f6chten Sie Ihrer Zukunft entspannt entgegensehen?<\/h3>\n\n\n\n<div id=\"teasertext-block_9dedd6b9178fd4d20afe503bb2155017\" class=\"teasertext\">\n<p>Ganz gleich, in welcher Lebensphase Sie sich befinden: Ihre Zukunft beginnt heute. Es lohnt sich deshalb, nicht nur die Verwaltung Ihres Verm\u00f6gens in vertrauensvolle H\u00e4nde zu geben, sondern auch die Vorsorge- und die Finanzplanung zu optimieren. Wir beraten Sie entsprechend Ihrer aktuellen Lebenssituation, Ihrer Bed\u00fcrfnisse und Ziele. Damit Sie die richtigen finanziellen Entscheidungen f\u00fcr Ihre Zukunft treffen k\u00f6nnen.<\/p>\n<\/div>\n\n\n<h3 class=\"wp-block-heading\">Finanzplanung ist Lebensplanung<\/h3>\n\n\n\n<div id=\"mobilefold-block_6144ac4484714ad64c539c3deffecf29\" class=\"mobilefold\">\n<div class=\"mobilefold_inner\">\n<p>Finanzplanung sehen wir als ganzheitliche Beratung. Abgestimmt auf Ihre finanziellen Ziele erarbeiten wir gemeinsam mit Ihnen eine umfassende Grundlage f\u00fcr anstehende Entscheide und w\u00e4gen Handlungsoptionen gegeneinander ab. Mit einem massgeschneiderten Plan begleiten wir Sie bei der Umsetzung, damit stets sichergestellt ist, dass Sie Ihre Ziele erreichen.<\/p>\n<p>Wenngleich der \u00dcbergang vom Erwerbsleben in den Ruhestand meist die gr\u00f6sste Z\u00e4sur in der finanziellen Biografie darstellt, sollte der Fokus keineswegs nur auf der Planung des dritten Lebensabschnitts liegen. Der pers\u00f6nliche Lebenslauf ist vielmehr gepr\u00e4gt von fortw\u00e4hrenden Ver\u00e4nderungen und Entwicklungen. Dabei wirft jede neue Lebensphase zahlreiche Fragen auf und wirkt sich langfristig auf die pers\u00f6nliche finanzielle Situation aus.<\/p>\n<p>&nbsp;<\/p>\n<figure class=\"wp-block-image size-full img_width_80\"><img decoding=\"async\" class=\"wp-image-2937\" src=\"\/wp-content\/uploads\/2023\/03\/RB_Grafik_Lebensphasenmodell.svg\" alt=\"\" \/><\/figure>\n\t<\/div>\n<\/div>\n\t<div class=\"mob_p_btn\"><span class=\"mehr\">mehr anzeigen<\/span><span class=\"weniger\">weniger anzeigen<\/span><\/div>\n\n\n\n<p><br><br><\/p>\n\n\n\n<h3 class=\"wp-block-heading\">Eine gute Planung ist dynamisch<\/h3>\n\n\n\n<div id=\"mobilefold-block_3555b082bb1f4544bcb59d7b184b4dec\" class=\"mobilefold\">\n<div class=\"mobilefold_inner\">\n<p>Auch die beste Planung kann zur Makulatur verkommen, wenn Ihr Leben einen anderen Weg einschl\u00e4gt. Wendepunkte in der pers\u00f6nlichen Biografie treten meist unverhofft auf und erfordern Anpassungen. Auch k\u00f6nnen sich Priorit\u00e4ten im Lauf der Zeit \u00e4ndern. Deshalb sollten Sie die Finanzplanung als dynamischen Prozess verstehen, bei dem Ihre Finanzplanerin oder Ihr Finanzplaner Ihnen als Coach und Sparringpartner zur Seite steht.<\/p>\n\t<\/div>\n<\/div>\n\t<div class=\"mob_p_btn\"><span class=\"mehr\">mehr anzeigen<\/span><span class=\"weniger\">weniger anzeigen<\/span><\/div>\n\n\n\n<p><br><br><\/p>\n\n\n\n<h3 class=\"wp-block-heading\">Optimieren Sie mit uns Ihre Vorsorge<\/h3>\n\n\n\n<div id=\"mobilefold-block_6483cc4af8d929fb0dc3dfa0b1d7e50f\" class=\"mobilefold\">\n<div class=\"mobilefold_inner\">\n<p>Wenn Sie sich fr\u00fchzeitig auf die Jahre nach der Pensionierung vorbereiten, k\u00f6nnen Sie den gewohnten Lebensstil unbeschwert weiterf\u00fchren. Das ist umso wichtiger, da die Lebenserwartung zunehmend steigt. Wir zeigen Ihnen auf, welche L\u00fccken vorhanden sind und wie Sie mit unseren Vorsorgel\u00f6sungen Verm\u00f6gen nachhaltig aufbauen. Wenn Sie beabsichtigen, Ihr Arbeitspensum zu reduzieren, oder sich vorzeitig pensionieren lassen, erstellen unsere Vorsorgespezialisten eine ausf\u00fchrliche Analyse mit unterschiedlichen Szenarien und entwickeln gemeinsam mit Ihnen konkrete L\u00f6sungen mit einem individuellen Massnahmenplan.<\/p>\n<p>&nbsp;<\/p>\n<p><strong>S\u00e4ule 3a<\/strong><br \/>\nMit einem Sparen-3-Konto lassen sich Ihre j\u00e4hrlichen Einzahlungen von den Steuern abziehen. Wenn Sie Ihre S\u00e4ule 3a in Wertschriften investieren, k\u00f6nnen Sie zudem langfristig von h\u00f6heren Renditen profitieren. Sie haben die Wahl aus einer Palette unterschiedlicher Anlagestrategien, von der eher defensiven Variante u\u0308ber die dynamische bis hin zur nachhaltigen L\u00f6sung, bei der Gesch\u00e4ftspraktiken in Bezug auf Umwelt, Soziales und Unternehmensfu\u0308hrung (ESG) beachtet werden.<\/p>\n<p>&nbsp;<\/p>\n<p><strong>2. S\u00e4ule<\/strong><br \/>\nDas 2.-S\u00e4ule-Freiz\u00fcgigkeitsdepot erm\u00f6glicht Ihnen langfristig h\u00f6here Renditechancen. Ihr Vorsorgeportfolio wird entsprechend Ihrer Anlagestrategie und den BVV-2-Anlagerichtlinien von uns aktiv verwaltet. Dabei stehen Ihnen f\u00fcnf Varianten zur Wahl. Ab einem Anlageverm\u00f6gen von CHF 250\u2019000 bieten wir Ihnen eine massgeschneiderte L\u00f6sung, die Ihre individuellen W\u00fcnsche ber\u00fccksichtigt. Die Anlagen k\u00f6nnen auf Ihr Privatverm\u00f6gen abgestimmt und nach Bezug kostenfrei dorthin \u00fcberf\u00fchrt werden. Die Ertr\u00e4ge der 2. S\u00e4ule sind einkommens- und verm\u00f6genssteuerfrei.<\/p>\n<p>Flexibilit\u00e4t wird bei uns grossgeschrieben: Sowohl bei der S\u00e4ule 3a als auch bei der 2. S\u00e4ule k\u00f6nnen Sie monatlich zwischen den Strategien wechseln. Zudem profitieren Sie von tiefen Verwaltungskosten.<\/p>\n\t<\/div>\n<\/div>\n\t<div class=\"mob_p_btn\"><span class=\"mehr\">mehr anzeigen<\/span><span class=\"weniger\">weniger anzeigen<\/span><\/div>\n\n\n\n<p><br><\/p>\n\n\n\n<hr class=\"wp-block-separator has-css-opacity is-style-default\"\/>\n\n\n\n<p><br><\/p>\n\n\n\n<h3 class=\"wp-block-heading\">W\u00fcnschen Sie eine pers\u00f6nliche Beratung?<\/h3>\n\n\n\n\n<div id=\"page_link-block_ecb4f712a0335ee50b2ba847d6a9de31\" class=\"page_link_ct\">\n\t<div class=\"page_link\"><strong><a href=\"https:\/\/www.rahnbodmer.ch\/de\/kontakt\">Kontakt<\/a><\/strong><\/div>\n<\/div>\n\n\n\n\n\n\n<div id=\"page_link-block_ad55865f729d30de3b2de64cad992485\" class=\"page_link_ct\">\n\t<div class=\"page_link\"><strong><a href=\"https:\/\/www.rahnbodmer.ch\/de\/privatkunden\/kundenberater-innen\">Unser Beratungsteam<\/a><\/strong><\/div>\n<\/div>\n\n\n","protected":false},"excerpt":{"rendered":"M\u00f6chten Sie Ihrer Zukunft entspannt entgegensehen? Finanzplanung ist Lebensplanung Eine gute Planung ist dynamisch Optimieren Sie mit uns Ihre Vorsorge W\u00fcnschen Sie eine pers\u00f6nliche Beratung?","protected":false},"author":1,"featured_media":0,"parent":77,"menu_order":5,"comment_status":"closed","ping_status":"closed","template":"","meta":{"_acf_changed":false,"inline_featured_image":false,"footnotes":""},"class_list":["post-88","page","type-page","status-publish","hentry"],"acf":[],"_links":{"self":[{"href":"https:\/\/www.rahnbodmer.ch\/de\/wp-json\/wp\/v2\/pages\/88","targetHints":{"allow":["GET"]}}],"collection":[{"href":"https:\/\/www.rahnbodmer.ch\/de\/wp-json\/wp\/v2\/pages"}],"about":[{"href":"https:\/\/www.rahnbodmer.ch\/de\/wp-json\/wp\/v2\/types\/page"}],"author":[{"embeddable":true,"href":"https:\/\/www.rahnbodmer.ch\/de\/wp-json\/wp\/v2\/users\/1"}],"replies":[{"embeddable":true,"href":"https:\/\/www.rahnbodmer.ch\/de\/wp-json\/wp\/v2\/comments?post=88"}],"version-history":[{"count":25,"href":"https:\/\/www.rahnbodmer.ch\/de\/wp-json\/wp\/v2\/pages\/88\/revisions"}],"predecessor-version":[{"id":3499,"href":"https:\/\/www.rahnbodmer.ch\/de\/wp-json\/wp\/v2\/pages\/88\/revisions\/3499"}],"up":[{"embeddable":true,"href":"https:\/\/www.rahnbodmer.ch\/de\/wp-json\/wp\/v2\/pages\/77"}],"wp:attachment":[{"href":"https:\/\/www.rahnbodmer.ch\/de\/wp-json\/wp\/v2\/media?parent=88"}],"curies":[{"name":"wp","href":"https:\/\/api.w.org\/{rel}","templated":true}]}}