{"id":85,"date":"2021-08-17T13:26:46","date_gmt":"2021-08-17T13:26:46","guid":{"rendered":"https:\/\/www.rahnbodmer.ch\/?page_id=85"},"modified":"2023-11-01T08:17:05","modified_gmt":"2023-11-01T06:17:05","slug":"mandat-auftrag","status":"publish","type":"page","link":"https:\/\/www.rahnbodmer.ch\/de\/privatkunden\/mandat-auftrag","title":{"rendered":"Mandat Auftrag"},"content":{"rendered":"\n<h4 class=\"wp-block-heading\">Mandat Auftrag<\/h4>\n\n\n\n<h3 class=\"wp-block-heading\">Sie entscheiden, wir f\u00fchren aus<\/h3>\n\n\n\n<p>Das Mandat Auftrag (oft auch \u00abExecution only\u00bb genannt) beinhaltet unsere Basisdienstleistungen. Bei diesem Mandat erbringen wir keine Beratungsdienstleistungen. Hier liegt die gesamte Verantwortung f\u00fcr das Portfolio in Ihren H\u00e4nden. Wir \u00fcbernehmen f\u00fcr Sie den Handel und die Abwicklung aller Transaktionsarten sowie die Verwahrung Ihrer Verm\u00f6genswerte.<\/p>\n\n\n\n<p><br><\/p>\n\n\n\n<hr class=\"wp-block-separator has-css-opacity is-style-default\"\/>\n\n\n\n<p><br><\/p>\n\n\n\n<h3 class=\"wp-block-heading\">M\u00f6chten Sie mehr \u00fcber das Mandat Auftrag erfahren?<\/h3>\n\n\n\n\n<div id=\"page_link-block_a376e6f31c59ae7b80a30b31846de297\" class=\"page_link_ct\">\n\t<div class=\"page_link\"><strong><a href=\"https:\/\/www.rahnbodmer.ch\/de\/kontakt\">Kontakt<\/a><\/strong><\/div>\n<\/div>\n\n\n\n\n\n\n<div id=\"page_link-block_5e56141ae8755d29e9df293b15d383ec\" class=\"page_link_ct\">\n\t<div class=\"page_link\"><strong><a href=\"https:\/\/www.rahnbodmer.ch\/de\/privatkunden\/kundenberater-innen\">Unser Beratungsteam<\/a><\/strong><\/div>\n<\/div>\n\n\n","protected":false},"excerpt":{"rendered":"Mandat Auftrag Sie entscheiden, wir f\u00fchren aus Das Mandat Auftrag (oft auch \u00abExecution only\u00bb genannt) beinhaltet unsere Basisdienstleistungen. Bei diesem Mandat erbringen wir keine Beratungsdienstleistungen. Hier liegt die gesamte Verantwortung f\u00fcr das Portfolio in Ihren H\u00e4nden. Wir \u00fcbernehmen f\u00fcr Sie den Handel und die Abwicklung aller Transaktionsarten sowie die Verwahrung Ihrer Verm\u00f6genswerte. M\u00f6chten Sie mehr&#8230; <a class=\"view-article\" href=\"https:\/\/www.rahnbodmer.ch\/de\/privatkunden\/mandat-auftrag\">Artikel ansehen<\/a>","protected":false},"author":1,"featured_media":0,"parent":77,"menu_order":4,"comment_status":"closed","ping_status":"closed","template":"","meta":{"_acf_changed":false,"inline_featured_image":false,"footnotes":""},"class_list":["post-85","page","type-page","status-publish","hentry"],"acf":[],"_links":{"self":[{"href":"https:\/\/www.rahnbodmer.ch\/de\/wp-json\/wp\/v2\/pages\/85","targetHints":{"allow":["GET"]}}],"collection":[{"href":"https:\/\/www.rahnbodmer.ch\/de\/wp-json\/wp\/v2\/pages"}],"about":[{"href":"https:\/\/www.rahnbodmer.ch\/de\/wp-json\/wp\/v2\/types\/page"}],"author":[{"embeddable":true,"href":"https:\/\/www.rahnbodmer.ch\/de\/wp-json\/wp\/v2\/users\/1"}],"replies":[{"embeddable":true,"href":"https:\/\/www.rahnbodmer.ch\/de\/wp-json\/wp\/v2\/comments?post=85"}],"version-history":[{"count":10,"href":"https:\/\/www.rahnbodmer.ch\/de\/wp-json\/wp\/v2\/pages\/85\/revisions"}],"predecessor-version":[{"id":3364,"href":"https:\/\/www.rahnbodmer.ch\/de\/wp-json\/wp\/v2\/pages\/85\/revisions\/3364"}],"up":[{"embeddable":true,"href":"https:\/\/www.rahnbodmer.ch\/de\/wp-json\/wp\/v2\/pages\/77"}],"wp:attachment":[{"href":"https:\/\/www.rahnbodmer.ch\/de\/wp-json\/wp\/v2\/media?parent=85"}],"curies":[{"name":"wp","href":"https:\/\/api.w.org\/{rel}","templated":true}]}}