{"id":83,"date":"2021-08-17T13:26:19","date_gmt":"2021-08-17T13:26:19","guid":{"rendered":"https:\/\/www.rahnbodmer.ch\/?page_id=83"},"modified":"2024-02-08T11:10:16","modified_gmt":"2024-02-08T09:10:16","slug":"anlageberatung","status":"publish","type":"page","link":"https:\/\/www.rahnbodmer.ch\/de\/privatkunden\/anlageberatung","title":{"rendered":"Anlageberatung"},"content":{"rendered":"\n<h3 class=\"wp-block-heading\">Unsere Anlageberatung<\/h3>\n\n\n\n<div id=\"teasertext-block_f2bdd259434b594945631316386e94bd\" class=\"teasertext\">\n<p>Wenn Sie gerne selbst mitentscheiden, wie Sie Ihr Geld investieren, stehen Ihnen bei uns zwei Mandate zur Auswahl, die Sie unterschiedlich stark bei Ihren Entscheidungen unterst\u00fctzen. Beim Mandat Portfolioberatung d\u00fcrfen Sie darauf z\u00e4hlen, dass Ihnen unsere Expertinnen und Experten sorgf\u00e4ltig ausgesuchte Anlageempfehlungen geben, die strategisch in Ihr Portfolio passen. Beim Mandat Anlageberatung k\u00f6nnen Sie auf das Fachwissen und die Erfahrung unserer Expertinnen und Experten zur\u00fcckgreifen, wenn es um Entscheidungen auf Titelebene geht.<\/p>\n<\/div>\n\n\n<h4 class=\"wp-block-heading\" id=\"mandat_portfolioberatung\">Mandat Portfolioberatung<\/h4>\n\n\n\n<h3 class=\"wp-block-heading\">Wir stehen Ihnen beratend zur Seite<\/h3>\n\n\n\n<div id=\"mobilefold-block_90d3dc16a1dd40a35b94a9015047c9fd\" class=\"mobilefold\">\n<div class=\"mobilefold_inner\">\n<p>Diese Mandatsform ist f\u00fcr Anlegerinnen und Anleger geeignet, die ein Flair f\u00fcr Finanzen, M\u00e4rkte und Anlagem\u00f6glichkeiten haben, ihre Anlageentscheide selber treffen wollen und gleichzeitig zur Sicherheit eine beratende Unterst\u00fctzung sowie eine periodische \u00dcberpr\u00fcfung des Portfolios mit Bezug zur vereinbarten Anlagestrategie w\u00fcnschen. Ihre Kundenberaterin oder Ihr Kundenberater unterst\u00fctzt Sie unter Ber\u00fccksichtigung Ihrer gesamten finanziellen Situation im Rahmen Ihres Risikoprofils und der gemeinsam festgelegten Anlagestrategie mit generellen Markteinsch\u00e4tzungen, individuellen Anlagevorschl\u00e4gen und periodischem Reporting.<\/p>\n\t<\/div>\n<\/div>\n\t<div class=\"mob_p_btn\"><span class=\"mehr\">mehr anzeigen<\/span><span class=\"weniger\">weniger anzeigen<\/span><\/div>\n\n\n\n<p><br><\/p>\n\n\n\n<h4 class=\"wp-block-heading\" id=\"mandat_anlageberatung\">Mandat Anlageberatung<\/h4>\n\n\n\n<h3 class=\"wp-block-heading\">Sie d\u00fcrfen auf unsere Unterst\u00fctzung z\u00e4hlen<\/h3>\n\n\n\n<div id=\"mobilefold-block_006e447b2c3059ec794e0969aff3118e\" class=\"mobilefold\">\n<div class=\"mobilefold_inner\">\n<p>Sie sind es als Anlegerin oder Anleger gewohnt, Ihre Anlagestrategie selbst zu definieren und Anlageentscheide autonom zu treffen. Sie kennen die Risiken Ihrer Anlagestrategie sowie der Finanzinstrumente und entscheiden ohne unsere Unterst\u00fctzung \u00fcber die Zusammensetzung Ihres Portfolios. Eine periodische \u00dcberpr\u00fcfung Ihres Portfolios durch uns ist f\u00fcr Sie deshalb nicht n\u00f6tig. Ihre Kundenberaterin oder Ihr Kundenberater ber\u00e4t Sie bei Bedarf auf Stufe Einzelinvestitionen bei der Einsch\u00e4tzung von Wertschriften. Dabei wird kein Bezug zu Ihrem Portfolio genommen. Selbstverst\u00e4ndlich sind wir auch Ihr fachkundiger Ansprechpartner, wenn Sie eine Zweitmeinung zum aktuellen Geschehen an den Finanzm\u00e4rkten w\u00fcnschen oder die Wahl eines bestimmten Finanzinstruments besprechen m\u00f6chten.<\/p>\n\t<\/div>\n<\/div>\n\t<div class=\"mob_p_btn\"><span class=\"mehr\">mehr anzeigen<\/span><span class=\"weniger\">weniger anzeigen<\/span><\/div>\n\n\n\n<p><br><\/p>\n\n\n\n<hr class=\"wp-block-separator has-css-opacity is-style-default\"\/>\n\n\n\n<p><br><\/p>\n\n\n\n<h3 class=\"wp-block-heading\">W\u00fcnschen Sie eine pers\u00f6nliche Beratung?<\/h3>\n\n\n\n\n<div id=\"page_link-block_3d250c4d523ddb3e7ee5f9abe406a98d\" class=\"page_link_ct\">\n\t<div class=\"page_link\"><strong><a href=\"https:\/\/www.rahnbodmer.ch\/de\/kontakt\">Kontakt<\/a><\/strong><\/div>\n<\/div>\n\n\n\n\n\n\n<div id=\"page_link-block_edea2368eea438bbbf654ead0fb7c80c\" class=\"page_link_ct\">\n\t<div class=\"page_link\"><strong><a href=\"https:\/\/www.rahnbodmer.ch\/de\/privatkunden\/kundenberater-innen\">Unser Beratungsteam<\/a><\/strong><\/div>\n<\/div>\n\n\n","protected":false},"excerpt":{"rendered":"Unsere Anlageberatung Mandat Portfolioberatung Wir stehen Ihnen beratend zur Seite Mandat Anlageberatung Sie d\u00fcrfen auf unsere Unterst\u00fctzung z\u00e4hlen W\u00fcnschen Sie eine pers\u00f6nliche Beratung?","protected":false},"author":1,"featured_media":0,"parent":77,"menu_order":3,"comment_status":"closed","ping_status":"closed","template":"","meta":{"_acf_changed":false,"inline_featured_image":false,"footnotes":""},"class_list":["post-83","page","type-page","status-publish","hentry"],"acf":[],"_links":{"self":[{"href":"https:\/\/www.rahnbodmer.ch\/de\/wp-json\/wp\/v2\/pages\/83","targetHints":{"allow":["GET"]}}],"collection":[{"href":"https:\/\/www.rahnbodmer.ch\/de\/wp-json\/wp\/v2\/pages"}],"about":[{"href":"https:\/\/www.rahnbodmer.ch\/de\/wp-json\/wp\/v2\/types\/page"}],"author":[{"embeddable":true,"href":"https:\/\/www.rahnbodmer.ch\/de\/wp-json\/wp\/v2\/users\/1"}],"replies":[{"embeddable":true,"href":"https:\/\/www.rahnbodmer.ch\/de\/wp-json\/wp\/v2\/comments?post=83"}],"version-history":[{"count":17,"href":"https:\/\/www.rahnbodmer.ch\/de\/wp-json\/wp\/v2\/pages\/83\/revisions"}],"predecessor-version":[{"id":3497,"href":"https:\/\/www.rahnbodmer.ch\/de\/wp-json\/wp\/v2\/pages\/83\/revisions\/3497"}],"up":[{"embeddable":true,"href":"https:\/\/www.rahnbodmer.ch\/de\/wp-json\/wp\/v2\/pages\/77"}],"wp:attachment":[{"href":"https:\/\/www.rahnbodmer.ch\/de\/wp-json\/wp\/v2\/media?parent=83"}],"curies":[{"name":"wp","href":"https:\/\/api.w.org\/{rel}","templated":true}]}}