{"id":81,"date":"2021-08-17T13:25:55","date_gmt":"2021-08-17T13:25:55","guid":{"rendered":"https:\/\/www.rahnbodmer.ch\/?page_id=81"},"modified":"2025-10-07T15:26:34","modified_gmt":"2025-10-07T13:26:34","slug":"vermoegensverwaltung","status":"publish","type":"page","link":"https:\/\/www.rahnbodmer.ch\/de\/privatkunden\/vermoegensverwaltung","title":{"rendered":"Verm\u00f6gensverwaltung"},"content":{"rendered":"\n<h3 class=\"wp-block-heading\">Unsere Verm\u00f6gensverwaltung<\/h3>\n\n\n\n<div id=\"teasertext-block_9b4e965f950abf7ee1cba74ab1908292\" class=\"teasertext\">\n<p>Wenn Sie weder die Zeit noch das Interesse haben, die Entwicklung an den Finanzm\u00e4rkten permanent zu verfolgen, dann delegieren Sie die Anlageentscheide ganz einfach an unsere Expertinnen und Experten.<\/p>\n<\/div>\n\n\n<p id=\"zitat-block_a417c0b2900225d40a9c038c6ae9e765\" class=\"zitat\">\nWir k\u00fcmmern uns<br \/>\r\num Ihr Verm\u00f6gen, als w\u00e4re<br \/>\r\nes unser eigenes.<\/p>\n\n\n<p>Ganz gleich, f\u00fcr welches Mandat Sie sich entscheiden, Rahn+Bodmer Co. bietet Ihnen eine rundum professionelle und pers\u00f6nliche Betreuung. Wir erarbeiten gemeinsam mit Ihnen Ihr Risikoprofil und vereinbaren die pers\u00f6nliche Anlagestrategie. Wir verwalten Ihr Portfolio selbstst\u00e4ndig, umsichtig und effizient gem\u00e4ss Ihrer Anlagestrategie und entsprechend unserer Anlagephilosophie. Ihre Kundenberaterin oder Ihr Kundenberater h\u00e4lt Sie transparent \u00fcber die Entwicklung Ihres Verm\u00f6gens auf dem Laufenden und steht Ihnen auch jederzeit f\u00fcr Fragen zur Verf\u00fcgung. Sei es zum aktuellen Geschehen an den Finanzm\u00e4rkten, f\u00fcr eine Portfoliobesprechung oder in Bezug auf einzeln get\u00e4tigte Transaktionen.<\/p>\n\n\n\n<p><br><\/p>\n\n\n\n<h3 class=\"wp-block-heading\">Die Mandate in der \u00dcbersicht<\/h3>\n\n\n\n<p>Rahn+Bodmer Co. bietet Ihnen drei verschiedene Verm\u00f6gensverwaltungsmandate an. Neben Mandaten, die vollumf\u00e4nglich unserer Anlagephilosophie entsprechen, k\u00f6nnen Sie aus einer breiten Palette von Varianten ausw\u00e4hlen. Die auf Ihre pers\u00f6nlichen Bed\u00fcrfnisse zugeschnittene L\u00f6sung oder Kombination verschiedener L\u00f6sungen evaluieren Sie gemeinsam mit Ihrer Kundenberaterin oder Ihrem Kundenberater gem\u00e4ss einer Analyse Ihrer finanziellen Situation, Ihrer Ziele und Ihrer Risikobereitschaft.<\/p>\n\n\n\n<p><br><\/p>\n\n\n\n<h4 class=\"wp-block-heading\">Mandat OMNIA<\/h4>\n\n\n\n<div id=\"mobilefold-block_f963bd02a39ae95f2ec9589f406518cd\" class=\"mobilefold\">\n<div class=\"mobilefold_inner\">\n<p>Mit dieser umfassenden Anlagel\u00f6sung profitieren Sie von unserer jahrzehntelangen Anlagekompetenz und investieren entsprechend unserer Anlagephilosophie.<\/p>\n<p>Omnia bedeutet im Lateinischen vollst\u00e4ndig oder ganzheitlich. Und genau darauf ist unser klassisches Verm\u00f6gensverwaltungsmandat ausgerichtet. Mit OMNIA investieren Sie Ihr Verm\u00f6gen breit diversifiziert u\u0308ber diverse Anlagekategorien \u2013 auch international und global. Unsere langj\u00e4hrige nationale und internationale Investitionserfahrung wird mit Weitblick und innerhalb unserer Anlagephilosophie in diesem Mandatstyp umgesetzt.<\/p>\n<p><strong>OMNIA Plus<br \/>\n<\/strong>Gerne ber\u00fccksichtigen wir beim Mandat OMNIA Ihre klar definierten Anlagevorgaben. Diese individualisierte Veranlagung setzen wir im Mandat OMNIA Plus um. Bei gr\u00f6sseren Abweichungen kommt das Mandat INDIVIDUA zum Zug.<\/p>\n\t<\/div>\n<\/div>\n\t<div class=\"mob_p_btn\"><span class=\"mehr\">mehr anzeigen<\/span><span class=\"weniger\">weniger anzeigen<\/span><\/div>\n\n\n\n<p><br><\/p>\n\n\n\n<h4 class=\"wp-block-heading\" id=\"mandat-thema\">Mandat THEMA<\/h4>\n\n\n\n<div id=\"mobilefold-block_343e8e4c131c837326b365c0c525de60\" class=\"mobilefold\">\n<div class=\"mobilefold_inner\">\n<p>Mit dieser Mandatsl\u00f6sung investieren wir Ihre Verm\u00f6genswerte mit einem thematischen Schwerpunkt. Sie k\u00f6nnen aus folgenden f\u00fcnf Themenvarianten w\u00e4hlen:<\/p>\n<p><strong><br \/>\nTHEMA [Aktien Schweiz]<br \/>\n<\/strong>Wenn Sie von einem Heimvorteil profitieren m\u00f6chten, ist dieser Mandatstyp die richtige Wahl. Die Veranlagung wird in Schweizer Franken und vorwiegend in Schweizer Werte vorgenommen.<\/p>\n<p><strong><br \/>\nTHEMA [Aktien Schweiz ohne SMI]<br \/>\n<\/strong>Dieser Mandatstyp legt den Fokus auf Beteiligungspapiere von Unternehmen mit kleiner und mittlerer Kapitalisierung (Small- und Mid-Caps). Grosskapitalisierte SMI-Werte sind hier ausgeschlossen.<\/p>\n<p><strong><br \/>\nTHEMA [Dividenden]<br \/>\n<\/strong>Mit diesem Mandatstyp priorisieren wir Unternehmen mit einer hohen und stabilen Dividendenaussch\u00fcttung. Die Anlagen, die wir im Schweizer und im europ\u00e4ischen Markt t\u00e4tigen, sichern Ihnen \u00fcber die Zeit einen kontinuierlichen \u00abCashflow\u00bb.<\/p>\n<p><strong><br \/>\nTHEMA [Nachhaltigkeit]<br \/>\n<\/strong>Dieser Mandatstyp ist f\u00fcr Sie geeignet, wenn Sie neben den Renditechancen auch eine pers\u00f6nliche Pr\u00e4ferenz f\u00fcr einen Fokus auf nachhaltige Anlagen haben. Bei der Veranlagung werden ressourcen- und wirkungsorientierte Faktoren sowie ESG-Risiken speziell ber\u00fccksichtigt.<\/p>\n<p><strong><br \/>\nTHEMA [Alternativ]<br \/>\n<\/strong>Dieses Mandat ist die richtige Wahl, wenn Ihnen Transparenz, Verantwortung und Zukunftsorientierung wichtig sind. Sie investieren mit einem Fokus auf \u00f6kologische und soziale Aspekte sowie einen geringen Ressourcenausstoss.<\/p>\n<p><strong><br \/>\nTHEMA Plus<br \/>\n<\/strong>Gerne ber\u00fccksichtigen wir beim Mandat THEMA Ihre klar definierten Anlagevorgaben. Diese individualisierte Veranlagung setzen wir im Mandat THEMA Plus um. Bei gr\u00f6sseren Abweichungen kommt das Mandat INDIVIDUA zum Zug.<\/p>\n\t<\/div>\n<\/div>\n\t<div class=\"mob_p_btn\"><span class=\"mehr\">mehr anzeigen<\/span><span class=\"weniger\">weniger anzeigen<\/span><\/div>\n\n\n\n<p><br><\/p>\n\n\n\n<h4 class=\"wp-block-heading\">Mandat INDIVIDUA<\/h4>\n\n\n\n<div id=\"mobilefold-block_993c0f13a97be1ac4c46bec6480dc180\" class=\"mobilefold\">\n<div class=\"mobilefold_inner\">\n<p>Sie investieren nach klar definierten und individualisierten Anlagevorgaben und mit spezifischen Auspr\u00e4gungen.<\/p>\n<p><strong><br \/>\nINDIVIDUA [Customized]<br \/>\n<\/strong>Bei diesem Mandatstyp wird Ihr Verm\u00f6gen gem\u00e4ss separat definierten Anlagerichtlinien, Pr\u00e4ferenzen und Zusatzvereinbarung veranlagt. Innerhalb dieses Mandatstyps k\u00f6nnen Sie ebenso aus einer breiten Palette von spezifischen Auspr\u00e4gungen ausw\u00e4hlen, die Sie zudem mit individuellen Restriktionen an Ihre Bed\u00fcrfnisse anpassen.<\/p>\n<p><strong><br \/>\n<\/strong>INDIVIDUA bietet Ihnen zudem die M\u00f6glichkeit, in die folgende Anlagel\u00f6sung zu investieren:<\/p>\n<p><strong><br \/>\nINDIVIDUA [Immobilien]<br \/>\n<\/strong>Die Veranlagung erfolgt bei diesem Mandatstyp mit speziellem Fokus auf Immobilienfonds, die in der Schweiz investieren.<\/p>\n\t<\/div>\n<\/div>\n\t<div class=\"mob_p_btn\"><span class=\"mehr\">mehr anzeigen<\/span><span class=\"weniger\">weniger anzeigen<\/span><\/div>\n\n\n\n<p><br><\/p>\n\n\n\n<hr class=\"wp-block-separator has-css-opacity is-style-default\"\/>\n\n\n\n<p><br><\/p>\n\n\n\n<h3 class=\"wp-block-heading\">W\u00fcnschen Sie eine pers\u00f6nliche Beratung?<\/h3>\n\n\n\n\n<div id=\"page_link-block_487a08378fa725ad07c1d657fc86cda6\" class=\"page_link_ct\">\n\t<div class=\"page_link\"><strong><a href=\"https:\/\/www.rahnbodmer.ch\/de\/kontakt\">Kontakt<\/a><\/strong><\/div>\n<\/div>\n\n\n\n\n\n\n<div id=\"page_link-block_6559849d8cc0dd864fbe4443436a0268\" class=\"page_link_ct\">\n\t<div class=\"page_link\"><strong><a href=\"https:\/\/www.rahnbodmer.ch\/de\/privatkunden\/kundenberater-innen\">Unser Beratungsteam<\/a><\/strong><\/div>\n<\/div>\n\n\n","protected":false},"excerpt":{"rendered":"Unsere Verm\u00f6gensverwaltung Ganz gleich, f\u00fcr welches Mandat Sie sich entscheiden, Rahn+Bodmer Co. bietet Ihnen eine rundum professionelle und pers\u00f6nliche Betreuung. Wir erarbeiten gemeinsam mit Ihnen Ihr Risikoprofil und vereinbaren die pers\u00f6nliche Anlagestrategie. Wir verwalten Ihr Portfolio selbstst\u00e4ndig, umsichtig und effizient gem\u00e4ss Ihrer Anlagestrategie und entsprechend unserer Anlagephilosophie. Ihre Kundenberaterin oder Ihr Kundenberater h\u00e4lt Sie transparent&#8230; <a class=\"view-article\" href=\"https:\/\/www.rahnbodmer.ch\/de\/privatkunden\/vermoegensverwaltung\">Artikel ansehen<\/a>","protected":false},"author":1,"featured_media":0,"parent":77,"menu_order":2,"comment_status":"closed","ping_status":"closed","template":"","meta":{"_acf_changed":false,"inline_featured_image":false,"footnotes":""},"class_list":["post-81","page","type-page","status-publish","hentry"],"acf":[],"_links":{"self":[{"href":"https:\/\/www.rahnbodmer.ch\/de\/wp-json\/wp\/v2\/pages\/81","targetHints":{"allow":["GET"]}}],"collection":[{"href":"https:\/\/www.rahnbodmer.ch\/de\/wp-json\/wp\/v2\/pages"}],"about":[{"href":"https:\/\/www.rahnbodmer.ch\/de\/wp-json\/wp\/v2\/types\/page"}],"author":[{"embeddable":true,"href":"https:\/\/www.rahnbodmer.ch\/de\/wp-json\/wp\/v2\/users\/1"}],"replies":[{"embeddable":true,"href":"https:\/\/www.rahnbodmer.ch\/de\/wp-json\/wp\/v2\/comments?post=81"}],"version-history":[{"count":28,"href":"https:\/\/www.rahnbodmer.ch\/de\/wp-json\/wp\/v2\/pages\/81\/revisions"}],"predecessor-version":[{"id":4745,"href":"https:\/\/www.rahnbodmer.ch\/de\/wp-json\/wp\/v2\/pages\/81\/revisions\/4745"}],"up":[{"embeddable":true,"href":"https:\/\/www.rahnbodmer.ch\/de\/wp-json\/wp\/v2\/pages\/77"}],"wp:attachment":[{"href":"https:\/\/www.rahnbodmer.ch\/de\/wp-json\/wp\/v2\/media?parent=81"}],"curies":[{"name":"wp","href":"https:\/\/api.w.org\/{rel}","templated":true}]}}