{"id":79,"date":"2021-08-17T13:24:51","date_gmt":"2021-08-17T13:24:51","guid":{"rendered":"https:\/\/www.rahnbodmer.ch\/?page_id=79"},"modified":"2024-12-18T15:40:17","modified_gmt":"2024-12-18T13:40:17","slug":"beratungsphilosophie","status":"publish","type":"page","link":"https:\/\/www.rahnbodmer.ch\/de\/beratungsphilosophie","title":{"rendered":"Beratungsphilosophie"},"content":{"rendered":"\n<h3 class=\"wp-block-heading\">Unsere Beratungsphilosophie<\/h3>\n\n\n\n<div id=\"teasertext-block_a808635c700df118c71807e203a94dd3\" class=\"teasertext\">\n<p>Jede Kundenbeziehung ist pers\u00f6nlich, stellt andere Herausforderungen und erfordert individuelle L\u00f6sungen. Bei uns d\u00fcrfen Sie auf eine Beratung z\u00e4hlen, die sich mit unserem ganzen Wissen, all unserer Erfahrung und grossem Engagement daf\u00fcr einsetzt, Ihnen die Verwaltung Ihres Verm\u00f6gens sowie die Regelung Ihrer finanziellen Belange so einfach wie m\u00f6glich zu gestalten.<\/p>\n<\/div>\n\n\n<p id=\"zitat-block_6894ba7ccd6f3bb586c7abff57deee18\" class=\"zitat\">\nUnser Ziel ist es,<br \/>\r\nIhnen das Leben<br \/>\r\nzu vereinfachen.<\/p>\n\n\n<div id=\"mobilefold-block_7680bd7f04de1d83bfad6dc0c863cadf\" class=\"mobilefold\">\n<div class=\"mobilefold_inner\">\n<p><!-- wp:paragraph --><\/p>\n<p>Seit \u00fcber 270 Jahren begleiten wir Kundinnen und Kunden bei der Verwaltung ihres Verm\u00f6gens. Als \u00e4lteste Schweizer Privatbank orientieren wir uns an Werten, die keinen Moden unterworfen sind, sondern f\u00fcr uns weit \u00fcber den Quartals- oder Jahresabschluss hinaus G\u00fcltigkeit haben. Ein verantwortungsbewusster Umgang mit Geld ist f\u00fcr Rahn+Bodmer Co. selbstverst\u00e4ndlich. So steht bei uns nicht nur die Vermehrung, sondern auch die langfristige Erhaltung der uns anvertrauten Verm\u00f6gen im Fokus. F\u00fcr uns als Privatbankiers, die mit ihrem gesamten Privatverm\u00f6gen f\u00fcr das Unternehmen haften, bildet diese vorausschauende Haltung das Fundament unseres Denkens und Handelns. Wir handeln mit Bedacht und zukunftsorientiert.<\/p>\n<p>Rahn+Bodmer Co. stellt keine eigenen Fonds oder Produkte her. So verrechnen wir Ihnen keine versteckten Geb\u00fchren und beziehen keine Einnahmen von Drittorganisationen. Das garantiert Ihnen, dass Sie auf eine unabh\u00e4ngige und kundenorientierte Beratung z\u00e4hlen d\u00fcrfen, die auf Ihre Bed\u00fcrfnisse zugeschnitten ist. F\u00fcr Ihren Erfolg m\u00f6chten wir in unserer Arbeit nichts dem Zufall \u00fcberlassen, sondern basierend auf n\u00fcchterner Analyse eine Dienstleistung anbieten, die auf lange Sicht Fr\u00fcchte tr\u00e4gt.<\/p>\n<p><!-- \/wp:paragraph --><\/p>\n\t<\/div>\n<\/div>\n\t<div class=\"mob_p_btn\"><span class=\"mehr\">mehr anzeigen<\/span><span class=\"weniger\">weniger anzeigen<\/span><\/div>\n\n\n\n<p><br><\/p>\n\n\n\n<hr class=\"wp-block-separator has-css-opacity is-style-default\"\/>\n\n\n\n<p><br><\/p>\n\n\n\n<h3 class=\"wp-block-heading\">W\u00fcnschen Sie eine pers\u00f6nliche Beratung?<\/h3>\n\n\n\n\n<div id=\"page_link-block_93eacf9eb24b6266d364b241e472e6a7\" class=\"page_link_ct\">\n\t<div class=\"page_link\"><strong><a href=\"https:\/\/www.rahnbodmer.ch\/de\/kontakt\">Kontakt<\/a><\/strong><\/div>\n<\/div>\n\n\n\n\n\n\n<div id=\"page_link-block_91c56c8f936603f982725f60b7ea7a3f\" class=\"page_link_ct\">\n\t<div class=\"page_link\"><strong><a href=\"https:\/\/www.rahnbodmer.ch\/de\/privatkunden\/kundenberater-innen\">Unser Beratungsteam<\/a><\/strong><\/div>\n<\/div>\n\n\n","protected":false},"excerpt":{"rendered":"Unsere Beratungsphilosophie W\u00fcnschen Sie eine pers\u00f6nliche Beratung?","protected":false},"author":1,"featured_media":4096,"parent":0,"menu_order":1,"comment_status":"closed","ping_status":"closed","template":"","meta":{"_acf_changed":false,"inline_featured_image":false,"footnotes":""},"class_list":["post-79","page","type-page","status-publish","has-post-thumbnail","hentry"],"acf":[],"_links":{"self":[{"href":"https:\/\/www.rahnbodmer.ch\/de\/wp-json\/wp\/v2\/pages\/79","targetHints":{"allow":["GET"]}}],"collection":[{"href":"https:\/\/www.rahnbodmer.ch\/de\/wp-json\/wp\/v2\/pages"}],"about":[{"href":"https:\/\/www.rahnbodmer.ch\/de\/wp-json\/wp\/v2\/types\/page"}],"author":[{"embeddable":true,"href":"https:\/\/www.rahnbodmer.ch\/de\/wp-json\/wp\/v2\/users\/1"}],"replies":[{"embeddable":true,"href":"https:\/\/www.rahnbodmer.ch\/de\/wp-json\/wp\/v2\/comments?post=79"}],"version-history":[{"count":52,"href":"https:\/\/www.rahnbodmer.ch\/de\/wp-json\/wp\/v2\/pages\/79\/revisions"}],"predecessor-version":[{"id":3361,"href":"https:\/\/www.rahnbodmer.ch\/de\/wp-json\/wp\/v2\/pages\/79\/revisions\/3361"}],"wp:featuredmedia":[{"embeddable":true,"href":"https:\/\/www.rahnbodmer.ch\/de\/wp-json\/wp\/v2\/media\/4096"}],"wp:attachment":[{"href":"https:\/\/www.rahnbodmer.ch\/de\/wp-json\/wp\/v2\/media?parent=79"}],"curies":[{"name":"wp","href":"https:\/\/api.w.org\/{rel}","templated":true}]}}