{"id":729,"date":"2021-09-14T13:34:08","date_gmt":"2021-09-14T11:34:08","guid":{"rendered":"https:\/\/www.rahnbodmer.ch\/?page_id=729"},"modified":"2021-11-22T11:00:19","modified_gmt":"2021-11-22T09:00:19","slug":"kontakt","status":"publish","type":"page","link":"https:\/\/www.rahnbodmer.ch\/de\/kontakt","title":{"rendered":"Kontakt"},"content":{"rendered":"\n<h4 class=\"wp-block-heading\">Wie k\u00f6nnen wir Ihnen helfen?<\/h4>\n\n\n\n<h3 class=\"wp-block-heading\">Senden Sie uns eine Nachricht<\/h3>\n\n\n\n<p><br><\/p>\n\n\n\n<div class=\"wp-block-group article_item\"><div class=\"wp-block-group__inner-container is-layout-flow wp-block-group-is-layout-flow\">\n<div class=\"wpcf7 no-js\" id=\"wpcf7-f986-o1\" lang=\"de-DE\" dir=\"ltr\" data-wpcf7-id=\"986\">\n<div class=\"screen-reader-response\"><p role=\"status\" aria-live=\"polite\" aria-atomic=\"true\"><\/p> <ul><\/ul><\/div>\n<form action=\"\/de\/wp-json\/wp\/v2\/pages\/729#wpcf7-f986-o1\" method=\"post\" class=\"wpcf7-form init wpcf7-acceptance-as-validation\" aria-label=\"Kontaktformular\" novalidate=\"novalidate\" data-status=\"init\">\n<fieldset class=\"hidden-fields-container\"><input type=\"hidden\" name=\"_wpcf7\" value=\"986\" \/><input type=\"hidden\" name=\"_wpcf7_version\" value=\"6.1.5\" \/><input type=\"hidden\" name=\"_wpcf7_locale\" value=\"de_DE\" \/><input type=\"hidden\" name=\"_wpcf7_unit_tag\" value=\"wpcf7-f986-o1\" \/><input type=\"hidden\" name=\"_wpcf7_container_post\" value=\"0\" \/><input type=\"hidden\" name=\"_wpcf7_posted_data_hash\" value=\"\" \/><input type=\"hidden\" name=\"_wpcf7_recaptcha_response\" value=\"\" \/>\n<\/fieldset>\n<div class=\"kontakt_formular_wrapper\">\n\n<div class=\"kontakt_chapter chap1\">\n<strong>Zu welchem Thema m\u00f6chten Sie mehr wissen?<\/strong>\n<div class=\"kontakt_thema\">\n<span class=\"wpcf7-form-control-wrap\" data-name=\"Kontakt_Thema\"><span class=\"wpcf7-form-control wpcf7-checkbox\"><span class=\"wpcf7-list-item first\"><label><input type=\"checkbox\" name=\"Kontakt_Thema[]\" value=\"Verm\u00f6gensverwaltung\" \/><span class=\"wpcf7-list-item-label\">Verm\u00f6gensverwaltung<\/span><\/label><\/span><span class=\"wpcf7-list-item\"><label><input type=\"checkbox\" name=\"Kontakt_Thema[]\" value=\"Anlageberatung\" \/><span class=\"wpcf7-list-item-label\">Anlageberatung<\/span><\/label><\/span><span class=\"wpcf7-list-item\"><label><input type=\"checkbox\" name=\"Kontakt_Thema[]\" value=\"Nachlassplanung\" \/><span class=\"wpcf7-list-item-label\">Nachlassplanung<\/span><\/label><\/span><span class=\"wpcf7-list-item\"><label><input type=\"checkbox\" name=\"Kontakt_Thema[]\" value=\"Philanthropie\" \/><span class=\"wpcf7-list-item-label\">Philanthropie<\/span><\/label><\/span><span class=\"wpcf7-list-item\"><label><input type=\"checkbox\" name=\"Kontakt_Thema[]\" value=\"Steuerberatung\" \/><span class=\"wpcf7-list-item-label\">Steuerberatung<\/span><\/label><\/span><span class=\"wpcf7-list-item\"><label><input type=\"checkbox\" name=\"Kontakt_Thema[]\" value=\"Immobilien\" \/><span class=\"wpcf7-list-item-label\">Immobilien<\/span><\/label><\/span><span class=\"wpcf7-list-item\"><label><input type=\"checkbox\" name=\"Kontakt_Thema[]\" value=\"Familienunternehmen\" \/><span class=\"wpcf7-list-item-label\">Familienunternehmen<\/span><\/label><\/span><span class=\"wpcf7-list-item\"><label><input type=\"checkbox\" name=\"Kontakt_Thema[]\" value=\"Stiftungen\" \/><span class=\"wpcf7-list-item-label\">Stiftungen<\/span><\/label><\/span><span class=\"wpcf7-list-item\"><label><input type=\"checkbox\" name=\"Kontakt_Thema[]\" value=\"Nachhaltigkeit\" \/><span class=\"wpcf7-list-item-label\">Nachhaltigkeit<\/span><\/label><\/span><span class=\"wpcf7-list-item last\"><label><input type=\"checkbox\" name=\"Kontakt_Thema[]\" value=\"Allgemeine Anfrage\" \/><span class=\"wpcf7-list-item-label\">Allgemeine Anfrage<\/span><\/label><\/span><\/span><\/span>\n<\/div>\n<\/div>\n\n<div class=\"kontakt_chapter chap2\">\n<strong>Ihre Kontaktangaben<\/strong>\n<div class=\"kontakt_angaben\">\n<span class=\"kontakt_feld feld_voll\"><span class=\"inl_label\">Anrede*<\/span> <span class=\"wpcf7-form-control-wrap\" data-name=\"Anrede\"><span class=\"wpcf7-form-control wpcf7-checkbox wpcf7-validates-as-required wpcf7-exclusive-checkbox\"><span class=\"wpcf7-list-item first\"><label><input type=\"checkbox\" name=\"Anrede\" value=\"Frau\" \/><span class=\"wpcf7-list-item-label\">Frau<\/span><\/label><\/span><span class=\"wpcf7-list-item last\"><label><input type=\"checkbox\" name=\"Anrede\" value=\"Herr\" \/><span class=\"wpcf7-list-item-label\">Herr<\/span><\/label><\/span><\/span><\/span><\/span>\n<label class=\"kontakt_feld feld_halb\"><span class=\"inl_label\">Vorname*<\/span> <span class=\"wpcf7-form-control-wrap\" data-name=\"Vorname\"><input size=\"40\" maxlength=\"400\" class=\"wpcf7-form-control wpcf7-text wpcf7-validates-as-required\" aria-required=\"true\" aria-invalid=\"false\" value=\"\" type=\"text\" name=\"Vorname\" \/><\/span><\/label>\n<label class=\"kontakt_feld feld_halb\"><span class=\"inl_label\">Nachname*<\/span> <span class=\"wpcf7-form-control-wrap\" data-name=\"Nachname\"><input size=\"40\" maxlength=\"400\" class=\"wpcf7-form-control wpcf7-text wpcf7-validates-as-required\" aria-required=\"true\" aria-invalid=\"false\" value=\"\" type=\"text\" name=\"Nachname\" \/><\/span><\/label>\n<label class=\"kontakt_feld feld_voll\"><span class=\"inl_label\">Firma<\/span> <span class=\"wpcf7-form-control-wrap\" data-name=\"Firma\"><input size=\"40\" maxlength=\"400\" class=\"wpcf7-form-control wpcf7-text\" aria-invalid=\"false\" value=\"\" type=\"text\" name=\"Firma\" \/><\/span><\/label>\n<label class=\"kontakt_feld feld_voll\"><span class=\"inl_label\">Adresse*<\/span> <span class=\"wpcf7-form-control-wrap\" data-name=\"Adresse\"><input size=\"40\" maxlength=\"400\" class=\"wpcf7-form-control wpcf7-text wpcf7-validates-as-required\" aria-required=\"true\" aria-invalid=\"false\" value=\"\" type=\"text\" name=\"Adresse\" \/><\/span><\/label>\n<label class=\"kontakt_feld feld_halb\"><span class=\"inl_label\">PLZ\/Ort*<\/span> <span class=\"wpcf7-form-control-wrap\" data-name=\"PLZ_Ort\"><input size=\"40\" maxlength=\"400\" class=\"wpcf7-form-control wpcf7-text wpcf7-validates-as-required\" aria-required=\"true\" aria-invalid=\"false\" value=\"\" type=\"text\" name=\"PLZ_Ort\" \/><\/span><\/label>\n<label class=\"kontakt_feld feld_halb\"><span class=\"inl_label\">Domizil*<\/span> <span class=\"wpcf7-form-control-wrap\" data-name=\"Domizil\"><select class=\"wpcf7-form-control wpcf7-select\" aria-invalid=\"false\" name=\"Domizil\"><option value=\"Afghanistan\">Afghanistan<\/option><option value=\"\u00c4gypten\">\u00c4gypten<\/option><option value=\"Albanien\">Albanien<\/option><option value=\"Algerien\">Algerien<\/option><option value=\"Andorra\">Andorra<\/option><option value=\"Angola\">Angola<\/option><option value=\"Antarktis\">Antarktis<\/option><option value=\"Argentinien\">Argentinien<\/option><option value=\"Armenien\">Armenien<\/option><option value=\"Asabaidschan\">Asabaidschan<\/option><option value=\"\u00c4thopien\">\u00c4thopien<\/option><option value=\"Australien\">Australien<\/option><option value=\"Bahamas\">Bahamas<\/option><option value=\"Barbados\">Barbados<\/option><option value=\"Belarus\">Belarus<\/option><option value=\"Belgien\">Belgien<\/option><option value=\"Bermuda\">Bermuda<\/option><option value=\"Bolivien\">Bolivien<\/option><option value=\"Bosnien-Herzegowina\">Bosnien-Herzegowina<\/option><option value=\"Botswana\">Botswana<\/option><option value=\"Brasilien\">Brasilien<\/option><option value=\"British Indian Ocean Territory\">British Indian Ocean Territory<\/option><option value=\"Bulgarien\">Bulgarien<\/option><option value=\"Burundi\">Burundi<\/option><option value=\"Chile\">Chile<\/option><option value=\"China\">China<\/option><option value=\"Costa Rica\">Costa Rica<\/option><option value=\"D\u00e4nemark\">D\u00e4nemark<\/option><option value=\"Deutschland\">Deutschland<\/option><option value=\"Djibouti\">Djibouti<\/option><option value=\"Dominica\">Dominica<\/option><option value=\"DominikanischeRepublik\">DominikanischeRepublik<\/option><option value=\"Ecuador\">Ecuador<\/option><option value=\"El Salvador\">El Salvador<\/option><option value=\"Eritrea\">Eritrea<\/option><option value=\"Estland\">Estland<\/option><option value=\"Finland\">Finland<\/option><option value=\"Frankreich\">Frankreich<\/option><option value=\"Frankreich\">Frankreich<\/option><option value=\"Gabun\">Gabun<\/option><option value=\"Gambia\">Gambia<\/option><option value=\"Georgia\">Georgia<\/option><option value=\"Ghana\">Ghana<\/option><option value=\"Gibraltar\">Gibraltar<\/option><option value=\"Griechenland\">Griechenland<\/option><option value=\"Griechenland\">Griechenland<\/option><option value=\"Grossbritannien\">Grossbritannien<\/option><option value=\"Haiti\">Haiti<\/option><option value=\"Honduras\">Honduras<\/option><option value=\"Hongkong\">Hongkong<\/option><option value=\"Indien\">Indien<\/option><option value=\"Indonesien\">Indonesien<\/option><option value=\"Irak\">Irak<\/option><option value=\"Iran\">Iran<\/option><option value=\"Irland\">Irland<\/option><option value=\"Isand\">Isand<\/option><option value=\"Israel\">Israel<\/option><option value=\"Italien\">Italien<\/option><option value=\"Jamaica\">Jamaica<\/option><option value=\"Japan\">Japan<\/option><option value=\"Jordanien\">Jordanien<\/option><option value=\"Jugoslavien\">Jugoslavien<\/option><option value=\"Kambodscha\">Kambodscha<\/option><option value=\"Kamerun\">Kamerun<\/option><option value=\"Kanada\">Kanada<\/option><option value=\"Kasachstan\">Kasachstan<\/option><option value=\"Kenia\">Kenia<\/option><option value=\"Kirgistan\">Kirgistan<\/option><option value=\"Kiribati\">Kiribati<\/option><option value=\"Kolumbien\">Kolumbien<\/option><option value=\"Kongo\">Kongo<\/option><option value=\"Korea, Nord-\">Korea, Nord-<\/option><option value=\"Korea, S\u00fcd-\">Korea, S\u00fcd-<\/option><option value=\"Kroatien\">Kroatien<\/option><option value=\"Kuba\">Kuba<\/option><option value=\"Kuwait\">Kuwait<\/option><option value=\"Laos\">Laos<\/option><option value=\"Lettland\">Lettland<\/option><option value=\"Libanon\">Libanon<\/option><option value=\"Liberia\">Liberia<\/option><option value=\"Libyen\">Libyen<\/option><option value=\"Liechtenstein\">Liechtenstein<\/option><option value=\"Litauen\">Litauen<\/option><option value=\"Luxemburg\">Luxemburg<\/option><option value=\"Macau\">Macau<\/option><option value=\"Madagaskar\">Madagaskar<\/option><option value=\"Malawi\">Malawi<\/option><option value=\"Malaysia\">Malaysia<\/option><option value=\"Malediven\">Malediven<\/option><option value=\"Mali\">Mali<\/option><option value=\"Malta\">Malta<\/option><option value=\"Marocco\">Marocco<\/option><option value=\"Marshall Inseln\">Marshall Inseln<\/option><option value=\"Martinique\">Martinique<\/option><option value=\"Mauritanien\">Mauritanien<\/option><option value=\"Mauritius\">Mauritius<\/option><option value=\"Mayotte\">Mayotte<\/option><option value=\"Mazedonien\">Mazedonien<\/option><option value=\"Mexico\">Mexico<\/option><option value=\"Micronesien\">Micronesien<\/option><option value=\"Moldovien\">Moldovien<\/option><option value=\"Monaco\">Monaco<\/option><option value=\"Mongolei\">Mongolei<\/option><option value=\"Montserrat\">Montserrat<\/option><option value=\"Mozambique\">Mozambique<\/option><option value=\"Myanmar\">Myanmar<\/option><option value=\"Namibia\">Namibia<\/option><option value=\"Nauru\">Nauru<\/option><option value=\"Nepal\">Nepal<\/option><option value=\"Neu Kaledonien\">Neu Kaledonien<\/option><option value=\"Neuseeland\">Neuseeland<\/option><option value=\"Nicaragua\">Nicaragua<\/option><option value=\"Niederlande\">Niederlande<\/option><option value=\"Niederl\u00e4ndische Antillen\">Niederl\u00e4ndische Antillen<\/option><option value=\"Niger\">Niger<\/option><option value=\"Nigeria\">Nigeria<\/option><option value=\"Niue\">Niue<\/option><option value=\"Nordmarianen\">Nordmarianen<\/option><option value=\"Norfolk Inseln\">Norfolk Inseln<\/option><option value=\"Norwegen\">Norwegen<\/option><option value=\"Oman\">Oman<\/option><option value=\"\u00d6sterreich\">\u00d6sterreich<\/option><option value=\"Pakistan\">Pakistan<\/option><option value=\"Palau\">Palau<\/option><option value=\"Panama\">Panama<\/option><option value=\"Papua Neu Guinea\">Papua Neu Guinea<\/option><option value=\"Paraguay\">Paraguay<\/option><option value=\"Peru\">Peru<\/option><option value=\"Philippinen\">Philippinen<\/option><option value=\"Pitcairn\">Pitcairn<\/option><option value=\"Polen\">Polen<\/option><option value=\"Portugal\">Portugal<\/option><option value=\"Puerto Rico\">Puerto Rico<\/option><option value=\"Qatar\">Qatar<\/option><option value=\"Reunion\">Reunion<\/option><option value=\"Ruanda\">Ruanda<\/option><option value=\"Rum\u00e4nien\">Rum\u00e4nien<\/option><option value=\"Russland\">Russland<\/option><option value=\"Saint Kitts und Nevis\">Saint Kitts und Nevis<\/option><option value=\"Saint Lucia\">Saint Lucia<\/option><option value=\"Saint Vincent und die Grenadinen\">Saint Vincent und die Grenadinen<\/option><option value=\"Samoa\">Samoa<\/option><option value=\"San Marino\">San Marino<\/option><option value=\"Saudiarabien\">Saudiarabien<\/option><option value=\"Schweden\">Schweden<\/option><option value=\"Schweiz\" selected=\"selected\">Schweiz<\/option><option value=\"Senegal\">Senegal<\/option><option value=\"Seychellen\">Seychellen<\/option><option value=\"Sierra Leone\">Sierra Leone<\/option><option value=\"Singapur\">Singapur<\/option><option value=\"Slovakai\">Slovakai<\/option><option value=\"Slovenien\">Slovenien<\/option><option value=\"Solomon Inseln\">Solomon Inseln<\/option><option value=\"Somalia\">Somalia<\/option><option value=\"Spanien\">Spanien<\/option><option value=\"Sri Lanka\">Sri Lanka<\/option><option value=\"St. Helena\">St. Helena<\/option><option value=\"St. Pierre und Miquelon\">St. Pierre und Miquelon<\/option><option value=\"S\u00fcd Georgia und die S\u00fcd-Sandwich-Inseln\">S\u00fcd Georgia und die S\u00fcd-Sandwich-Inseln<\/option><option value=\"S\u00fcdafrika\">S\u00fcdafrika<\/option><option value=\"Sudan\">Sudan<\/option><option value=\"Surinam\">Surinam<\/option><option value=\"Svalbard und Jan Mayen Inseln\">Svalbard und Jan Mayen Inseln<\/option><option value=\"Swaziland\">Swaziland<\/option><option value=\"Syrien\">Syrien<\/option><option value=\"Tadschikistan\">Tadschikistan<\/option><option value=\"Taiwan\">Taiwan<\/option><option value=\"Tansania\">Tansania<\/option><option value=\"Thailand\">Thailand<\/option><option value=\"Togo\">Togo<\/option><option value=\"Tokelau\">Tokelau<\/option><option value=\"Tonga\">Tonga<\/option><option value=\"Trinidad und Tobago\">Trinidad und Tobago<\/option><option value=\"Tschad\">Tschad<\/option><option value=\"Tschechische Republik\">Tschechische Republik<\/option><option value=\"Tunesien\">Tunesien<\/option><option value=\"T\u00fcrkei\">T\u00fcrkei<\/option><option value=\"Turkmenistan\">Turkmenistan<\/option><option value=\"Turks und Caicos Islands\">Turks und Caicos Islands<\/option><option value=\"Tuvalu\">Tuvalu<\/option><option value=\"Uganda\">Uganda<\/option><option value=\"Ukraine\">Ukraine<\/option><option value=\"Ungarn\">Ungarn<\/option><option value=\"United States Minor Outlying Islands\">United States Minor Outlying Islands<\/option><option value=\"Uruguay\">Uruguay<\/option><option value=\"Uzbekistan\">Uzbekistan<\/option><option value=\"Vanuatu\">Vanuatu<\/option><option value=\"Vatikan\">Vatikan<\/option><option value=\"Venezuela\">Venezuela<\/option><option value=\"Vereinigte Arabische Emirate\">Vereinigte Arabische Emirate<\/option><option value=\"Vereinigte Staaten von Amerika\">Vereinigte Staaten von Amerika<\/option><option value=\"Vietnam\">Vietnam<\/option><option value=\"Virgin Islands (GB)\">Virgin Islands (GB)<\/option><option value=\"Virgin Islands (U.S.)\">Virgin Islands (U.S.)<\/option><option value=\"Wallisw und Futuna Inseln\">Wallisw und Futuna Inseln<\/option><option value=\"West-Sahara\">West-Sahara<\/option><option value=\"Yemen\">Yemen<\/option><option value=\"Zaire\">Zaire<\/option><option value=\"Zambia\">Zambia<\/option><option value=\"Zentralafrikanische Republik\">Zentralafrikanische Republik<\/option><option value=\"Zimbabwe\">Zimbabwe<\/option><option value=\"Zypern\">Zypern<\/option><\/select><\/span><\/label>\n<label class=\"kontakt_feld feld_halb\"><span class=\"inl_label\">E-Mail*<\/span> <span class=\"wpcf7-form-control-wrap\" data-name=\"Email\"><input size=\"40\" maxlength=\"400\" class=\"wpcf7-form-control wpcf7-email wpcf7-validates-as-required wpcf7-text wpcf7-validates-as-email\" aria-required=\"true\" aria-invalid=\"false\" value=\"\" type=\"email\" name=\"Email\" \/><\/span><\/label>\n<label class=\"kontakt_feld feld_halb\"><span class=\"inl_label\">Telefon*<\/span> <span class=\"wpcf7-form-control-wrap\" data-name=\"Telefon\"><input size=\"40\" maxlength=\"400\" class=\"wpcf7-form-control wpcf7-text wpcf7-validates-as-required\" aria-required=\"true\" aria-invalid=\"false\" value=\"\" type=\"text\" name=\"Telefon\" \/><\/span><\/label>\n\n<label class=\"kontakt_feld feld_voll feld_nachricht\"><span class=\"inl_label\">Ihre Nachricht*<\/span> <span class=\"wpcf7-form-control-wrap\" data-name=\"Ihre_Nachricht\"><textarea cols=\"40\" rows=\"10\" maxlength=\"2000\" class=\"wpcf7-form-control wpcf7-textarea wpcf7-validates-as-required\" aria-required=\"true\" aria-invalid=\"false\" name=\"Ihre_Nachricht\"><\/textarea><\/span><\/label>\n<span class=\"kontakt_feld feld_voll\"><span class=\"wpcf7-form-control-wrap\" data-name=\"Nutzungsbedingungen\"><span class=\"wpcf7-form-control wpcf7-acceptance\"><span class=\"wpcf7-list-item\"><label><input type=\"checkbox\" name=\"Nutzungsbedingungen\" value=\"1\" aria-invalid=\"false\" \/><span class=\"wpcf7-list-item-label\"><span class=\"acceptance_text\">Ich habe die <a href=\"\/de\/nutzungsbedingungen\/\" target=\"_blank\">Nutzungsbedingungen<\/a> und die <a href=\"\/de\/datenschutz\/\" target=\"_blank\">Erkl\u00e4rungen zum Datenschutz<\/a> gelesen und erkl\u00e4re mich damit einverstanden.*<\/span><\/span><\/label><\/span><\/span><\/span><\/span>\n\n\n<div class=\"formular_senden_wrapper\">\n<span><div class=\"wpcf7-response-output\" aria-hidden=\"true\"><\/div><\/span>\n<span class=\"txt_pflichtfelder\">* Pflichtfelder<\/span>\n<span class=\"kontakt_feld feld_voll feld_senden\"><span class=\"submit_wrapper\"><input class=\"wpcf7-form-control wpcf7-submit has-spinner\" type=\"submit\" value=\"Senden\" \/><\/span><\/span>\n<\/div>\n\n\n<\/div>\n\n\n<\/div>\n\n<\/div>\n<\/form>\n<\/div>\n\n<\/div><\/div>\n\n\n\n<p><br><br><\/p>\n\n\n\n<hr class=\"wp-block-separator\"\/>\n\n\n\n<p><br><\/p>\n\n\n\n<div class=\"wp-block-columns article_item kontakt_einzug is-layout-flex wp-container-core-columns-is-layout-9d6595d7 wp-block-columns-is-layout-flex\">\n<div class=\"wp-block-column is-layout-flow wp-block-column-is-layout-flow\">\n<h3 class=\"has-text-align-left wp-block-heading\">Allgemeiner Kontakt<\/h3>\n\n\n\n<p>Rahn+Bodmer Co. <br>M\u00fcnstergasse 2 <br>8021 Z\u00fcrich <br>Tel. +41 44 639 11 11<\/p>\n<\/div>\n\n\n\n<div class=\"wp-block-column is-layout-flow wp-block-column-is-layout-flow\">\n<h3 class=\"has-text-align-left wp-block-heading\">Unser Standort<\/h3>\n\n\n\n<p><a href=\"https:\/\/goo.gl\/maps\/jRctXPaR7jFvzqLW7\" target=\"_blank\" data-type=\"URL\" data-id=\"https:\/\/goo.gl\/maps\/jRctXPaR7jFvzqLW7\" rel=\"noreferrer noopener nofollow\">Google Maps<\/a><\/p>\n<\/div>\n<\/div>\n\n\n\n<p><\/p>\n","protected":false},"excerpt":{"rendered":"Wie k\u00f6nnen wir Ihnen helfen? Senden Sie uns eine Nachricht Allgemeiner Kontakt Rahn+Bodmer Co. M\u00fcnstergasse 2 8021 Z\u00fcrich Tel. +41 44 639 11 11 Unser Standort Google Maps","protected":false},"author":1,"featured_media":765,"parent":0,"menu_order":0,"comment_status":"closed","ping_status":"closed","template":"","meta":{"_acf_changed":false,"inline_featured_image":false,"footnotes":""},"class_list":["post-729","page","type-page","status-publish","has-post-thumbnail","hentry"],"acf":[],"_links":{"self":[{"href":"https:\/\/www.rahnbodmer.ch\/de\/wp-json\/wp\/v2\/pages\/729","targetHints":{"allow":["GET"]}}],"collection":[{"href":"https:\/\/www.rahnbodmer.ch\/de\/wp-json\/wp\/v2\/pages"}],"about":[{"href":"https:\/\/www.rahnbodmer.ch\/de\/wp-json\/wp\/v2\/types\/page"}],"author":[{"embeddable":true,"href":"https:\/\/www.rahnbodmer.ch\/de\/wp-json\/wp\/v2\/users\/1"}],"replies":[{"embeddable":true,"href":"https:\/\/www.rahnbodmer.ch\/de\/wp-json\/wp\/v2\/comments?post=729"}],"version-history":[{"count":18,"href":"https:\/\/www.rahnbodmer.ch\/de\/wp-json\/wp\/v2\/pages\/729\/revisions"}],"predecessor-version":[{"id":2147,"href":"https:\/\/www.rahnbodmer.ch\/de\/wp-json\/wp\/v2\/pages\/729\/revisions\/2147"}],"wp:featuredmedia":[{"embeddable":true,"href":"https:\/\/www.rahnbodmer.ch\/de\/wp-json\/wp\/v2\/media\/765"}],"wp:attachment":[{"href":"https:\/\/www.rahnbodmer.ch\/de\/wp-json\/wp\/v2\/media?parent=729"}],"curies":[{"name":"wp","href":"https:\/\/api.w.org\/{rel}","templated":true}]}}