{"id":67,"date":"2021-08-17T12:22:16","date_gmt":"2021-08-17T12:22:16","guid":{"rendered":"https:\/\/www.rahnbodmer.ch\/?page_id=67"},"modified":"2026-03-26T16:27:17","modified_gmt":"2026-03-26T14:27:17","slug":"startseite","status":"publish","type":"page","link":"https:\/\/www.rahnbodmer.ch\/de","title":{"rendered":"Startseite"},"content":{"rendered":"\n\n<div id=\"teaserblock-block_b1e35a1d97e74be71fb1d176b23cffd1\" class=\"teaserblock bild_links bereich_allgemein farben_normal ab now1776563142\">\n\t\t <div class=\"teaserblock_box box1\">\n\t\t <div class=\"teaserblock_content_wrapper\">\n\t\t <div class=\"teaserblock_text_wrapper\">\n\t\t\t  <h2>Portr\u00e4t<\/h2>\n\t\t\t  <h3>Made in Zurich.<\/div><span class=\"teaserblock_text\">Erfahren Sie im Beitrag von TeleZ\u00fcri mehr \u00fcber die Werte, Geschichte und Zukunft der <br class=\"desktop_only\" \/>\u00e4ltesten Privatbank der Schweiz.  Schon immer in Z\u00fcrich beheimatet, wird sie noch <br class=\"desktop_only\" \/>heute von ihren Inhabern gef\u00fchrt, teilweise bereits in der 5. Generation.<\/span><div><\/h3>\n\t\t <\/div>\n\t\t <div class=\"teaserblock_link_wrapper\">\n\t\t \n\t\t\t <span class=\"teaserblock_text\"><\/span>\n\t\t\t \t\t\t \n\t\t <\/div>\n\t\t <\/div>\n\t<\/div>\n\t\t<div class=\"teaserblock_box box2 teaserblock_vid\" style=\"background-image: url(https:\/\/www.rahnbodmer.ch\/wp-content\/uploads\/2026\/03\/videoyoutube_V_2BtAyPFoQ.jpg);\">\n\t\t<div class=\"tb_play_ct\"><\/div>\n\t\t<div class=\"tb_vid_wrapper\" data-vid=\"V_2BtAyPFoQ\">\n\t\t\t<div class=\"tb_vid_inner\">\n\t\t\t\t<div class=\"tb_vid\">\n\t\t\t\t<img decoding=\"async\" class=\"tb_vid_ratio\" src=\"\/wp-content\/uploads\/2021\/10\/rb_vid_ratio.png\" \/>\t\t\t\t\n\t\t\t<iframe src=\"\" title=\"YouTube video player\" frameborder=\"0\" allow=\"accelerometer; autoplay; clipboard-write; encrypted-media; gyroscope; picture-in-picture\" allowtransparency=\"true\" allowfullscreen><\/iframe>\n\t\t\t\t<\/div>\n\t\t\t<\/div>\n\t\t\t<\/div>\n\t<\/div>\n\t\t<\/div>\n\n\n\n\n\n\n<div id=\"teaserblock-block_c6ddc77c27d2e30d18c5efb2787c1540\" class=\"teaserblock bild_rechts bereich_allgemein farben_normal ab now1776563142\">\n\t\t <div class=\"teaserblock_box box1\">\n\t\t <div class=\"teaserblock_content_wrapper\">\n\t\t <div class=\"teaserblock_text_wrapper\">\n\t\t\t  <h2>Neuer Partner<\/h2>\n\t\t\t  <h3>Bereit f\u00fcr die Zukunft.<\/div><span class=\"teaserblock_text\">Mit Simon Rahn tritt ab 1. Januar 2026 erstmals ein Vertreter der f\u00fcnften <br class=\"desktop_only\" \/>Generation der Familie Rahn dem Partnergremium bei. Er wird die Zukunft <br class=\"desktop_only\" \/>der Bank mitgestalten und zugleich ihre Tradition weiterf\u00fchren \u2013 als Garant <br class=\"desktop_only\" \/>von Kontinuit\u00e4t und Best\u00e4ndigkeit.<\/span><div><\/h3>\n\t\t <\/div>\n\t\t <div class=\"teaserblock_link_wrapper\">\n\t\t\t\t <span class=\"teaserblock_link\"><strong><a href=\"\/de\/partner\/#simon-rahn\">Mehr \u00fcber Simon Rahn<\/a><\/strong><\/span>\n\t\t\t \t\t\t \n\t\t <\/div>\n\t\t <\/div>\n\t<\/div>\n\t\t<div class=\"teaserblock_box box2\" style=\"background-image: url(https:\/\/www.rahnbodmer.ch\/wp-content\/uploads\/2025\/12\/RB_Neuer_Partner_2512.jpg);\"><\/div>\t\n\t\t<\/div>\n\n\n\n\n\n\n<div id=\"teaserblock-block_c904d07eb7a177dbfb756876c9ae57eb\" class=\"teaserblock bild_links bereich_allgemein farben_normal ab now1776563142\">\n\t\t <div class=\"teaserblock_box box1\">\n\t\t <div class=\"teaserblock_content_wrapper\">\n\t\t <div class=\"teaserblock_text_wrapper\">\n\t\t\t  <h2>Presseartikel<\/h2>\n\t\t\t  <h3>Tradition trifft Moderne.<\/div><span class=\"teaserblock_text\">Der j\u00fcngste Partner der \u00e4ltesten Privatbank der Schweiz im Gespr\u00e4ch mit einem Finfluencer: \u00dcber gemeinsame Werte, unterschiedliche Perspektiven und die Begeisterung f\u00fcr Finanzthemen.<\/span><div><\/h3>\n\t\t <\/div>\n\t\t <div class=\"teaserblock_link_wrapper\">\n\t\t\t\t <span class=\"teaserblock_link\"><strong><a href=\"https:\/\/www.rahnbodmer.ch\/wp-content\/uploads\/2025\/06\/2025-06-Handelszeitung-Finfluencer-trifft-Bankier-Jay-Bidermann.pdf\" target=\"_blank\">Zum Interview in der Handelszeitung<\/a><\/strong><\/span>\n\t\t\t \t\t\t \n\t\t <\/div>\n\t\t <\/div>\n\t<\/div>\n\t\t<div class=\"teaserblock_box box2\" style=\"background-image: url(https:\/\/www.rahnbodmer.ch\/wp-content\/uploads\/2023\/02\/RB_Next_Generation_2302.jpg);\"><\/div>\t\n\t\t<\/div>\n\n\n\n\n\n\n<div id=\"teaserblock-block_cbc88824bd28bcc1a68c60ee678acca7\" class=\"teaserblock bild_rechts bereich_allgemein farben_normal ab now1776563142\">\n\t\t <div class=\"teaserblock_box box1\">\n\t\t <div class=\"teaserblock_content_wrapper\">\n\t\t <div class=\"teaserblock_text_wrapper\">\n\t\t\t  <h2>Auszeichnung<\/h2>\n\t\t\t  <h3>Christian Rahn erh\u00e4lt den Ehrendoktor der Medizinischen Fakult\u00e4t der Universit\u00e4t Z\u00fcrich.<\/h3>\n\t\t <\/div>\n\t\t <div class=\"teaserblock_link_wrapper\">\n\t\t \n\t\t\t <span class=\"teaserblock_text\">Christian Rahn setzt sich seit vielen Jahren gezielt f\u00fcr die Unterst\u00fctzung wissenschaftlicher Projekte ein. Mit der Auszeichnung ehrt die Universit\u00e4t nicht nur sein pers\u00f6nliches Engagement, sondern auch die F\u00f6rderung der Wissenschaft durch die Privatbank Rahn+Bodmer Co. Mehr dazu im Video.<\/span>\n\t\t\t \t\t\t \n\t\t <\/div>\n\t\t <\/div>\n\t<\/div>\n\t\t<div class=\"teaserblock_box box2 teaserblock_vid\" style=\"background-image: url(https:\/\/www.rahnbodmer.ch\/wp-content\/uploads\/2025\/05\/videoyoutube_0F2mba3YQFE.jpg);\">\n\t\t<div class=\"tb_play_ct\"><\/div>\n\t\t<div class=\"tb_vid_wrapper\" data-vid=\"0F2mba3YQFE\">\n\t\t\t<div class=\"tb_vid_inner\">\n\t\t\t\t<div class=\"tb_vid\">\n\t\t\t\t<img decoding=\"async\" class=\"tb_vid_ratio\" src=\"\/wp-content\/uploads\/2021\/10\/rb_vid_ratio.png\" \/>\t\t\t\t\n\t\t\t<iframe src=\"\" title=\"YouTube video player\" frameborder=\"0\" allow=\"accelerometer; autoplay; clipboard-write; encrypted-media; gyroscope; picture-in-picture\" allowtransparency=\"true\" allowfullscreen><\/iframe>\n\t\t\t\t<\/div>\n\t\t\t<\/div>\n\t\t\t<\/div>\n\t<\/div>\n\t\t<\/div>\n\n\n\n\n\n\n<div id=\"teaserblock-block_501d4ebbb72a9e80c95f418cf6d4633d\" class=\"teaserblock newsbox_jub275 bild_links bereich_allgemein farben_normal ab now1776563142\">\n\t\t <div class=\"teaserblock_box box1\">\n\t\t <div class=\"teaserblock_content_wrapper\">\n\t\t <div class=\"teaserblock_text_wrapper\">\n\t\t\t  <h2>275 Jahre Verantwortung<\/h2>\n\t\t\t  <h3>Werte, die bleiben.<\/div><span class=\"teaserblock_text\">In der Rubrik \u00abWirtschaft und Erfolg\u00bb der Weltwoche spricht Simon Rahn \u00fcber 275 Jahre Bankgeschichte, Stabilit\u00e4t in bewegten Zeiten und die Zukunft des Schweizer Bankenplatzes.<\/span><div><\/h3>\n\t\t <\/div>\n\t\t <div class=\"teaserblock_link_wrapper\">\n\t\t\t\t <span class=\"teaserblock_link\"><strong><a href=\"https:\/\/www.rahnbodmer.ch\/wp-content\/uploads\/2025\/05\/Weltwoche-Simon-Rahn.pdf\" target=\"_blank\">Interview lesen<\/a><\/strong><\/span>\n\t\t\t \t\t\t \n\t\t <\/div>\n\t\t <\/div>\n\t<\/div>\n\t\t<div class=\"teaserblock_box box2\" style=\"background-image: url(https:\/\/www.rahnbodmer.ch\/wp-content\/uploads\/2025\/05\/Newsbox-Grossmuenster.jpg);\"><\/div>\t\n\t\t<\/div>\n\n\n\n\n\n\n<div id=\"teaserblock-block_b225265799d52cd9f01f4f69f0cba316\" class=\"teaserblock newsbox_jub275 bild_rechts bereich_allgemein farben_normal ab1738216800 now1776563142\">\n\t\t <div class=\"teaserblock_box box1\">\n\t\t <div class=\"teaserblock_content_wrapper\">\n\t\t <div class=\"teaserblock_text_wrapper\">\n\t\t\t  <h2>Jubil\u00e4umspartnerschaft<\/h2>\n\t\t\t  <h3>Rahn+Bodmer Co. f\u00f6rdert wegweisende medizinische Innovation.<\/div><span class=\"teaserblock_text\">Anl\u00e4sslich ihres 275-Jahr- Jubil\u00e4ums unterst\u00fctzt Rahn+Bodmer Co. die USZ Foundation mit insgesamt CHF 1.375 Millionen und unterstreicht damit ihr Engagement f\u00fcr gesellschaftliche und wissenschaftliche Anliegen.<\/span><div><\/h3>\n\t\t <\/div>\n\t\t <div class=\"teaserblock_link_wrapper\">\n\t\t\t\t <span class=\"teaserblock_link\"><strong><a href=\"https:\/\/www.rahnbodmer.ch\/wp-content\/uploads\/2025\/01\/Medienmitteilung-USZ-Foundation-RahnBodmer-Co.pdf\" target=\"_blank\">Medienmitteilung lesen<\/a><\/strong><\/span>\n\t\t\t \t\t\t \n\t\t <\/div>\n\t\t <\/div>\n\t<\/div>\n\t\t<div class=\"teaserblock_box box2\" style=\"background-image: url(https:\/\/www.rahnbodmer.ch\/wp-content\/uploads\/2025\/01\/Bild-Newsbox-USZ-Foundation.jpg);\"><\/div>\t\n\t\t<\/div>\n\n\n\n\n\n\n<div id=\"teaserblock-block_ff677cf83b91b879c3ed72e7a157590a\" class=\"teaserblock bild_links bereich_allgemein farben_normal ab now1776563142\">\n\t\t <div class=\"teaserblock_box box1\">\n\t\t <div class=\"teaserblock_content_wrapper\">\n\t\t <div class=\"teaserblock_text_wrapper\">\n\t\t\t  <h2>Neuer Firmensitz<\/h2>\n\t\t\t  <h3>Nach 88 Jahren ziehen wir um an die <span>M\u00fcnstergasse 2. <\/span><br class='desktop_only' \/> Hier der Kurzfilm dazu.<\/h3>\n\t\t <\/div>\n\t\t <div class=\"teaserblock_link_wrapper\">\n\t\t \n\t\t\t <span class=\"teaserblock_text\">Wir haben unseren Umzug filmisch in Szene gesetzt. <br class=\"desktop_only\" \/> Viel Spass beim Ansehen und Teilen.<\/span>\n\t\t\t \t\t\t \n\t\t <\/div>\n\t\t <\/div>\n\t<\/div>\n\t\t<div class=\"teaserblock_box box2 teaserblock_vid\" style=\"background-image: url(https:\/\/www.rahnbodmer.ch\/wp-content\/uploads\/2021\/10\/videoyoutube_QVT3LOdo38o.jpg);\">\n\t\t<div class=\"tb_play_ct\"><\/div>\n\t\t<div class=\"tb_vid_wrapper\" data-vid=\"QVT3LOdo38o\">\n\t\t\t<div class=\"tb_vid_inner\">\n\t\t\t\t<div class=\"tb_vid\">\n\t\t\t\t<img decoding=\"async\" class=\"tb_vid_ratio\" src=\"\/wp-content\/uploads\/2021\/10\/rb_vid_ratio.png\" \/>\t\t\t\t\n\t\t\t<iframe src=\"\" title=\"YouTube video player\" frameborder=\"0\" allow=\"accelerometer; autoplay; clipboard-write; encrypted-media; gyroscope; picture-in-picture\" allowtransparency=\"true\" allowfullscreen><\/iframe>\n\t\t\t\t<\/div>\n\t\t\t<\/div>\n\t\t\t<\/div>\n\t<\/div>\n\t\t<\/div>\n\n\n\n\n\n\n<div id=\"teaserblock-block_6dff05252c6724260e5bc8f098660a54\" class=\"teaserblock bild_ohne bereich_privatkunden farben_normal ab now1776563142\">\n\t  <div class=\"teaserblock_box box1\">\n\t  <h2>Verm\u00f6gensverwaltung<\/h2>\n\t  <h3>W\u00fcnschen Sie eine ganzheitliche, individuelle Beratung mit langfristiger Perspektive?<\/h3>\n\t<\/div>\n\t<div class=\"teaserblock_box box2\">\n\t\t<div class=\"teaserblock_content_wrapper\">\n\t\t<div class=\"teaserblock_text_wrapper\">\n\t\t\t<span class=\"teaserblock_text\">Haben Sie wenig Zeit, die Entwicklung an den Finanzm\u00e4rkten permanent zu verfolgen? Dann delegieren Sie die Verwaltung Ihres Verm\u00f6gens ganz einfach an die Expertinnen und Experten unserer Privatbank. Wir bieten Ihnen eine umfassende, professionelle und pers\u00f6nliche Betreuung. Wir verwalten Ihr Portfolio selbstst\u00e4ndig und effizient. Ihre Kundenberaterin oder Ihr Kundenberater h\u00e4lt Sie transparent \u00fcber die Entwicklung Ihres Verm\u00f6gens auf dem Laufenden \u2026<\/span>\n\t\t<\/div>\n\t\t<div class=\"teaserblock_link_wrapper\">\n\t\t<span class=\"teaserblock_link\"><strong><a href=\"https:\/\/www.rahnbodmer.ch\/de\/privatkunden\/vermoegensverwaltung\">Weiterlesen<\/a><\/strong><\/span>\n\t\t<\/div>\n\t\t<\/div>\n\t<\/div>\n\t<\/div>\n\n\n\n\n\n\n<div id=\"teaserblock-block_7d766addf61d4e659d8954b216265251\" class=\"teaserblock bild_links bereich_privatkunden farben_invers ab now1776563142\">\n\t\t <div class=\"teaserblock_box box1\">\n\t\t <div class=\"teaserblock_content_wrapper\">\n\t\t <div class=\"teaserblock_text_wrapper\">\n\t\t\t  <h2>Anlageberatung<\/h2>\n\t\t\t  <h3>Wollen Sie auf eine kompetente und sachliche Beratung vertrauen k\u00f6nnen?<\/h3>\n\t\t <\/div>\n\t\t <div class=\"teaserblock_link_wrapper\">\n\t\t\t\t <span class=\"teaserblock_link\"><strong><a href=\"https:\/\/www.rahnbodmer.ch\/de\/privatkunden\/anlageberatung\">Mehr erfahren<\/a><\/strong><\/span>\n\t\t\t \t\t\t \n\t\t <\/div>\n\t\t <\/div>\n\t<\/div>\n\t\t<div class=\"teaserblock_box box2\" style=\"background-image: url(https:\/\/www.rahnbodmer.ch\/wp-content\/uploads\/2021\/08\/rb_home_anlageberatung.jpg);\"><\/div>\t\n\t\t<\/div>\n\n\n\n\n\n\n<div id=\"teaserblock-block_af6d3c3a02973667e7efed0f9d4279bd\" class=\"teaserblock bild_ohne bereich_privatkunden farben_normal ab now1776563142\">\n\t  <div class=\"teaserblock_box box1\">\n\t  <h2>Steuern &#038; Vorsorge<\/h2>\n\t  <h3>M\u00f6chten Sie Ihrer Zukunft entspannt entgegensehen?<\/h3>\n\t<\/div>\n\t<div class=\"teaserblock_box box2\">\n\t\t<div class=\"teaserblock_content_wrapper\">\n\t\t<div class=\"teaserblock_text_wrapper\">\n\t\t\t<span class=\"teaserblock_text\">Ganz gleich, in welcher Lebensphase Sie sich befinden: Ihre Zukunft beginnt heute. Es lohnt sich deshalb, nicht nur die Verwaltung Ihres Verm\u00f6gens in vertrauensvolle H\u00e4nde zu geben, sondern auch die Vorsorgeplanung zu optimieren und steuerliche Opportunit\u00e4ten zu realisieren. Wir \u00fcberpr\u00fcfen Ihre aktuelle finanzielle Situation und deren  Auswirkungen auf die Pensionierung oder Steuern \u2026<\/span>\n\t\t<\/div>\n\t\t<div class=\"teaserblock_link_wrapper\">\n\t\t<span class=\"teaserblock_link\"><strong><a href=\"https:\/\/www.rahnbodmer.ch\/de\/privatkunden\/steuern-vorsorge\">Weiterlesen<\/a><\/strong><\/span>\n\t\t<\/div>\n\t\t<\/div>\n\t<\/div>\n\t<\/div>\n\n\n\n\n\n\n<div id=\"teaserblock-block_4b6e53b7109488b258e4ff7286551853\" class=\"teaserblock bild_links bereich_stiftungen farben_invers ab now1776563142\">\n\t\t <div class=\"teaserblock_box box1\">\n\t\t <div class=\"teaserblock_content_wrapper\">\n\t\t <div class=\"teaserblock_text_wrapper\">\n\t\t\t  <h2>Stiftungen<\/h2>\n\t\t\t  <h3>W\u00fcnschen Sie eine umfassende Betreuung?<\/h3>\n\t\t <\/div>\n\t\t <div class=\"teaserblock_link_wrapper\">\n\t\t\t\t <span class=\"teaserblock_link\"><strong><a href=\"https:\/\/www.rahnbodmer.ch\/de\/stiftungen\/stiftungsberatung\">Mehr erfahren<\/a><\/strong><\/span>\n\t\t\t \t\t\t \n\t\t <\/div>\n\t\t <\/div>\n\t<\/div>\n\t\t<div class=\"teaserblock_box box2\" style=\"background-image: url(https:\/\/www.rahnbodmer.ch\/wp-content\/uploads\/2021\/08\/rb_home_stiftungen.jpg);\"><\/div>\t\n\t\t<\/div>\n\n\n\n\n\n\n<div id=\"teaserblock-block_b77d1c307a1fa3f05b33a6b447bc3b8a\" class=\"teaserblock bild_ohne bereich_externe farben_normal ab now1776563142\">\n\t  <div class=\"teaserblock_box box1\">\n\t  <h2>Externe Verm\u00f6gensverwalter<\/h2>\n\t  <h3>Streben Sie langfristigen Erfolg an?<\/h3>\n\t<\/div>\n\t<div class=\"teaserblock_box box2\">\n\t\t<div class=\"teaserblock_content_wrapper\">\n\t\t<div class=\"teaserblock_text_wrapper\">\n\t\t\t<span class=\"teaserblock_text\">Sowohl angehende als auch etablierte Verm\u00f6gensverwalter d\u00fcrfen mit der Privatbank Rahn+Bodmer Co. auf eine nachhaltige Partnerschaft z\u00e4hlen. Damit Sie sich dort engagieren k\u00f6nnen, wo Sie am meisten bewirken: in der Beziehung zu Ihren Kundinnen und Kunden. Dank unserer langfristig ausgerichteten, unabh\u00e4ngigen Gesch\u00e4ftst\u00e4tigkeit als Privatbankiers garantieren wir Ihnen hohe Sicherheit \u2026<\/span>\n\t\t<\/div>\n\t\t<div class=\"teaserblock_link_wrapper\">\n\t\t<span class=\"teaserblock_link\"><strong><a href=\"https:\/\/www.rahnbodmer.ch\/de\/externe-vermoegensverwalter\/ueberblick\">Weiterlesen<\/a><\/strong><\/span>\n\t\t<\/div>\n\t\t<\/div>\n\t<\/div>\n\t<\/div>\n\n\n","protected":false},"excerpt":{"rendered":"","protected":false},"author":1,"featured_media":0,"parent":0,"menu_order":10,"comment_status":"closed","ping_status":"closed","template":"","meta":{"_acf_changed":false,"inline_featured_image":false,"footnotes":""},"class_list":["post-67","page","type-page","status-publish","hentry"],"acf":[],"_links":{"self":[{"href":"https:\/\/www.rahnbodmer.ch\/de\/wp-json\/wp\/v2\/pages\/67","targetHints":{"allow":["GET"]}}],"collection":[{"href":"https:\/\/www.rahnbodmer.ch\/de\/wp-json\/wp\/v2\/pages"}],"about":[{"href":"https:\/\/www.rahnbodmer.ch\/de\/wp-json\/wp\/v2\/types\/page"}],"author":[{"embeddable":true,"href":"https:\/\/www.rahnbodmer.ch\/de\/wp-json\/wp\/v2\/users\/1"}],"replies":[{"embeddable":true,"href":"https:\/\/www.rahnbodmer.ch\/de\/wp-json\/wp\/v2\/comments?post=67"}],"version-history":[{"count":241,"href":"https:\/\/www.rahnbodmer.ch\/de\/wp-json\/wp\/v2\/pages\/67\/revisions"}],"predecessor-version":[{"id":5088,"href":"https:\/\/www.rahnbodmer.ch\/de\/wp-json\/wp\/v2\/pages\/67\/revisions\/5088"}],"wp:attachment":[{"href":"https:\/\/www.rahnbodmer.ch\/de\/wp-json\/wp\/v2\/media?parent=67"}],"curies":[{"name":"wp","href":"https:\/\/api.w.org\/{rel}","templated":true}]}}