{"id":655,"date":"2021-09-01T13:31:12","date_gmt":"2021-09-01T11:31:12","guid":{"rendered":"https:\/\/www.rahnbodmer.ch\/?page_id=655"},"modified":"2023-04-24T09:46:21","modified_gmt":"2023-04-24T07:46:21","slug":"nutzungsbedingungen","status":"publish","type":"page","link":"https:\/\/www.rahnbodmer.ch\/de\/rechtliches\/nutzungsbedingungen","title":{"rendered":"Nutzungsbedingungen"},"content":{"rendered":"\n<h3 class=\"wp-block-heading\">Rechtliche Hinweise \/ Nutzungsbedingungen<\/h3>\n\n\n\n<p><br><\/p>\n\n\n\n<p><strong>Zustimmung<\/strong><br>Mit dem Zugriff auf die Website bzw. die digitalen Kan\u00e4le von Rahn+Bodmer Co. erkl\u00e4ren Sie, dass Sie die rechtlichen Hinweise und Nutzungsbedingungen verstanden haben und diese akzeptieren, andernfalls Ihnen ein Zugriff auf diese Website bzw. die digitalen Kan\u00e4le nicht gestattet ist.<\/p>\n\n\n\n<p><strong>Limitierter Zugang<\/strong><br>Die Website und die darin angef\u00fchrten Publikationen und Informationen von Rahn+Bodmer Co. richten sich ausschliesslich an Personen mit Wohnsitz bzw. Sitz in der Schweiz. Auf die Website und weitere digitale Kan\u00e4le von Rahn+Bodmer Co. d\u00fcrfen Personen nicht zugreifen, die aufgrund ihrer Nationalit\u00e4t, ihres Wohnsitzes oder aus anderen Gr\u00fcnden einer Rechtsordnung unterstehen, die insbesondere die Publikation des Inhalts, den Zugang zur Website oder zu anderen digitalen Kan\u00e4len, die T\u00e4tigkeit eines ausl\u00e4ndischen Finanzdienstleisters oder die Zulassung von Produkten (z.B. Fonds) verbietet oder einschr\u00e4nkt; dies gilt namentlich f\u00fcr Personen mit Nationalit\u00e4t oder Wohnsitz USA, Japan, Grossbritannien, Kanada oder China.<\/p>\n\n\n\n<p><strong>Kein Angebot \/ keine Beratung<\/strong><br>Durch den Besuch der Website oder die Nutzung von digitalen Kan\u00e4len von Rahn+Bodmer Co. erkennen Sie an, dass s\u00e4mtliche Publikationen und Informationen, die Ihnen auf diesen zur Verf\u00fcgung gestellt werden, lediglich Informationszwecken dienen, nicht verbindlich sind und keinen individuellen Anlagezielen, Finanzverh\u00e4ltnissen oder Bed\u00fcrfnissen Rechnung tragen. Sie stellen weder eine Aufforderung noch ein Angebot noch eine Empfehlung zur Beanspruchung einer Dienstleistung (wie Anlage-, Rechts-, Steuer- oder sonstige Beratung) zum Erwerb oder Verkauf von Anlageinstrumenten oder zum Abschluss sonstiger Rechtsgesch\u00e4fte dar. Sie sollten sich stets professionell beraten lassen, bevor Sie eine Anlageentscheidung treffen. Die Eingabefelder auf den Webseiten stehen zudem nicht zur Erteilung von Auftr\u00e4gen, Weisungen und dergleichen zur Verf\u00fcgung; entsprechende Mitteilungen werden durch Rahn+Bodmer Co. \u2013 auch ohne R\u00fcckmeldung an den Absender \u2013 nicht ausgef\u00fchrt.<\/p>\n\n\n\n<p><strong>Keine Gew\u00e4hr<\/strong><br>Rahn+Bodmer Co. pr\u00fcft und aktualisiert die Informationen auf ihrer Website st\u00e4ndig. Trotz aller Sorgfalt k\u00f6nnen sich die Daten inzwischen ver\u00e4ndert haben. Die Website wird Ihnen \u00abals Istzustand\u00bb und \u00abso wie verf\u00fcgbar\u00bb ohne jegliche Gew\u00e4hrleistung bereitgestellt. Eine Haftung oder Gew\u00e4hrleistung f\u00fcr die Aktualit\u00e4t, Richtigkeit und Vollst\u00e4ndigkeit der zur Verf\u00fcgung gestellten Informationen oder der darin enthaltenen Meinungen kann daher nicht \u00fcbernommen werden. Gleiches gilt auch f\u00fcr alle anderen Webseiten, auf die mittels Verlinkung verwiesen wird. Des Weiteren beh\u00e4lt sich Rahn+Bodmer Co. das Recht vor, jederzeit \u00c4nderungen oder Erg\u00e4nzungen an den bereitgestellten Informationen vorzunehmen. Rahn+Bodmer Co. \u00fcbernimmt zudem keine Verantwortung und leistet keine Gew\u00e4hr, dass Ihnen die Website ununterbrochen und fehlerfrei zur Verf\u00fcgung steht oder f\u00fcr Sie zug\u00e4nglich sein wird.<\/p>\n\n\n\n<p><strong>Haftungsausschluss<\/strong><br>Rahn+Bodmer Co. haftet in keinem Fall f\u00fcr Verluste oder Sch\u00e4den jeglicher Art, einschliesslich atypische, indirekte oder Folgesch\u00e4den, die direkt oder indirekt aus dem Zugriff auf die Website, ihrer Benutzung oder Leistung beruhen oder im Zusammenhang damit entstehen.<\/p>\n\n\n\n<p><strong>Urheberrecht<\/strong><br>Inhalt und Elemente der vorliegenden Website sind immaterialg\u00fcterrechtlich gesch\u00fctzt und stehen im Eigentum von Rahn+Bodmer Co. Alle Rechte bleiben vorbehalten. Die vollst\u00e4ndige oder teilweise Reproduktion der Website, egal in welcher Form, ist nur erlaubt unter vollst\u00e4ndiger Quellenangabe und sofern Sie keine urheberrechtlichen oder sonstigen Hinweise auf das geistige Eigentum entfernen. Die Ver\u00f6ffentlichung von reproduzierten Informationen oder Daten, insbesondere die Verwendung von Texten, Textteilen oder Bildmaterial, bedarf der vorherigen schriftlichen Zustimmung von Rahn+Bodmer Co. Das Herunterladen oder Kopieren der Inhalte der Website bewirken nicht den \u00dcbergang von irgendwelchen Rechten, wie namentlich des Eigentums an der Marke und an den Logos von Rahn+Bodmer Co., der Software oder sonstigem Material, an Sie. Elektronische oder sonstige \u00dcbertragungen, Ver\u00e4nderungen, Verlinkung auf die Seite oder die Nutzung zu \u00f6ffentlichen oder kommerziellen Zwecken bed\u00fcrfen ausnahmslos der schriftlichen Einwilligung durch Rahn+Bodmer Co.<\/p>\n\n\n\n<p><strong>Verlinkung zu anderen Webseiten<\/strong><br>Die Website von Rahn+Bodmer Co. kann Links auf Webseiten enthalten, die nicht von Rahn+Bodmer Co. kontrolliert oder angeboten werden. Rahn+Bodmer Co. ist f\u00fcr den Inhalt der Webseiten, die durch Verlinkung erreicht werden, nicht verantwortlich. Durch die Benutzung solcher Links ist es Ihnen zudem m\u00f6glich, die Website von Rahn+Bodmer Co. zu verlassen. Das Aktivieren eines Links erfolgt auf eigenes Risiko.<\/p>\n\n\n\n<p><strong>Cookies<\/strong><br>In der Anwendung der Website k\u00f6nnen Cookies enthalten sein. Einige Cookies k\u00f6nnen dem Server Zugriff auf Informationen, wie zum Beispiel die E-Mail-Adresse des Benutzers, erm\u00f6glichen. Rahn+Bodmer Co. nutzt jedoch keine Cookies, um an pers\u00f6nliche Informationen von Personen zu gelangen. <a role='button' tabindex='0' class=\"medium cli-plugin-button cli-plugin-main-button cli_settings_button\">Cookie Einstellungen<\/a><\/p>\n\n\n\n<p><strong>\u00c4nderungen<\/strong><br>Rahn+Bodmer Co. beh\u00e4lt sich vor, die vorliegenden Nutzungsbedingungen jederzeit zu \u00e4ndern.<\/p>\n\n\n\n<p><strong>Anwendbares Recht \/ Gerichtsstand<\/strong><br>Diese Nutzungsbedingungen sowie die Benutzung der Website von Rahn+Bodmer Co. unterstehen Schweizer Recht. Erf\u00fcllungsort und ausschliesslicher Gerichtsstand ist Z\u00fcrich.<\/p>\n","protected":false},"excerpt":{"rendered":"Rechtliche Hinweise \/ Nutzungsbedingungen ZustimmungMit dem Zugriff auf die Website bzw. die digitalen Kan\u00e4le von Rahn+Bodmer Co. erkl\u00e4ren Sie, dass Sie die rechtlichen Hinweise und Nutzungsbedingungen verstanden haben und diese akzeptieren, andernfalls Ihnen ein Zugriff auf diese Website bzw. die digitalen Kan\u00e4le nicht gestattet ist. Limitierter ZugangDie Website und die darin angef\u00fchrten Publikationen und Informationen&#8230; <a class=\"view-article\" href=\"https:\/\/www.rahnbodmer.ch\/de\/rechtliches\/nutzungsbedingungen\">Artikel ansehen<\/a>","protected":false},"author":1,"featured_media":0,"parent":657,"menu_order":0,"comment_status":"closed","ping_status":"closed","template":"","meta":{"_acf_changed":false,"inline_featured_image":false,"footnotes":""},"class_list":["post-655","page","type-page","status-publish","hentry"],"acf":[],"_links":{"self":[{"href":"https:\/\/www.rahnbodmer.ch\/de\/wp-json\/wp\/v2\/pages\/655","targetHints":{"allow":["GET"]}}],"collection":[{"href":"https:\/\/www.rahnbodmer.ch\/de\/wp-json\/wp\/v2\/pages"}],"about":[{"href":"https:\/\/www.rahnbodmer.ch\/de\/wp-json\/wp\/v2\/types\/page"}],"author":[{"embeddable":true,"href":"https:\/\/www.rahnbodmer.ch\/de\/wp-json\/wp\/v2\/users\/1"}],"replies":[{"embeddable":true,"href":"https:\/\/www.rahnbodmer.ch\/de\/wp-json\/wp\/v2\/comments?post=655"}],"version-history":[{"count":8,"href":"https:\/\/www.rahnbodmer.ch\/de\/wp-json\/wp\/v2\/pages\/655\/revisions"}],"predecessor-version":[{"id":2356,"href":"https:\/\/www.rahnbodmer.ch\/de\/wp-json\/wp\/v2\/pages\/655\/revisions\/2356"}],"up":[{"embeddable":true,"href":"https:\/\/www.rahnbodmer.ch\/de\/wp-json\/wp\/v2\/pages\/657"}],"wp:attachment":[{"href":"https:\/\/www.rahnbodmer.ch\/de\/wp-json\/wp\/v2\/media?parent=655"}],"curies":[{"name":"wp","href":"https:\/\/api.w.org\/{rel}","templated":true}]}}