{"id":652,"date":"2021-09-01T13:27:56","date_gmt":"2021-09-01T11:27:56","guid":{"rendered":"https:\/\/www.rahnbodmer.ch\/?page_id=652"},"modified":"2023-09-12T10:47:35","modified_gmt":"2023-09-12T08:47:35","slug":"datenschutz","status":"publish","type":"page","link":"https:\/\/www.rahnbodmer.ch\/de\/rechtliches\/datenschutz","title":{"rendered":"Datenschutz"},"content":{"rendered":"\n<h3 class=\"wp-block-heading\">Datenschutz<\/h3>\n\n\n\n<div id=\"teasertext-block_127494178dad46477eae556a1053629f\" class=\"teasertext\">\n<p>Durch den technologischen Fortschritt und die mediale Berichterstattung gewinnt das Thema Datenschutz immer mehr an Bedeutung.<\/p>\n<\/div>\n\n\n<p>Weltweit haben Unternehmen erkannt, dass dem Schutz der pers\u00f6nlichen Daten eine hohe Priorit\u00e4t einger\u00e4umt werden muss. Aus diesem Grund wird zunehmend in den Datenschutz investiert. Dies gilt insbesondere f\u00fcr Banken. Denn beim Banking waren Diskretion und Vertraulichkeit schon immer zentrale Elemente in der Kundenbeziehung.<\/p>\n\n\n\n<p>Die Datenschutzgesetzgebungen regeln die Voraussetzungen f\u00fcr eine rechtlich zul\u00e4ssige Bearbeitung pers\u00f6nlicher Daten und sollen damit m\u00f6glichen Missbr\u00e4uchen vorbeugen. Zudem werden den betroffenen Personen verschiedene Rechte einger\u00e4umt, mit denen sie auf die Bearbeitung ihrer pers\u00f6nlichen Daten durch Unternehmen Einfluss nehmen k\u00f6nnen.<\/p>\n\n\n\n\n<div id=\"download_link-block_2d30a4a1cbb58aea56bb3541858ac21b\" class=\"download_link_ct article_item\">\n\t<div class=\"download_link\">\n\t\t<strong><a class=\"bereich_allgemein\" target=\"_blank\" href=\"https:\/\/www.rahnbodmer.ch\/wp-content\/uploads\/2023\/09\/191DM.pdf\">&ndash;> Datenbearbeitung bei Rahn+Bodmer Co. (PDF) <\/a><\/strong>\n\t\t\t<\/div>\n<\/div>\n\n\n\n\n<p><\/p>\n","protected":false},"excerpt":{"rendered":"Datenschutz Weltweit haben Unternehmen erkannt, dass dem Schutz der pers\u00f6nlichen Daten eine hohe Priorit\u00e4t einger\u00e4umt werden muss. Aus diesem Grund wird zunehmend in den Datenschutz investiert. Dies gilt insbesondere f\u00fcr Banken. Denn beim Banking waren Diskretion und Vertraulichkeit schon immer zentrale Elemente in der Kundenbeziehung. Die Datenschutzgesetzgebungen regeln die Voraussetzungen f\u00fcr eine rechtlich zul\u00e4ssige Bearbeitung&#8230; <a class=\"view-article\" href=\"https:\/\/www.rahnbodmer.ch\/de\/rechtliches\/datenschutz\">Artikel ansehen<\/a>","protected":false},"author":1,"featured_media":0,"parent":657,"menu_order":0,"comment_status":"closed","ping_status":"closed","template":"","meta":{"_acf_changed":false,"inline_featured_image":false,"footnotes":""},"class_list":["post-652","page","type-page","status-publish","hentry"],"acf":[],"_links":{"self":[{"href":"https:\/\/www.rahnbodmer.ch\/de\/wp-json\/wp\/v2\/pages\/652","targetHints":{"allow":["GET"]}}],"collection":[{"href":"https:\/\/www.rahnbodmer.ch\/de\/wp-json\/wp\/v2\/pages"}],"about":[{"href":"https:\/\/www.rahnbodmer.ch\/de\/wp-json\/wp\/v2\/types\/page"}],"author":[{"embeddable":true,"href":"https:\/\/www.rahnbodmer.ch\/de\/wp-json\/wp\/v2\/users\/1"}],"replies":[{"embeddable":true,"href":"https:\/\/www.rahnbodmer.ch\/de\/wp-json\/wp\/v2\/comments?post=652"}],"version-history":[{"count":14,"href":"https:\/\/www.rahnbodmer.ch\/de\/wp-json\/wp\/v2\/pages\/652\/revisions"}],"predecessor-version":[{"id":3290,"href":"https:\/\/www.rahnbodmer.ch\/de\/wp-json\/wp\/v2\/pages\/652\/revisions\/3290"}],"up":[{"embeddable":true,"href":"https:\/\/www.rahnbodmer.ch\/de\/wp-json\/wp\/v2\/pages\/657"}],"wp:attachment":[{"href":"https:\/\/www.rahnbodmer.ch\/de\/wp-json\/wp\/v2\/media?parent=652"}],"curies":[{"name":"wp","href":"https:\/\/api.w.org\/{rel}","templated":true}]}}