{"id":598,"date":"2021-09-01T12:08:34","date_gmt":"2021-09-01T10:08:34","guid":{"rendered":"https:\/\/www.rahnbodmer.ch\/?page_id=598"},"modified":"2025-11-27T16:02:26","modified_gmt":"2025-11-27T14:02:26","slug":"geschaeftsleitung","status":"publish","type":"page","link":"https:\/\/www.rahnbodmer.ch\/de\/geschaeftsleitung","title":{"rendered":"Gesch\u00e4ftsleitung"},"content":{"rendered":"\n<div id=\"teasertext-block_a5310c47a881e19355394411c598e297\" class=\"teasertext\">\n<p>Die operative Leitung liegt in den H\u00e4nden unserer erfahrenen und bestens ausgebildeten Gesch\u00e4ftsleitungsmitglieder, die sich daf\u00fcr einsetzen, unseren Kundinnen und Kunden jederzeit eine exzellente Dienstleistungsqualit\u00e4t und massgeschneiderte L\u00f6sungen zu bieten.<\/p>\n<\/div>","protected":false},"excerpt":{"rendered":"","protected":false},"author":1,"featured_media":838,"parent":0,"menu_order":0,"comment_status":"closed","ping_status":"closed","template":"template-gl.php","meta":{"_acf_changed":false,"inline_featured_image":false,"footnotes":""},"class_list":["post-598","page","type-page","status-publish","has-post-thumbnail","hentry"],"acf":[],"_links":{"self":[{"href":"https:\/\/www.rahnbodmer.ch\/de\/wp-json\/wp\/v2\/pages\/598","targetHints":{"allow":["GET"]}}],"collection":[{"href":"https:\/\/www.rahnbodmer.ch\/de\/wp-json\/wp\/v2\/pages"}],"about":[{"href":"https:\/\/www.rahnbodmer.ch\/de\/wp-json\/wp\/v2\/types\/page"}],"author":[{"embeddable":true,"href":"https:\/\/www.rahnbodmer.ch\/de\/wp-json\/wp\/v2\/users\/1"}],"replies":[{"embeddable":true,"href":"https:\/\/www.rahnbodmer.ch\/de\/wp-json\/wp\/v2\/comments?post=598"}],"version-history":[{"count":12,"href":"https:\/\/www.rahnbodmer.ch\/de\/wp-json\/wp\/v2\/pages\/598\/revisions"}],"predecessor-version":[{"id":4838,"href":"https:\/\/www.rahnbodmer.ch\/de\/wp-json\/wp\/v2\/pages\/598\/revisions\/4838"}],"wp:featuredmedia":[{"embeddable":true,"href":"https:\/\/www.rahnbodmer.ch\/de\/wp-json\/wp\/v2\/media\/838"}],"wp:attachment":[{"href":"https:\/\/www.rahnbodmer.ch\/de\/wp-json\/wp\/v2\/media?parent=598"}],"curies":[{"name":"wp","href":"https:\/\/api.w.org\/{rel}","templated":true}]}}