{"id":596,"date":"2021-09-01T12:07:45","date_gmt":"2021-09-01T10:07:45","guid":{"rendered":"https:\/\/www.rahnbodmer.ch\/?page_id=596"},"modified":"2025-12-31T11:18:29","modified_gmt":"2025-12-31T09:18:29","slug":"partner","status":"publish","type":"page","link":"https:\/\/www.rahnbodmer.ch\/de\/partner","title":{"rendered":"Partner"},"content":{"rendered":"\n<div id=\"teasertext-block_a7d7de8afa8e168827e5a7b9b07e6b54\" class=\"teasertext\">\n<p>Die besondere Stellung von Rahn+Bodmer\u00a0Co. beruht auf der strategischen und operativen Mitarbeit der vier Teilhaber. Als traditionelle Privatbankiers im urspr\u00fcnglichen Sinn haften sie mit ihrem Privatverm\u00f6gen vollumf\u00e4nglich f\u00fcr die Verbindlichkeiten von Rahn+Bodmer\u00a0Co. Der gewissenhafte Umgang mit Risiken hat daher Priorit\u00e4t.<\/p>\n<\/div>\n\n\n<p>Die vier Partner vertreten ihre Familien in der dritten, vierten und f\u00fcnften Generation. Sie sind t\u00e4glich pr\u00e4sent und pr\u00e4gen aktiv die Unternehmenskultur. Als Unternehmer, nicht als Manager, haben sie die gleichen Interessen wie die Kundinnen und Kunden: Stabilit\u00e4t und Sicherheit. F\u00fcr das Unternehmen, das sich seit Generationen im Familienbesitz befindet, geh\u00f6rt auch die Nachfolgeregelung zu den wichtigsten strategischen Aufgaben. Die erfolgreiche Fortf\u00fchrung dieser Tradition bedingt eine fr\u00fchzeitige Planung und ist nahezu eine Lebensaufgabe. Mit Simon Rahn, Sohn von Christian Rahn, setzt sich der Generationenwechsel erfolgreich fort. Als erster Vertreter der f\u00fcnften Generation seiner Familie wird er die Zukunft der Bank mitgestalten, im Bewusstsein ihrer Geschichte und Werte. Er beschreibt seine Haltung so: \u00abPartner zu sein bedeutet f\u00fcr mich, Verantwortung zu \u00fcbernehmen \u2013 damit Rahn+Bodmer\u00a0Co. auch in Zukunft f\u00fcr ihre Kundinnen und Kunden verl\u00e4sslich, unabh\u00e4ngig und nahbar bleibt.\u00bb<\/p>\n","protected":false},"excerpt":{"rendered":"Die vier Partner vertreten ihre Familien in der dritten, vierten und f\u00fcnften Generation. Sie sind t\u00e4glich pr\u00e4sent und pr\u00e4gen aktiv die Unternehmenskultur. Als Unternehmer, nicht als Manager, haben sie die gleichen Interessen wie die Kundinnen und Kunden: Stabilit\u00e4t und Sicherheit. F\u00fcr das Unternehmen, das sich seit Generationen im Familienbesitz befindet, geh\u00f6rt auch die Nachfolgeregelung zu&#8230; <a class=\"view-article\" href=\"https:\/\/www.rahnbodmer.ch\/de\/partner\">Artikel ansehen<\/a>","protected":false},"author":1,"featured_media":840,"parent":0,"menu_order":0,"comment_status":"closed","ping_status":"closed","template":"template-partner.php","meta":{"_acf_changed":false,"inline_featured_image":false,"footnotes":""},"class_list":["post-596","page","type-page","status-publish","has-post-thumbnail","hentry"],"acf":[],"_links":{"self":[{"href":"https:\/\/www.rahnbodmer.ch\/de\/wp-json\/wp\/v2\/pages\/596","targetHints":{"allow":["GET"]}}],"collection":[{"href":"https:\/\/www.rahnbodmer.ch\/de\/wp-json\/wp\/v2\/pages"}],"about":[{"href":"https:\/\/www.rahnbodmer.ch\/de\/wp-json\/wp\/v2\/types\/page"}],"author":[{"embeddable":true,"href":"https:\/\/www.rahnbodmer.ch\/de\/wp-json\/wp\/v2\/users\/1"}],"replies":[{"embeddable":true,"href":"https:\/\/www.rahnbodmer.ch\/de\/wp-json\/wp\/v2\/comments?post=596"}],"version-history":[{"count":16,"href":"https:\/\/www.rahnbodmer.ch\/de\/wp-json\/wp\/v2\/pages\/596\/revisions"}],"predecessor-version":[{"id":4927,"href":"https:\/\/www.rahnbodmer.ch\/de\/wp-json\/wp\/v2\/pages\/596\/revisions\/4927"}],"wp:featuredmedia":[{"embeddable":true,"href":"https:\/\/www.rahnbodmer.ch\/de\/wp-json\/wp\/v2\/media\/840"}],"wp:attachment":[{"href":"https:\/\/www.rahnbodmer.ch\/de\/wp-json\/wp\/v2\/media?parent=596"}],"curies":[{"name":"wp","href":"https:\/\/api.w.org\/{rel}","templated":true}]}}