{"id":592,"date":"2021-09-01T12:06:34","date_gmt":"2021-09-01T10:06:34","guid":{"rendered":"https:\/\/www.rahnbodmer.ch\/?page_id=592"},"modified":"2025-12-16T15:45:55","modified_gmt":"2025-12-16T13:45:55","slug":"gesellschaftliches-engagement","status":"publish","type":"page","link":"https:\/\/www.rahnbodmer.ch\/de\/gesellschaftliches-engagement","title":{"rendered":"Gesellschaftliches Engagement"},"content":{"rendered":"\n<div id=\"teasertext-block_30e39f55fcae45e4bce5c3937b35724e\" class=\"teasertext\">\n<p>Philanthropie ist seit jeher ein wesentlicher Bestandteil unserer gesellschaftlichen Verantwortung. Bereits die Gr\u00fcnder von Rahn+Bodmer Co. unterst\u00fctzten regelm\u00e4ssig Z\u00fcrcher Institutionen. Diese Verbundenheit mit Z\u00fcrich bringen wir auch mit unseren aktuellen gesellschaftlichen Engagements zum Ausdruck. Zudem sind die Partner von Rahn+Bodmer Co. im Stiftungsrat zahlreicher wohlt\u00e4tiger Stiftungen und unterst\u00fctzen jedes Jahr eine Vielzahl gemeinn\u00fctziger Projekte.<\/p>\n<\/div>\n\n\n<p id=\"zitat-block_9572439f0e4b1424989733d7297cd4b3\" class=\"zitat\">\nUnsere Engagements sind <br \/>\r\nnachhaltig ausgerichtet. <\/p>\n\n\n<div style=\"height:4em\" aria-hidden=\"true\" class=\"wp-block-spacer\"><\/div>\n\n\n<div class=\"wp-block-image\">\n<figure class=\"aligncenter size-full is-resized\"><img decoding=\"async\" src=\"https:\/\/www.rahnbodmer.ch\/wp-content\/uploads\/2025\/04\/logo_usz_foundation.svg\" alt=\"\" class=\"wp-image-4461\" style=\"width:364px;height:auto\"\/><\/figure>\n<\/div>\n\n\n<div style=\"height:2em\" aria-hidden=\"true\" class=\"wp-block-spacer\"><\/div>\n\n\n\n<p><strong>USZ Foundation<\/strong><br>Anl\u00e4sslich ihres 275-Jahr-Jubil\u00e4ums im Jahr 2025 unterst\u00fctzt Rahn+Bodmer Co. die USZ Foundation w\u00e4hrend f\u00fcnf Jahren mit einem j\u00e4hrlichen Beitrag von CHF 275&#8217;000, welcher jeweils einem ausgew\u00e4hlten Projekt zugutekommt. Die Partnerschaft unterstreicht das Engagement von Rahn+Bodmer Co. f\u00fcr gesellschaftliche und wissenschaftliche Anliegen und setzt ein Zeichen f\u00fcr die F\u00f6rderung der universit\u00e4ren Spitzenmedizin. Das Universit\u00e4tsspital Z\u00fcrich (USZ) ist ein Vorreiter der universit\u00e4ren Spitzenmedizin und tr\u00e4gt durch seine Forschung massgeblich zur St\u00e4rkung des Medizinstandorts Schweiz bei. Die gemeinn\u00fctzige USZ Foundation unterst\u00fctzt das Universit\u00e4tsspital in dieser Aufgabe und stellt sicher, dass die gesammelten Mittel direkt in medizinische Fortschritte fliessen, die die Lebensqualit\u00e4t der Menschen verbessern.<\/p>\n\n\n\n<div style=\"height:6em\" aria-hidden=\"true\" class=\"wp-block-spacer\"><\/div>\n\n\n<div class=\"wp-block-image\">\n<figure class=\"aligncenter size-full is-resized\"><a href=\"https:\/\/www.uzh.ch\/de.html\" target=\"_blank\" rel=\"noopener nofollow\"><img loading=\"lazy\" decoding=\"async\" width=\"1200\" height=\"409\" src=\"https:\/\/www.rahnbodmer.ch\/wp-content\/uploads\/2021\/09\/UZH-logo.png\" alt=\"\" class=\"wp-image-618\" style=\"width:324px;height:110px\" srcset=\"https:\/\/www.rahnbodmer.ch\/wp-content\/uploads\/2021\/09\/UZH-logo.png 1200w, https:\/\/www.rahnbodmer.ch\/wp-content\/uploads\/2021\/09\/UZH-logo-800x273.png 800w, https:\/\/www.rahnbodmer.ch\/wp-content\/uploads\/2021\/09\/UZH-logo-768x262.png 768w, https:\/\/www.rahnbodmer.ch\/wp-content\/uploads\/2021\/09\/UZH-logo-400x136.png 400w\" sizes=\"auto, (max-width: 1200px) 100vw, 1200px\" \/><\/a><\/figure>\n<\/div>\n\n\n<div style=\"height:2em\" aria-hidden=\"true\" class=\"wp-block-spacer\"><\/div>\n\n\n\n<p><strong>Universit\u00e4t Z\u00fcrich<\/strong><br>Rahn+Bodmer Co. unterst\u00fctzt den Forschungsstandort Z\u00fcrich mit einem mehrj\u00e4hrigen finanziellen Beitrag an das Zentrum f\u00fcr Neurowissenschaften Z\u00fcrich (ZNZ). Das ZNZ ist ein gemeinsames Kompetenzzentrum der Universit\u00e4t Z\u00fcrich und der ETH Z\u00fcrich, das Synergien zwischen seinen rund 1&#8217;000 Neurowissenschaftlerinnen und Neurowissenschaftler in Forschung und Lehre schafft. Rahn+Bodmer Co. setzt sich f\u00fcr die Modellierung neuronaler Krankheiten mit Stammzelltechnologie ein. Damit sollten in Zukunft neurodegenerative Krankheiten wie Alzheimer oder Parkinson erfolgreicher behandelt werden k\u00f6nnen. Das Engagement umfasst gegenw\u00e4rtig nebst Grants f\u00fcr talentierte Nachwuchsforschende auch eine Professur, die in den kommenden Monaten besetzt wird. Simon Rahn engagiert sich auch pers\u00f6nlich als Mitglied des Patronatskomitees des ZNZ.<\/p>\n\n\n\n<div style=\"height:6em\" aria-hidden=\"true\" class=\"wp-block-spacer\"><\/div>\n\n\n<div class=\"wp-block-image\">\n<figure class=\"aligncenter size-full is-resized\"><a href=\"https:\/\/www.righttoplay.ch\/de-ch\/\" target=\"_blank\" rel=\"noopener nofollow\"><img loading=\"lazy\" decoding=\"async\" width=\"477\" height=\"96\" src=\"https:\/\/www.rahnbodmer.ch\/wp-content\/uploads\/2021\/09\/right-to-play.png\" alt=\"\" class=\"wp-image-616\" style=\"width:461px;height:93px\" srcset=\"https:\/\/www.rahnbodmer.ch\/wp-content\/uploads\/2021\/09\/right-to-play.png 477w, https:\/\/www.rahnbodmer.ch\/wp-content\/uploads\/2021\/09\/right-to-play-400x81.png 400w\" sizes=\"auto, (max-width: 477px) 100vw, 477px\" \/><\/a><\/figure>\n<\/div>\n\n\n<div style=\"height:2em\" aria-hidden=\"true\" class=\"wp-block-spacer\"><\/div>\n\n\n\n<p><strong>Right to Play<\/strong><br>Die internationale Organisation Right To Play vermittelt Millionen von benachteiligten Kindern und Jugendlichen in 14 L\u00e4ndern weltweit lebenswichtiges Wissen auf spielerische Weise. Um eine nachhaltige Wirkung zu erreichen, arbeitet die Stiftung vor Ort eng mit lokalen Organisationen und Ministerien zusammen. Dazu werden Lehrerinnen und Lehrer und Coaches in spielbasierten Lehrmethoden ausgebildet. Sie gestalten Lernen kindgerecht und spielerisch, um positive Lernerfahrungen bei den Kindern zu erzeugen und wichtige Life Skills zu vermitteln. Right To Play spielt f\u00fcr nachhaltige Ver\u00e4nderungen in den Wirkungsbereichen fr\u00fchkindliche Betreuung und Bildung, Grundschulbildung, Geschlechtergleichstellung und psychosoziale Unterst\u00fctzung. Martin H. Bidermann hat sich \u00fcber 20 Jahre ehrenamtlich im Stiftungsrat von Right To Play Switzerland engagiert und ist seit 2024 Mitglied im International Board der Organisation.<\/p>\n\n\n\n<div style=\"height:6em\" aria-hidden=\"true\" class=\"wp-block-spacer\"><\/div>\n\n\n\n<div class=\"wp-block-columns is-layout-flex wp-container-core-columns-is-layout-9d6595d7 wp-block-columns-is-layout-flex\">\n<div class=\"wp-block-column is-layout-flow wp-block-column-is-layout-flow\"><\/div>\n\n\n\n<div class=\"wp-block-column is-vertically-aligned-center is-layout-flow wp-block-column-is-layout-flow\"><div class=\"wp-block-image\">\n<figure class=\"aligncenter size-full is-resized\"><a href=\"https:\/\/www.startbahn29.ch\/\" target=\"_blank\" rel=\"noopener nofollow\"><img decoding=\"async\" src=\"https:\/\/www.rahnbodmer.ch\/wp-content\/uploads\/2025\/04\/logo_startbahn29.svg\" alt=\"\" class=\"wp-image-4261\" style=\"width:178px;height:auto\"\/><\/a><\/figure>\n<\/div><\/div>\n\n\n\n<div class=\"wp-block-column is-vertically-aligned-center is-layout-flow wp-block-column-is-layout-flow\"><div class=\"wp-block-image\">\n<figure class=\"aligncenter size-full is-resized\"><a href=\"https:\/\/www.psi.ch\/de\/visit\/angebot-fuer-schulen\" target=\"_blank\" rel=\" noreferrer noopener nofollow\"><img decoding=\"async\" src=\"https:\/\/www.rahnbodmer.ch\/wp-content\/uploads\/2025\/04\/logo_psi.svg\" alt=\"\" class=\"wp-image-4263\" style=\"width:236px;height:auto\"\/><\/a><\/figure>\n<\/div><\/div>\n\n\n\n<div class=\"wp-block-column is-layout-flow wp-block-column-is-layout-flow\"><\/div>\n<\/div>\n\n\n\n<div style=\"height:1em\" aria-hidden=\"true\" class=\"wp-block-spacer\"><\/div>\n\n\n\n<p><strong>Jugendlabore Startbahn 29 und iLab am Paul Scherrer Institut<\/strong><br>Wir unterst\u00fctzen mit Startbahn 29 und dem iLab am PSI zwei innovative Lernorte, die junge Menschen f\u00fcr Naturwissenschaften und Technologie begeistern. Startbahn 29 im Innovationspark Z\u00fcrich ist eine Ideenwerkstatt und ein Experimentierlabor, in dem Kinder, Jugendliche und junge Erwachsene eigene wissenschaftliche Projekte entwickeln und umsetzen k\u00f6nnen. &nbsp;Im iLab am PSI tauchen Sch\u00fclerinnen und Sch\u00fcler durch interaktive Experimente in die Welt der Forschung ein. Sie erleben naturwissenschaftliche Ph\u00e4nomene und erhalten wertvolle Einblicke in aktuelle Forschungsbereiche.<\/p>\n\n\n\n<div style=\"height:6em\" aria-hidden=\"true\" class=\"wp-block-spacer\"><\/div>\n\n\n<div class=\"wp-block-image\">\n<figure class=\"aligncenter size-full is-resized\"><a href=\"https:\/\/www.kunsthaus.ch\/\" target=\"_blank\" rel=\"noopener nofollow\"><img decoding=\"async\" src=\"https:\/\/www.rahnbodmer.ch\/wp-content\/uploads\/2025\/04\/logo_kunsthaus.svg\" alt=\"\" class=\"wp-image-4267\" style=\"width:521px;height:auto\"\/><\/a><\/figure>\n<\/div>\n\n\n<div style=\"height:2em\" aria-hidden=\"true\" class=\"wp-block-spacer\"><\/div>\n\n\n\n<p><strong>Kunsthaus Z\u00fcrich<\/strong><br>Rahn+Bodmer Co. unterst\u00fctzte den Erweiterungsbau des Kunsthauses Z\u00fcrich. Das neue Geb\u00e4ude, entworfen vom britischen Architekten David Chipperfield, wurde im Oktober 2021 er\u00f6ffnet. Mit dem Erweiterungsbau hat sich das Kunsthaus Z\u00fcrich zum gr\u00f6ssten Kunstmuseum der Schweiz entwickelt. Das neue Geb\u00e4ude erg\u00e4nzt die bestehenden Sammlungen und bietet mehr Platz f\u00fcr moderne und zeitgen\u00f6ssische Kunst.<\/p>\n\n\n\n<div style=\"height:6em\" aria-hidden=\"true\" class=\"wp-block-spacer\"><\/div>\n\n\n<div class=\"wp-block-image\">\n<figure class=\"aligncenter size-full is-resized\"><a href=\"https:\/\/www.startglobal.org\/start-summit\" target=\"_blank\" rel=\"noopener nofollow\"><img decoding=\"async\" src=\"https:\/\/www.rahnbodmer.ch\/wp-content\/uploads\/2025\/04\/logo_start_summit.svg\" alt=\"\" class=\"wp-image-4273\" style=\"width:331px;height:auto\"\/><\/a><\/figure>\n<\/div>\n\n\n<div style=\"height:2em\" aria-hidden=\"true\" class=\"wp-block-spacer\"><\/div>\n\n\n\n<p><strong>Start Summit St. Gallen<\/strong><br>Wir unterst\u00fctzen den Start Summit in St. Gallen, eine der gr\u00f6ssten und renommiertesten Veranstaltungen f\u00fcr junge Unternehmerinnen und Innovatoren in Europa. Organisiert von Start Global, einem studentischen Unternehmertum-Netzwerk der Universit\u00e4t St. Gallen, bietet der Start Summit eine Plattform f\u00fcr junge Talente, um sich mit f\u00fchrenden Pers\u00f6nlichkeiten aus der Wirtschaft und Technologiebranche zu vernetzen, neue Ideen zu entwickeln und innovative Projekte voranzutreiben.<\/p>\n\n\n\n<div style=\"height:6em\" aria-hidden=\"true\" class=\"wp-block-spacer\"><\/div>\n\n\n<div class=\"wp-block-image\">\n<figure class=\"aligncenter size-large is-resized\"><a href=\"https:\/\/www.athletes-network.com\/\" target=\"_blank\" rel=\"noopener nofollow\"><img decoding=\"async\" src=\"https:\/\/www.rahnbodmer.ch\/wp-content\/uploads\/2021\/10\/Logo_AN_pos.svg\" alt=\"\" class=\"wp-image-1451\" style=\"width:472px;height:46px\"\/><\/a><\/figure>\n<\/div>\n\n\n<div style=\"height:2em\" aria-hidden=\"true\" class=\"wp-block-spacer\"><\/div>\n\n\n\n<p><strong>Athletes Network<\/strong><br>Rahn+Bodmer Co. engagiert sich im Rahmen einer mehrj\u00e4hrigen Partnerschaft f\u00fcr die Plattform Athletes Network. Diese unterst\u00fctzt Sportlerinnen und Sportler am Wendepunkt von der Sport- zur Nachsportkarriere. Mit Networking und Coaching wird es Spitzenathletinnen und -athleten erleichtert, in der Wirtschaft Fuss zu fassen und sich pers\u00f6nlich und beruflich weiterzuentwickeln. Athletes Network f\u00f6rdert das Bewusstsein, dass der \u00dcbergang in die Nachsportkarriere eine ganzheitliche und komplexe Ver\u00e4nderung darstellt.<\/p>\n\n\n\n<div style=\"height:6em\" aria-hidden=\"true\" class=\"wp-block-spacer\"><\/div>\n\n\n<div class=\"wp-block-image\">\n<figure class=\"aligncenter size-full is-resized\"><a href=\"https:\/\/www.kinderuniversitaet.uzh.ch\/de.html\" target=\"_blank\" rel=\"noopener nofollow\"><img loading=\"lazy\" decoding=\"async\" width=\"1200\" height=\"409\" src=\"https:\/\/www.rahnbodmer.ch\/wp-content\/uploads\/2021\/09\/UZH-logo.png\" alt=\"\" class=\"wp-image-618\" style=\"width:324px;height:110px\" srcset=\"https:\/\/www.rahnbodmer.ch\/wp-content\/uploads\/2021\/09\/UZH-logo.png 1200w, https:\/\/www.rahnbodmer.ch\/wp-content\/uploads\/2021\/09\/UZH-logo-800x273.png 800w, https:\/\/www.rahnbodmer.ch\/wp-content\/uploads\/2021\/09\/UZH-logo-768x262.png 768w, https:\/\/www.rahnbodmer.ch\/wp-content\/uploads\/2021\/09\/UZH-logo-400x136.png 400w\" sizes=\"auto, (max-width: 1200px) 100vw, 1200px\" \/><\/a><\/figure>\n<\/div>\n\n\n<div style=\"height:2em\" aria-hidden=\"true\" class=\"wp-block-spacer\"><\/div>\n\n\n\n<p><strong>Kinder-Universit\u00e4t Z\u00fcrich<\/strong><br>Die Universit\u00e4t Z\u00fcrich unterst\u00fctzt Kinder auf der Suche nach Antworten und Erkl\u00e4rungen f\u00fcr die Ph\u00e4nomene dieser Welt. Mit diesem Ziel vor Augen werden Vorlesungen und Kurse mit Wissenschaftlerinnen und Wissenschaftlern f\u00fcr Kinder der 3. bis 6. Primarklasse organisiert. Rahn+Bodmer Co. engagiert sich seit dem Beginn des Programms im Jahr 2005 daf\u00fcr.<\/p>\n\n\n\n<div style=\"height:6em\" aria-hidden=\"true\" class=\"wp-block-spacer\"><\/div>\n\n\n\n\n<div id=\"page_link-block_9ff4c1486d593b57c333ea414ecbd1eb\" class=\"page_link_ct\">\n\t<div class=\"page_link\"><strong><a href=\"https:\/\/www.rahnbodmer.ch\/de\/stiftungen\/stiftungsberatung\">Dienstleistungen f\u00fcr Stiftungen<\/a><\/strong><\/div>\n<\/div>\n\n\n\n\n\n\n<div id=\"page_link-block_173624155cbdef6a5c4bcf83b5b45a78\" class=\"page_link_ct\">\n\t<div class=\"page_link\"><strong><a href=\"https:\/\/www.rahnbodmer.ch\/de\/privatkunden\/nachlassplanung-philanthropie\">Mit einer Spende Gutes tun<\/a><\/strong><\/div>\n<\/div>\n\n\n","protected":false},"excerpt":{"rendered":"USZ FoundationAnl\u00e4sslich ihres 275-Jahr-Jubil\u00e4ums im Jahr 2025 unterst\u00fctzt Rahn+Bodmer Co. die USZ Foundation w\u00e4hrend f\u00fcnf Jahren mit einem j\u00e4hrlichen Beitrag von CHF 275&#8217;000, welcher jeweils einem ausgew\u00e4hlten Projekt zugutekommt. Die Partnerschaft unterstreicht das Engagement von Rahn+Bodmer Co. f\u00fcr gesellschaftliche und wissenschaftliche Anliegen und setzt ein Zeichen f\u00fcr die F\u00f6rderung der universit\u00e4ren Spitzenmedizin. Das Universit\u00e4tsspital Z\u00fcrich&#8230; <a class=\"view-article\" href=\"https:\/\/www.rahnbodmer.ch\/de\/gesellschaftliches-engagement\">Artikel ansehen<\/a>","protected":false},"author":1,"featured_media":903,"parent":0,"menu_order":0,"comment_status":"closed","ping_status":"closed","template":"","meta":{"_acf_changed":false,"inline_featured_image":false,"footnotes":""},"class_list":["post-592","page","type-page","status-publish","has-post-thumbnail","hentry"],"acf":[],"_links":{"self":[{"href":"https:\/\/www.rahnbodmer.ch\/de\/wp-json\/wp\/v2\/pages\/592","targetHints":{"allow":["GET"]}}],"collection":[{"href":"https:\/\/www.rahnbodmer.ch\/de\/wp-json\/wp\/v2\/pages"}],"about":[{"href":"https:\/\/www.rahnbodmer.ch\/de\/wp-json\/wp\/v2\/types\/page"}],"author":[{"embeddable":true,"href":"https:\/\/www.rahnbodmer.ch\/de\/wp-json\/wp\/v2\/users\/1"}],"replies":[{"embeddable":true,"href":"https:\/\/www.rahnbodmer.ch\/de\/wp-json\/wp\/v2\/comments?post=592"}],"version-history":[{"count":27,"href":"https:\/\/www.rahnbodmer.ch\/de\/wp-json\/wp\/v2\/pages\/592\/revisions"}],"predecessor-version":[{"id":4899,"href":"https:\/\/www.rahnbodmer.ch\/de\/wp-json\/wp\/v2\/pages\/592\/revisions\/4899"}],"wp:featuredmedia":[{"embeddable":true,"href":"https:\/\/www.rahnbodmer.ch\/de\/wp-json\/wp\/v2\/media\/903"}],"wp:attachment":[{"href":"https:\/\/www.rahnbodmer.ch\/de\/wp-json\/wp\/v2\/media?parent=592"}],"curies":[{"name":"wp","href":"https:\/\/api.w.org\/{rel}","templated":true}]}}