{"id":584,"date":"2021-09-01T12:04:51","date_gmt":"2021-09-01T10:04:51","guid":{"rendered":"https:\/\/www.rahnbodmer.ch\/?page_id=584"},"modified":"2023-04-24T09:35:57","modified_gmt":"2023-04-24T07:35:57","slug":"werte","status":"publish","type":"page","link":"https:\/\/www.rahnbodmer.ch\/de\/werte","title":{"rendered":"Werte"},"content":{"rendered":"\n<div id=\"teasertext-block_56d20a9ffcb484ec0a623d88af1d6d72\" class=\"teasertext\">\n<p>Vertrauen, Best\u00e4ndigkeit, Integrit\u00e4t und Zuverl\u00e4ssigkeit sind f\u00fcr uns alles andere als veraltete Begriffe. In einer schnelllebigen Welt gilt es umso mehr, diese Werte hochzuhalten und zu leben. F\u00fcr Rahn+Bodmer Co. sind sie heute und in Zukunft der Schl\u00fcssel zum Erfolg und Richtschnur f\u00fcr einen leistungsorientierten und vertrauensvollen Umgang mit Geld.<\/p>\n<\/div>\n\n\n<p>Die Privatbank Rahn+Bodmer Co. bietet all jene Dienstleistungen an, die unter der Bezeichnung Private Banking verstanden werden, also integrale Verm\u00f6gensverwaltung, Steuerberatung, Vorsorge- und Nachlassplanung sowie Anlageberatung. Bei n\u00e4herem Hinsehen unterscheidet sich unsere Haltung jedoch in wesentlichen Punkten von anderen Anbietern im Private Banking. Das Unternehmen ist gepr\u00e4gt von den in der Bank pr\u00e4senten Teilhabern, die mit ihrem Privatverm\u00f6gen vollumf\u00e4nglich f\u00fcr die finanzielle Stabilit\u00e4t des Unternehmens haften. Diese pers\u00f6nliche Verbundenheit und das Bewusstsein, in einer famili\u00e4ren sowie unternehmerischen Tradition zu stehen, bilden das Fundament unseres Denkens und Handelns.<br><br><\/p>\n\n\n\n<p id=\"zitat-block_c7fe321618f95ffc997dd7197f194948\" class=\"zitat\">\nDie Finanzwelt <br \/>\r\ndreht sich immer schneller. <br \/>\r\nUnsere Haltung als Privatbankiers <br \/>\r\nbleibt zeitlos aktuell.<\/p>\n\n\n<p>Wir legen grossen Wert auf Kontinuit\u00e4t in der Gesch\u00e4ftspolitik wie auch in der F\u00fchrung des Unternehmens. So k\u00f6nnen wir unseren \u00fcber Generationen gewachsenen Werten treu bleiben und von den Erfahrungen aus der Vergangenheit profitieren, die unsere unternehmerische DNA pr\u00e4gen. <br>Werte wie Loyalit\u00e4t und Vertrauen werden in den Beziehungen zu unseren Kundinnen und Kunden grossgeschrieben. Bei uns stehen ihre Bed\u00fcrfnisse an erster Stelle. Wir haben nicht den n\u00e4chsten Quartalsabschluss im Fokus, sondern denken mit langfristigem Horizont. Im Interesse der Kundschaft, aber auch in unserem eigenen. Diese Unternehmenskultur pflegen wir nach aussen wie nach innen; sie ist die Basis f\u00fcr die Identifikation und die Loyalit\u00e4t aller Mitarbeitenden.<br><br><\/p>\n\n\n\n<p id=\"zitat-block_f9a5636f5ec75e3c708b26a569c21986\" class=\"zitat\">\nWir denken und handeln <br \/>\r\nzukunftsorientiert.<br \/>\r\nF\u00fcr ein Familienunternehmen<br \/>\r\nliegt das in <br \/>\r\nder Natur der Sache.<\/p>\n\n\n<p>Neben typischen Schweizer Werten wie Kompetenz, Zuverl\u00e4ssigkeit und Qualit\u00e4t ist f\u00fcr uns das Stichwort Unabh\u00e4ngigkeit von zentraler Bedeutung. Da wir keine eigenen Anlageprodukte anbieten, beraten wir unsere Kundinnen und Kunden ohne Interessenkonflikte. Im Rahmen einer umfassenden Dienstleistungspalette konzentrieren wir uns auf die konsequente Wahrung der Kundeninteressen. Unser Unternehmenserfolg beruht auf dem liberalen Denken und Handeln in wirtschaftlichen, aber auch in sozialen Fragen sowie auf der kompromisslosen Achtung des Privateigentums, gepr\u00e4gt von Bescheidenheit und Diskretion. Dabei operieren wir solide und behalten immer das Ganze im Blick.<br><br><\/p>\n\n\n\n<p id=\"zitat-block_c323eb491e04971fbcda1a3ab6185742\" class=\"zitat\">\nEin verantwortungsvoller <br \/>\r\nUmgang mit Geld ist f\u00fcr uns <br \/>\r\nselbstverst\u00e4ndlich.<br \/>\r\nWir denken in Generationen.<\/p>\n\n\n<p>Unser Standort im Zentrum der m\u00e4chtigsten Schweizer Wirtschaftsmetropole bietet uns durch seine politische und wirtschaftliche Stabilit\u00e4t zahlreiche Chancen. Wir f\u00fchlen uns Z\u00fcrich verbunden und d\u00fcrfen seit unserer Gr\u00fcndung im Jahr 1750 viele in Z\u00fcrich und in den Nachbarkantonen ans\u00e4ssige Familien beraten, mit dem Ziel, ihr Verm\u00f6gen nachhaltig auszubauen und langfristig zu bewahren. Oftmals \u00fcber mehrere Generationen hinweg.<\/p>\n\n\n\n<p><\/p>\n","protected":false},"excerpt":{"rendered":"Die Privatbank Rahn+Bodmer Co. bietet all jene Dienstleistungen an, die unter der Bezeichnung Private Banking verstanden werden, also integrale Verm\u00f6gensverwaltung, Steuerberatung, Vorsorge- und Nachlassplanung sowie Anlageberatung. Bei n\u00e4herem Hinsehen unterscheidet sich unsere Haltung jedoch in wesentlichen Punkten von anderen Anbietern im Private Banking. Das Unternehmen ist gepr\u00e4gt von den in der Bank pr\u00e4senten Teilhabern, die&#8230; <a class=\"view-article\" href=\"https:\/\/www.rahnbodmer.ch\/de\/werte\">Artikel ansehen<\/a>","protected":false},"author":1,"featured_media":872,"parent":0,"menu_order":0,"comment_status":"closed","ping_status":"closed","template":"","meta":{"_acf_changed":false,"inline_featured_image":false,"footnotes":""},"class_list":["post-584","page","type-page","status-publish","has-post-thumbnail","hentry"],"acf":[],"_links":{"self":[{"href":"https:\/\/www.rahnbodmer.ch\/de\/wp-json\/wp\/v2\/pages\/584","targetHints":{"allow":["GET"]}}],"collection":[{"href":"https:\/\/www.rahnbodmer.ch\/de\/wp-json\/wp\/v2\/pages"}],"about":[{"href":"https:\/\/www.rahnbodmer.ch\/de\/wp-json\/wp\/v2\/types\/page"}],"author":[{"embeddable":true,"href":"https:\/\/www.rahnbodmer.ch\/de\/wp-json\/wp\/v2\/users\/1"}],"replies":[{"embeddable":true,"href":"https:\/\/www.rahnbodmer.ch\/de\/wp-json\/wp\/v2\/comments?post=584"}],"version-history":[{"count":17,"href":"https:\/\/www.rahnbodmer.ch\/de\/wp-json\/wp\/v2\/pages\/584\/revisions"}],"predecessor-version":[{"id":3111,"href":"https:\/\/www.rahnbodmer.ch\/de\/wp-json\/wp\/v2\/pages\/584\/revisions\/3111"}],"wp:featuredmedia":[{"embeddable":true,"href":"https:\/\/www.rahnbodmer.ch\/de\/wp-json\/wp\/v2\/media\/872"}],"wp:attachment":[{"href":"https:\/\/www.rahnbodmer.ch\/de\/wp-json\/wp\/v2\/media?parent=584"}],"curies":[{"name":"wp","href":"https:\/\/api.w.org\/{rel}","templated":true}]}}