{"id":580,"date":"2021-09-01T12:03:30","date_gmt":"2021-09-01T10:03:30","guid":{"rendered":"https:\/\/www.rahnbodmer.ch\/?page_id=580"},"modified":"2023-04-24T09:32:57","modified_gmt":"2023-04-24T07:32:57","slug":"mandat-auftrag","status":"publish","type":"page","link":"https:\/\/www.rahnbodmer.ch\/de\/externe-vermoegensverwalter\/mandat-auftrag","title":{"rendered":"Mandat Auftrag"},"content":{"rendered":"\n<h4 class=\"wp-block-heading\">Mandat Auftrag<\/h4>\n\n\n\n<h3 class=\"wp-block-heading\">Sie entscheiden, wir f\u00fchren aus<\/h3>\n\n\n\n<p><\/p>\n\n\n\n<p>Als Verm\u00f6gensverwalter erarbeiten Sie f\u00fcr Ihre Kundinnen und Kunden die Anlagestrategie und die Anlageentscheide selber. Wenn Sie sicherstellen m\u00f6chten, dass die Verwahrung wie auch die Ausf\u00fchrung Ihrer Auftr\u00e4ge professionell ausgef\u00fchrt werden, ist unser Mandat Auftrag die richtige L\u00f6sung. Die Auftr\u00e4ge Ihrer Kundinnen und Kunden k\u00f6nnen Sie \u00fcber Ihre eigene Portfoliomanagementl\u00f6sung oder aber durch unser e-Banking ausl\u00f6sen.<\/p>\n\n\n\n<p><br><\/p>\n\n\n\n<p>Das Mandat beinhaltet unsere Basisdienstleistungen wie Depotf\u00fchrung, B\u00f6rsenauftragsausf\u00fchrungen sowie die Verwahrung von Verm\u00f6genswerten. Bei diesem Mandat liegt die gesamte Verantwortung f\u00fcr das Portfolio in Ihren H\u00e4nden, wir erbringen keine Beratungsleistungen.<\/p>\n\n\n\n<p><br><\/p>\n\n\n\n<hr class=\"wp-block-separator has-css-opacity is-style-default\"\/>\n\n\n\n<p><br><\/p>\n\n\n\n<h3 class=\"wp-block-heading\">M\u00f6chten Sie mehr \u00fcber das Mandat Auftrag <br>bei Rahn+Bodmer Co. erfahren?<\/h3>\n\n\n\n\n<div id=\"page_link-block_99093e1758e1d055790e54dae45607d4\" class=\"page_link_ct\">\n\t<div class=\"page_link\"><strong><a href=\"https:\/\/www.rahnbodmer.ch\/de\/kontakt\">Kontakt<\/a><\/strong><\/div>\n<\/div>\n\n\n\n\n\n\n<div id=\"page_link-block_ff4a7b6b7f184f9e509994db0e76b28b\" class=\"page_link_ct\">\n\t<div class=\"page_link\"><strong><a href=\"https:\/\/www.rahnbodmer.ch\/de\/externe-vermoegensverwalter\/berater-innen\">Unser Beratungsteam<\/a><\/strong><\/div>\n<\/div>\n\n\n","protected":false},"excerpt":{"rendered":"Mandat Auftrag Sie entscheiden, wir f\u00fchren aus Als Verm\u00f6gensverwalter erarbeiten Sie f\u00fcr Ihre Kundinnen und Kunden die Anlagestrategie und die Anlageentscheide selber. Wenn Sie sicherstellen m\u00f6chten, dass die Verwahrung wie auch die Ausf\u00fchrung Ihrer Auftr\u00e4ge professionell ausgef\u00fchrt werden, ist unser Mandat Auftrag die richtige L\u00f6sung. Die Auftr\u00e4ge Ihrer Kundinnen und Kunden k\u00f6nnen Sie \u00fcber Ihre&#8230; <a class=\"view-article\" href=\"https:\/\/www.rahnbodmer.ch\/de\/externe-vermoegensverwalter\/mandat-auftrag\">Artikel ansehen<\/a>","protected":false},"author":1,"featured_media":0,"parent":576,"menu_order":0,"comment_status":"closed","ping_status":"closed","template":"","meta":{"_acf_changed":false,"inline_featured_image":false,"footnotes":""},"class_list":["post-580","page","type-page","status-publish","hentry"],"acf":[],"_links":{"self":[{"href":"https:\/\/www.rahnbodmer.ch\/de\/wp-json\/wp\/v2\/pages\/580","targetHints":{"allow":["GET"]}}],"collection":[{"href":"https:\/\/www.rahnbodmer.ch\/de\/wp-json\/wp\/v2\/pages"}],"about":[{"href":"https:\/\/www.rahnbodmer.ch\/de\/wp-json\/wp\/v2\/types\/page"}],"author":[{"embeddable":true,"href":"https:\/\/www.rahnbodmer.ch\/de\/wp-json\/wp\/v2\/users\/1"}],"replies":[{"embeddable":true,"href":"https:\/\/www.rahnbodmer.ch\/de\/wp-json\/wp\/v2\/comments?post=580"}],"version-history":[{"count":5,"href":"https:\/\/www.rahnbodmer.ch\/de\/wp-json\/wp\/v2\/pages\/580\/revisions"}],"predecessor-version":[{"id":3123,"href":"https:\/\/www.rahnbodmer.ch\/de\/wp-json\/wp\/v2\/pages\/580\/revisions\/3123"}],"up":[{"embeddable":true,"href":"https:\/\/www.rahnbodmer.ch\/de\/wp-json\/wp\/v2\/pages\/576"}],"wp:attachment":[{"href":"https:\/\/www.rahnbodmer.ch\/de\/wp-json\/wp\/v2\/media?parent=580"}],"curies":[{"name":"wp","href":"https:\/\/api.w.org\/{rel}","templated":true}]}}