{"id":578,"date":"2021-09-01T12:02:08","date_gmt":"2021-09-01T10:02:08","guid":{"rendered":"https:\/\/www.rahnbodmer.ch\/?page_id=578"},"modified":"2024-02-08T11:22:59","modified_gmt":"2024-02-08T09:22:59","slug":"ueberblick","status":"publish","type":"page","link":"https:\/\/www.rahnbodmer.ch\/de\/externe-vermoegensverwalter\/ueberblick","title":{"rendered":"\u00dcberblick"},"content":{"rendered":"\n<h3 class=\"wp-block-heading\">Willkommen bei Rahn+Bodmer Co.<\/h3>\n\n\n\n<div id=\"teasertext-block_703c04a44e1ad5be2f9cf95b39905673\" class=\"teasertext\">\n<p>Sowohl angehende als auch etablierte Verm\u00f6gensverwalter d\u00fcrfen mit der Privatbank Rahn+Bodmer Co. auf eine nachhaltige Partnerschaft z\u00e4hlen. Damit Sie sich dort engagieren k\u00f6nnen, wo Sie am meisten bewirken: in der Beziehung zu Ihren Kundinnen und Kunden. Dank unserer langfristig ausgerichteten, unabh\u00e4ngigen Gesch\u00e4ftst\u00e4tigkeit als Privatbankiers garantieren wir Ihnen hohe Sicherheit und eine objektive Beratung.<\/p>\n<\/div>\n\n\n<p>Wir sorgen daf\u00fcr, dass Sie f\u00fcr Ihre zentrale Aufgabe mehr Zeit haben. Mit dem Mandat Auftrag f\u00fcr Ihre Kundinnen und Kunden k\u00f6nnen Sie als Verm\u00f6gensverwalter alle Dienstleistungen in Anspruch nehmen, die wir unseren Privatkundinnen und -kunden anbieten. Sie werden von einem professionellen Team betreut und von der gleichen Ansprechperson langfristig begleitet. Ihre Auftr\u00e4ge nehmen wir pers\u00f6nlich entgegen, und Ihre Fachfragen beantworten wir zeitnah und individuell.<\/p>\n\n\n\n<p id=\"zitat-block_0c47f0eac95b0f108e976f5516183f95\" class=\"zitat\">\nWir arbeiten<br \/>\r\npartnerschaftlich:<br \/>\r\nStreben Sie<br \/>\r\nmit uns langfristigen<br \/>\r\nErfolg an.<\/p>\n\n\n<p>Wenn Sie Ihr Unternehmen verkaufen und Ihre Nachfolge regeln m\u00f6chten, stellen wir das umfangreiche Beziehungsnetz der Partnerinnen und Partner von Rahn+Bodmer Co. gerne zur Verf\u00fcgung.<\/p>\n\n\n\n<p><br><\/p>\n\n\n\n\n<div id=\"page_link-block_4be54931836269481470aa3d0d5ac7d3\" class=\"page_link_ct\">\n\t<div class=\"page_link\"><strong><a href=\"https:\/\/www.rahnbodmer.ch\/de\/externe-vermoegensverwalter\/mandat-auftrag\">Mehr \u00fcber das Mandat Auftrag<\/a><\/strong><\/div>\n<\/div>\n\n\n\n\n\n<p><br><\/p>\n\n\n\n<hr class=\"wp-block-separator has-css-opacity\"\/>\n\n\n\n<p><br><\/p>\n\n\n\n<h3 class=\"wp-block-heading\">Wir beraten Sie gerne. Rufen Sie uns an.<\/h3>\n\n\n\n\n<div id=\"page_link-block_76de8d9c10669cf525cf6faf5fa00168\" class=\"page_link_ct\">\n\t<div class=\"page_link\"><strong><a href=\"https:\/\/www.rahnbodmer.ch\/de\/externe-vermoegensverwalter\/berater-innen\">Unser Beratungsteam<\/a><\/strong><\/div>\n<\/div>\n\n\n","protected":false},"excerpt":{"rendered":"Willkommen bei Rahn+Bodmer Co. Wir sorgen daf\u00fcr, dass Sie f\u00fcr Ihre zentrale Aufgabe mehr Zeit haben. Mit dem Mandat Auftrag f\u00fcr Ihre Kundinnen und Kunden k\u00f6nnen Sie als Verm\u00f6gensverwalter alle Dienstleistungen in Anspruch nehmen, die wir unseren Privatkundinnen und -kunden anbieten. Sie werden von einem professionellen Team betreut und von der gleichen Ansprechperson langfristig begleitet&#8230;. <a class=\"view-article\" href=\"https:\/\/www.rahnbodmer.ch\/de\/externe-vermoegensverwalter\/ueberblick\">Artikel ansehen<\/a>","protected":false},"author":1,"featured_media":0,"parent":576,"menu_order":0,"comment_status":"closed","ping_status":"closed","template":"","meta":{"_acf_changed":false,"inline_featured_image":false,"footnotes":""},"class_list":["post-578","page","type-page","status-publish","hentry"],"acf":[],"_links":{"self":[{"href":"https:\/\/www.rahnbodmer.ch\/de\/wp-json\/wp\/v2\/pages\/578","targetHints":{"allow":["GET"]}}],"collection":[{"href":"https:\/\/www.rahnbodmer.ch\/de\/wp-json\/wp\/v2\/pages"}],"about":[{"href":"https:\/\/www.rahnbodmer.ch\/de\/wp-json\/wp\/v2\/types\/page"}],"author":[{"embeddable":true,"href":"https:\/\/www.rahnbodmer.ch\/de\/wp-json\/wp\/v2\/users\/1"}],"replies":[{"embeddable":true,"href":"https:\/\/www.rahnbodmer.ch\/de\/wp-json\/wp\/v2\/comments?post=578"}],"version-history":[{"count":15,"href":"https:\/\/www.rahnbodmer.ch\/de\/wp-json\/wp\/v2\/pages\/578\/revisions"}],"predecessor-version":[{"id":3510,"href":"https:\/\/www.rahnbodmer.ch\/de\/wp-json\/wp\/v2\/pages\/578\/revisions\/3510"}],"up":[{"embeddable":true,"href":"https:\/\/www.rahnbodmer.ch\/de\/wp-json\/wp\/v2\/pages\/576"}],"wp:attachment":[{"href":"https:\/\/www.rahnbodmer.ch\/de\/wp-json\/wp\/v2\/media?parent=578"}],"curies":[{"name":"wp","href":"https:\/\/api.w.org\/{rel}","templated":true}]}}