{"id":570,"date":"2021-09-01T11:58:05","date_gmt":"2021-09-01T09:58:05","guid":{"rendered":"https:\/\/www.rahnbodmer.ch\/?page_id=570"},"modified":"2024-12-17T08:31:01","modified_gmt":"2024-12-17T06:31:01","slug":"anlageberatung","status":"publish","type":"page","link":"https:\/\/www.rahnbodmer.ch\/de\/stiftungen\/anlageberatung","title":{"rendered":"Anlageberatung"},"content":{"rendered":"\n<h3 class=\"wp-block-heading\">Unsere Anlageberatung f\u00fcr Stiftungen<\/h3>\n\n\n\n<div id=\"teasertext-block_d319d3ad7c0d651be87e9b11b2094499\" class=\"teasertext\">\n<\/div>\n\n\n<div id=\"teasertext-block_f200d5aa2ebbd3a59cc9bff1318505c2\" class=\"teasertext\">\n<p>Haben Sie eine Qu\u00e4storin oder einen Qu\u00e4stor oder einen Anlageausschuss, der selber \u00fcber die Anlagen entscheiden m\u00f6chte, aber eine Beratung durch unsere Spezialisten w\u00fcnscht? Dann stehen Ihnen zwei Mandatsarten zur Verf\u00fcgung, die Sie unterschiedlich stark bei Ihren Entscheidungen unterst\u00fctzen: Beim Mandat Portfolioberatung d\u00fcrfen Sie darauf z\u00e4hlen, dass wir Ihnen sorgf\u00e4ltig ausgesuchte Anlageempfehlungen geben, die strategisch in Ihr Portfolio passen. Beim Mandat Anlageberatung k\u00f6nnen Sie auf das Fachwissen und die Erfahrung unserer Expertinnen und Experten zur\u00fcckgreifen, wenn es um Entscheidungen auf Titelebene geht.<\/p>\n<\/div>\n\n\n<h4 class=\"wp-block-heading\">Mandat Portfolioberatung<\/h4>\n\n\n\n<h3 class=\"wp-block-heading\">Wir stehen Ihnen beratend zur Seite<\/h3>\n\n\n\n<div id=\"mobilefold-block_d9178674355a3dd0b387511304c0d68a\" class=\"mobilefold\">\n<div class=\"mobilefold_inner\">\n<p>Interessieren Sie sich fu\u0308r die Finanzm\u00e4rkte und das Marktgeschehen? K\u00f6nnen Sie sich Zeit nehmen fu\u0308r die Verwaltung Ihres Portfolios, und m\u00f6chten Sie die Anlageentscheide mit Ihrer pers\u00f6nlichen Kundenberaterin oder Ihrem Kundenberater periodisch besprechen? Mit dem Mandat Portfolioberatung sind Sie bestens beraten. Wir erarbeiten gemeinsam mit Ihnen Ihr Risikoprofil und unterst\u00fctzen Sie anschliessend im Rahmen Ihres Risikoprofils und der gemeinsam festgelegten Anlagestrategie mit generellen Markteinsch\u00e4tzungen, individuellen Anlagevorschl\u00e4gen und periodischem Reporting.<\/p>\n\t<\/div>\n<\/div>\n\t<div class=\"mob_p_btn\"><span class=\"mehr\">mehr anzeigen<\/span><span class=\"weniger\">weniger anzeigen<\/span><\/div>\n\n\n\n<p><br><\/p>\n\n\n\n<h4 class=\"wp-block-heading\">Mandat Anlageberatung<\/h4>\n\n\n\n<h3 class=\"wp-block-heading\">Sie d\u00fcrfen auf unsere Unterst\u00fctzung z\u00e4hlen<\/h3>\n\n\n\n<div id=\"mobilefold-block_2808a811e85958cd955df9d45f2a3db9\" class=\"mobilefold\">\n<div class=\"mobilefold_inner\">\n<p>Sie sind es als Stiftungsverantwortliche oder Stiftungsverantwortlicher gewohnt, Ihre Anlagestrategie selbst zu definieren und Anlageentscheide autonom zu treffen. Sie kennen die Risiken Ihrer Anlagestrategie sowie der Finanzinstrumente und entscheiden ohne unsere Unterst\u00fctzung \u00fcber die Zusammensetzung Ihres Portfolios. Eine periodische \u00dcberpr\u00fcfung Ihres Portfolios durch uns ist f\u00fcr Sie deshalb nicht n\u00f6tig. Wir beraten Sie bei Bedarf gerne auf Titelebene bei der Einsch\u00e4tzung gewisser Wertschriften.<\/p>\n\t<\/div>\n<\/div>\n\t<div class=\"mob_p_btn\"><span class=\"mehr\">mehr anzeigen<\/span><span class=\"weniger\">weniger anzeigen<\/span><\/div>\n\n\n\n<p><br><\/p>\n\n\n\n<hr class=\"wp-block-separator has-css-opacity is-style-default\"\/>\n\n\n\n<p><br><\/p>\n\n\n\n<h3 class=\"wp-block-heading\">M\u00f6chten Sie als Stiftung auf unsere Unterst\u00fctzung z\u00e4hlen? <br>Kontaktieren Sie uns.<\/h3>\n\n\n\n\n<div id=\"page_link-block_8cbdc32a42e88c31bd722994c481929a\" class=\"page_link_ct\">\n\t<div class=\"page_link\"><strong><a href=\"https:\/\/www.rahnbodmer.ch\/de\/ansprechpersonen\/kundenberater-innen#wealth_planning\">Unser Beratungsteam<\/a><\/strong><\/div>\n<\/div>\n\n\n","protected":false},"excerpt":{"rendered":"Unsere Anlageberatung f\u00fcr Stiftungen Mandat Portfolioberatung Wir stehen Ihnen beratend zur Seite Mandat Anlageberatung Sie d\u00fcrfen auf unsere Unterst\u00fctzung z\u00e4hlen M\u00f6chten Sie als Stiftung auf unsere Unterst\u00fctzung z\u00e4hlen? Kontaktieren Sie uns.","protected":false},"author":1,"featured_media":0,"parent":564,"menu_order":0,"comment_status":"closed","ping_status":"closed","template":"","meta":{"_acf_changed":false,"inline_featured_image":false,"footnotes":""},"class_list":["post-570","page","type-page","status-publish","hentry"],"acf":[],"_links":{"self":[{"href":"https:\/\/www.rahnbodmer.ch\/de\/wp-json\/wp\/v2\/pages\/570","targetHints":{"allow":["GET"]}}],"collection":[{"href":"https:\/\/www.rahnbodmer.ch\/de\/wp-json\/wp\/v2\/pages"}],"about":[{"href":"https:\/\/www.rahnbodmer.ch\/de\/wp-json\/wp\/v2\/types\/page"}],"author":[{"embeddable":true,"href":"https:\/\/www.rahnbodmer.ch\/de\/wp-json\/wp\/v2\/users\/1"}],"replies":[{"embeddable":true,"href":"https:\/\/www.rahnbodmer.ch\/de\/wp-json\/wp\/v2\/comments?post=570"}],"version-history":[{"count":15,"href":"https:\/\/www.rahnbodmer.ch\/de\/wp-json\/wp\/v2\/pages\/570\/revisions"}],"predecessor-version":[{"id":4054,"href":"https:\/\/www.rahnbodmer.ch\/de\/wp-json\/wp\/v2\/pages\/570\/revisions\/4054"}],"up":[{"embeddable":true,"href":"https:\/\/www.rahnbodmer.ch\/de\/wp-json\/wp\/v2\/pages\/564"}],"wp:attachment":[{"href":"https:\/\/www.rahnbodmer.ch\/de\/wp-json\/wp\/v2\/media?parent=570"}],"curies":[{"name":"wp","href":"https:\/\/api.w.org\/{rel}","templated":true}]}}