{"id":566,"date":"2021-09-01T11:56:25","date_gmt":"2021-09-01T09:56:25","guid":{"rendered":"https:\/\/www.rahnbodmer.ch\/?page_id=566"},"modified":"2024-12-18T15:06:40","modified_gmt":"2024-12-18T13:06:40","slug":"stiftungsberatung","status":"publish","type":"page","link":"https:\/\/www.rahnbodmer.ch\/de\/stiftungen\/stiftungsberatung","title":{"rendered":"Stiftungsberatung"},"content":{"rendered":"\n<h3 class=\"wp-block-heading\">Willkommen bei Rahn+Bodmer Co.<\/h3>\n\n\n\n<div id=\"teasertext-block_f9a237c2dd8d1ef671735321b2dc8a61\" class=\"teasertext\">\n<p>Wir blicken auf ein langes Engagement bei der Betreuung gemeinn\u00fctziger Stiftungen zur\u00fcck. Der Erfahrungsschatz und das Fachwissen unserer Expertinnen und Experten erm\u00f6glicht es uns, Sie umsichtig und zukunftsorientiert zu betreuen.<\/p>\n<\/div>\n\n\n<p id=\"zitat-block_7d7a8b9b4fb1f6ed775c65dd4cba86b8\" class=\"zitat\">\nUnser Engagement<br \/>\r\nist vielf\u00e4ltig, aber einfach<br \/>\r\nzu beschreiben:<br \/>\r\nWir stiften Vertrauen.<\/p>\n\n\n<p>Die Schweizer Stiftungslandschaft hat sich im Lauf der vergangenen Jahrzehnte zunehmend professionalisiert.  Rahn+Bodmer Co. ist am Puls dieses lebendigen Sektors, wir kennen die Bed\u00fcrfnisse gemeinn\u00fctziger Stiftungen und bieten massgeschneiderte L\u00f6sungen zur Umsetzung des jeweiligen Stiftungszwecks.\nSie erhalten direkten Zugang zu unserem breiten Netzwerk von etablierten Stiftungen und Stiftungsfachleuten \u2013 f\u00fcr den Austausch im fachlichen und pers\u00f6nlichen Bereich.\n<\/p>\n\n\n\n<div style=\"height:2em\" aria-hidden=\"true\" class=\"wp-block-spacer\"><\/div>\n\n\n\n<h3 class=\"wp-block-heading\">Unser Beratungsangebot<\/h3>\n\n\n\n<p>Eine gezielte und fundierte Beratung ist entscheidend f\u00fcr den Erfolg und die Weiterentwicklung Ihrer Stiftung. Wir bieten umfassende Beratungsdienstleistungen, die speziell auf die Bed\u00fcrfnisse von Stiftungen zugeschnitten sind. Unser Anspruch ist es, Ihre Stiftung bestm\u00f6glich zu unterst\u00fctzen und zukunftsf\u00e4hig zu machen.<\/p>\n\n\n\n<div style=\"height:1em\" aria-hidden=\"true\" class=\"wp-block-spacer\"><\/div>\n\n\n\n<p><strong>Innovation und Struktur<\/strong><br>Gr\u00fcndung einer Stiftung oder Zustiftung, Steuerbefreiung, Reglemente und Leitbild<br>Good Foundation Governance, Anlageorganisation und Compliance<\/p>\n\n\n\n<div style=\"height:1em\" aria-hidden=\"true\" class=\"wp-block-spacer\"><\/div>\n\n\n\n<p><strong>Effektive Leitung und Steuerung<\/strong><br>Unterst\u00fctzung und Begleitung von Stiftungsratsmitgliedern<br>Effektives Stiftungsmanagement, Gesch\u00e4ftsf\u00fchrung <\/p>\n\n\n\n<div style=\"height:1em\" aria-hidden=\"true\" class=\"wp-block-spacer\"><\/div>\n\n\n\n<p><strong>Ausrichtung und Positionierung<\/strong><br>Strategiefragen und Stiftungspolitik<br>Partnerschaften und Umstrukturierung (Kooperation und Partizipation, Reorganisation, Fusion)<\/p>\n\n\n\n<div style=\"height:1em\" aria-hidden=\"true\" class=\"wp-block-spacer\"><\/div>\n\n\n\n<p><strong>Stiftungsbuchhaltung<\/strong><br>Finanzbuchhaltung, Jahresrechnung, Budget, Monats- und Quartalsbilanzen<\/p>\n\n\n\n<div style=\"height:2em\" aria-hidden=\"true\" class=\"wp-block-spacer\"><\/div>\n\n\n\n<h3 class=\"wp-block-heading\">Z\u00fcrcher Stiftungstag<\/h3>\n\n\n\n<p>Mit dem von uns organisierten Z\u00fcrcher Stiftungstag schaffen wir eine Plattform f\u00fcr den Wissens- und Erfahrungsaustausch sowie f\u00fcrs Networking. In Referaten von Expertinnen und Experten und in hochkar\u00e4tig besetzten Gespr\u00e4chsrunden werden vielf\u00e4ltige Themen behandelt und Einblicke in verschiedene Bereiche der Stiftungswelt geboten. Zudem ist es uns wichtig, Begegnungen in gem\u00fctlicher Atmosph\u00e4re und in kleinerem Kreis zu erm\u00f6glichen, die inspirierend und bereichernd wirken.<\/p>\n\n\n\n<div style=\"height:2em\" aria-hidden=\"true\" class=\"wp-block-spacer\"><\/div>\n\n\n\n<hr class=\"wp-block-separator has-css-opacity\"\/>\n\n\n\n<p><br><\/p>\n\n\n\n<h3 class=\"wp-block-heading\">W\u00fcnschen Sie eine pers\u00f6nliche Beratung?<\/h3>\n\n\n\n\n<div id=\"page_link-block_77dbdc96b3f88aca4bb739800f03ac25\" class=\"page_link_ct\">\n\t<div class=\"page_link\"><strong><a href=\"https:\/\/www.rahnbodmer.ch\/de\/ansprechpersonen\/kundenberater-innen#wealth_planning\">Unser Beratungsteam<\/a><\/strong><\/div>\n<\/div>\n\n\n","protected":false},"excerpt":{"rendered":"Willkommen bei Rahn+Bodmer Co. Die Schweizer Stiftungslandschaft hat sich im Lauf der vergangenen Jahrzehnte zunehmend professionalisiert. Rahn+Bodmer Co. ist am Puls dieses lebendigen Sektors, wir kennen die Bed\u00fcrfnisse gemeinn\u00fctziger Stiftungen und bieten massgeschneiderte L\u00f6sungen zur Umsetzung des jeweiligen Stiftungszwecks. Sie erhalten direkten Zugang zu unserem breiten Netzwerk von etablierten Stiftungen und Stiftungsfachleuten \u2013 f\u00fcr den&#8230; <a class=\"view-article\" href=\"https:\/\/www.rahnbodmer.ch\/de\/stiftungen\/stiftungsberatung\">Artikel ansehen<\/a>","protected":false},"author":1,"featured_media":0,"parent":564,"menu_order":0,"comment_status":"closed","ping_status":"closed","template":"","meta":{"_acf_changed":false,"inline_featured_image":false,"footnotes":""},"class_list":["post-566","page","type-page","status-publish","hentry"],"acf":[],"_links":{"self":[{"href":"https:\/\/www.rahnbodmer.ch\/de\/wp-json\/wp\/v2\/pages\/566","targetHints":{"allow":["GET"]}}],"collection":[{"href":"https:\/\/www.rahnbodmer.ch\/de\/wp-json\/wp\/v2\/pages"}],"about":[{"href":"https:\/\/www.rahnbodmer.ch\/de\/wp-json\/wp\/v2\/types\/page"}],"author":[{"embeddable":true,"href":"https:\/\/www.rahnbodmer.ch\/de\/wp-json\/wp\/v2\/users\/1"}],"replies":[{"embeddable":true,"href":"https:\/\/www.rahnbodmer.ch\/de\/wp-json\/wp\/v2\/comments?post=566"}],"version-history":[{"count":29,"href":"https:\/\/www.rahnbodmer.ch\/de\/wp-json\/wp\/v2\/pages\/566\/revisions"}],"predecessor-version":[{"id":4091,"href":"https:\/\/www.rahnbodmer.ch\/de\/wp-json\/wp\/v2\/pages\/566\/revisions\/4091"}],"up":[{"embeddable":true,"href":"https:\/\/www.rahnbodmer.ch\/de\/wp-json\/wp\/v2\/pages\/564"}],"wp:attachment":[{"href":"https:\/\/www.rahnbodmer.ch\/de\/wp-json\/wp\/v2\/media?parent=566"}],"curies":[{"name":"wp","href":"https:\/\/api.w.org\/{rel}","templated":true}]}}