{"id":4477,"date":"2025-04-16T13:52:07","date_gmt":"2025-04-16T11:52:07","guid":{"rendered":"https:\/\/www.rahnbodmer.ch\/?page_id=4477"},"modified":"2026-02-25T16:44:06","modified_gmt":"2026-02-25T14:44:06","slug":"anlagephilosophie","status":"publish","type":"page","link":"https:\/\/www.rahnbodmer.ch\/de\/anlagephilosophie","title":{"rendered":"Anlagephilosophie"},"content":{"rendered":"\n<h3 class=\"wp-block-heading\">Unsere Anlagephilosophie<\/h3>\n\n\n\n<div id=\"teasertext-block_6f1eb6d90972ac3d655653c9eec1cc54\" class=\"teasertext\">\n<p>Die Anlagephilosophie von Rahn+Bodmer Co. gr\u00fcndet auf zentralen Unternehmenswerten wie Vertrauen, Best\u00e4ndigkeit und Zuverl\u00e4ssigkeit. Diese Werte widerspiegeln sich in unseren Anlageprinzipien und bilden die Basis f\u00fcr langfristigen Anlageerfolg. Dies mit dem Ziel, Ihr Verm\u00f6gen je nach Ihrer Pr\u00e4ferenz auszubauen oder auch zu bewahren. Sorgfaltspflicht und verantwortungsbewusstes Handeln stehen dabei im Zentrum.<\/p>\n<\/div>\n\n\n<p id=\"zitat-block_573e6d4696ceb7c22a04f7f2f3fd37c4\" class=\"zitat\">\nErfolg ist<br \/>\r\nkeine Gl\u00fcckssache.<br \/>\r\nWir setzen auf<br \/>\r\nErfahrung und n\u00fcchterne<br \/>\r\nAnalyse.<\/p>\n\n\n<p>Wir sind der \u00dcberzeugung, dass wirtschaftliche Entwicklungen langfristig die Basis f\u00fcr die Kursentwicklungen an den Finanzm\u00e4rkten sind. Auch deshalb ist unsere Anlagephilosophie auf lange Zeitr\u00e4ume ausgerichtet. Aus der Geschichte haben wir gelernt, dass solides und unaufgeregtes Handwerk zum Erfolg f\u00fchrt.<\/p>\n\n\n\n<p>Bei der generellen Titelauswahl steht f\u00fcr uns der langfristige und nachhaltige Erfolg im Vordergrund. Auf Basis der klassischen Fundamentalanalyse empfehlen wir nur Anlagen, die unseren Anforderungen entsprechen. Wir legen grossen Wert auf eine hohe Qualit\u00e4t der Wertpapiere, damit unsere Kundinnen und Kunden auch in einer Baisse die Gewissheit haben, dass die Titel solide sind. Auf die Analyse und die Auswahl des hochwertigen Inhalts eines Portfolios legen wir grosses Gewicht. Trotz unserer langfristigen und sicherheitsorientierten Grundausrichtung agieren wir f\u00fcr unsere Kundinnen und Kunden marktnah und aktiv.<\/p>\n\n\n\n<p id=\"zitat-block_6255e4bf52e578987622da2f7d9a3cba\" class=\"zitat\">\nWir kaufen<br \/>\r\nnur Wertpapiere,<br \/>\r\ndie f\u00fcr uns<br \/>\r\nverst\u00e4ndlich sind.<\/p>\n\n\n<p>Aus \u00dcberzeugung legen wir Wert auf Direktanlagen und auf die Liquidit\u00e4t der Wertpapiere, sodass jederzeit die Gewissheit besteht, bei Bedarf schnell reagieren zu k\u00f6nnen. Als \u00e4lteste Schweizer Privatbank verf\u00fcgen wir \u00fcber grosse Erfahrung mit Schweizer Werten. Der einfache Zugang zu Informationen und die hohe Dichte an solid gef\u00fchrten Schweizer Qualit\u00e4tsfirmen \u2013 darunter sehr viele mit globaler Pr\u00e4senz und einige \u00abHidden Champions\u00bb \u2013 machen diesen Markt interessant. So bieten wir unseren Kundinnen und Kunden verst\u00e4ndliche, transparente und \u00fcbersichtliche Portfolios mit einer sehr breiten Palette an Schweizer Titeln, was sich sowohl in Bezug auf die Performance als auch hinsichtlich Krisenbest\u00e4ndigkeit \u00fcber viele Jahre hinweg bew\u00e4hrt hat.<\/p>\n\n\n\n<p><br><br><\/p>\n\n\n\n\n<div id=\"page_link-block_35516d60deabd3723c3b079bb877f146\" class=\"page_link_ct\">\n\t<div class=\"page_link\"><strong><a href=\"https:\/\/www.rahnbodmer.ch\/de\/beratungsphilosophie\">Unsere Beratungsphilosophie<\/a><\/strong><\/div>\n<\/div>\n\n\n","protected":false},"excerpt":{"rendered":"Unsere Anlagephilosophie Wir sind der \u00dcberzeugung, dass wirtschaftliche Entwicklungen langfristig die Basis f\u00fcr die Kursentwicklungen an den Finanzm\u00e4rkten sind. Auch deshalb ist unsere Anlagephilosophie auf lange Zeitr\u00e4ume ausgerichtet. Aus der Geschichte haben wir gelernt, dass solides und unaufgeregtes Handwerk zum Erfolg f\u00fchrt. Bei der generellen Titelauswahl steht f\u00fcr uns der langfristige und nachhaltige Erfolg im&#8230; <a class=\"view-article\" href=\"https:\/\/www.rahnbodmer.ch\/de\/anlagephilosophie\">Artikel ansehen<\/a>","protected":false},"author":1,"featured_media":872,"parent":0,"menu_order":0,"comment_status":"closed","ping_status":"closed","template":"","meta":{"_acf_changed":false,"inline_featured_image":false,"footnotes":""},"class_list":["post-4477","page","type-page","status-publish","has-post-thumbnail","hentry"],"acf":[],"_links":{"self":[{"href":"https:\/\/www.rahnbodmer.ch\/de\/wp-json\/wp\/v2\/pages\/4477","targetHints":{"allow":["GET"]}}],"collection":[{"href":"https:\/\/www.rahnbodmer.ch\/de\/wp-json\/wp\/v2\/pages"}],"about":[{"href":"https:\/\/www.rahnbodmer.ch\/de\/wp-json\/wp\/v2\/types\/page"}],"author":[{"embeddable":true,"href":"https:\/\/www.rahnbodmer.ch\/de\/wp-json\/wp\/v2\/users\/1"}],"replies":[{"embeddable":true,"href":"https:\/\/www.rahnbodmer.ch\/de\/wp-json\/wp\/v2\/comments?post=4477"}],"version-history":[{"count":2,"href":"https:\/\/www.rahnbodmer.ch\/de\/wp-json\/wp\/v2\/pages\/4477\/revisions"}],"predecessor-version":[{"id":5010,"href":"https:\/\/www.rahnbodmer.ch\/de\/wp-json\/wp\/v2\/pages\/4477\/revisions\/5010"}],"wp:featuredmedia":[{"embeddable":true,"href":"https:\/\/www.rahnbodmer.ch\/de\/wp-json\/wp\/v2\/media\/872"}],"wp:attachment":[{"href":"https:\/\/www.rahnbodmer.ch\/de\/wp-json\/wp\/v2\/media?parent=4477"}],"curies":[{"name":"wp","href":"https:\/\/api.w.org\/{rel}","templated":true}]}}