{"id":4013,"date":"2024-12-17T07:09:18","date_gmt":"2024-12-17T05:09:18","guid":{"rendered":"https:\/\/www.rahnbodmer.ch\/?page_id=4013"},"modified":"2025-11-14T16:56:45","modified_gmt":"2025-11-14T14:56:45","slug":"immobilien-und-finanzierungen","status":"publish","type":"page","link":"https:\/\/www.rahnbodmer.ch\/de\/privatkunden\/immobilien-und-finanzierungen","title":{"rendered":"Immobilien &amp; Finanzierungen"},"content":{"rendered":"\n<h3 class=\"wp-block-heading\">Unsere Immobilien- und Finanzierungsberatung<\/h3>\n\n\n\n<div id=\"teasertext-block_25439b03fe346a1b6a076b0e4f18cd39\" class=\"teasertext\">\n<p>Immobilien sind ein wesentlicher Bestandteil Ihrer Verm\u00f6gensplanung &#8211; von der Finanzierung \u00fcber den Verkauf bis zur Steueroptimierung. Gemeinsam entwickeln wir L\u00f6sungen, um Ihre Immobilie als Wertanlage effektiv zu nutzen und Ihr Verm\u00f6gen nachhaltig aufzubauen.<\/p>\n<\/div>\n\n\n<h3 class=\"wp-block-heading\">Wie passen Immobilien in Ihre Verm\u00f6gensstrategie?<\/h3>\n\n\n\n<p>Der Erwerb, Verkauf oder die Finanzierung von Immobilien ist oft eine der bedeutendsten finanziellen Entscheidungen im Leben. Unsere Expertinnen und Experten stehen Ihnen beratend zur Seite und analysieren, wie sich Immobilien in Ihre Gesamtverm\u00f6gensstrategie einf\u00fcgen. Ob Kaufberatung, Verkaufsmandat oder Hypothek &#8211; wir pr\u00fcfen Ihre Optionen, entwickeln massgeschneiderte L\u00f6sungen und unterst\u00fctzen Sie entlang des gesamten Prozesses.<\/p>\n\n\n\n<p>Ihre Immobilie kann auch ein wichtiger Baustein f\u00fcr den langfristigen Verm\u00f6gensaufbau sein. Wir zeigen Ihnen gerne, wie Sie durch ausgearbeitete Finanzierungsl\u00f6sungen, eine durchdachte Verkaufsstrategie oder steuerliche Optimierungen das Beste aus Ihrer Immobilie herausholen und nachhaltig von Ihrer Investition profitieren k\u00f6nnen.<\/p>\n\n\n\n<div style=\"height:2em\" aria-hidden=\"true\" class=\"wp-block-spacer\"><\/div>\n\n\n\n<hr class=\"wp-block-separator has-css-opacity is-style-default\"\/>\n\n\n\n<p><br><\/p>\n\n\n\n<h3 class=\"wp-block-heading\">W\u00fcnschen Sie eine pers\u00f6nliche Beratung?<\/h3>\n\n\n\n\n<div id=\"page_link-block_9df2e979192208f69c68a21da7158106\" class=\"page_link_ct\">\n\t<div class=\"page_link\"><strong><a href=\"https:\/\/www.rahnbodmer.ch\/de\/kontakt\">Kontakt<\/a><\/strong><\/div>\n<\/div>\n\n\n\n\n\n\n<div id=\"page_link-block_216c0e6c5e53b6411b0bd8a858d930f2\" class=\"page_link_ct\">\n\t<div class=\"page_link\"><strong><a href=\"https:\/\/www.rahnbodmer.ch\/de\/ansprechpersonen\/kundenberater-innen#wealth_planning\">Unser Beratungsteam<\/a><\/strong><\/div>\n<\/div>\n\n\n","protected":false},"excerpt":{"rendered":"Unsere Immobilien- und Finanzierungsberatung Wie passen Immobilien in Ihre Verm\u00f6gensstrategie? Der Erwerb, Verkauf oder die Finanzierung von Immobilien ist oft eine der bedeutendsten finanziellen Entscheidungen im Leben. Unsere Expertinnen und Experten stehen Ihnen beratend zur Seite und analysieren, wie sich Immobilien in Ihre Gesamtverm\u00f6gensstrategie einf\u00fcgen. Ob Kaufberatung, Verkaufsmandat oder Hypothek &#8211; wir pr\u00fcfen Ihre Optionen,&#8230; <a class=\"view-article\" href=\"https:\/\/www.rahnbodmer.ch\/de\/privatkunden\/immobilien-und-finanzierungen\">Artikel ansehen<\/a>","protected":false},"author":1,"featured_media":0,"parent":77,"menu_order":0,"comment_status":"closed","ping_status":"closed","template":"","meta":{"_acf_changed":false,"inline_featured_image":false,"footnotes":""},"class_list":["post-4013","page","type-page","status-publish","hentry"],"acf":[],"_links":{"self":[{"href":"https:\/\/www.rahnbodmer.ch\/de\/wp-json\/wp\/v2\/pages\/4013","targetHints":{"allow":["GET"]}}],"collection":[{"href":"https:\/\/www.rahnbodmer.ch\/de\/wp-json\/wp\/v2\/pages"}],"about":[{"href":"https:\/\/www.rahnbodmer.ch\/de\/wp-json\/wp\/v2\/types\/page"}],"author":[{"embeddable":true,"href":"https:\/\/www.rahnbodmer.ch\/de\/wp-json\/wp\/v2\/users\/1"}],"replies":[{"embeddable":true,"href":"https:\/\/www.rahnbodmer.ch\/de\/wp-json\/wp\/v2\/comments?post=4013"}],"version-history":[{"count":6,"href":"https:\/\/www.rahnbodmer.ch\/de\/wp-json\/wp\/v2\/pages\/4013\/revisions"}],"predecessor-version":[{"id":4822,"href":"https:\/\/www.rahnbodmer.ch\/de\/wp-json\/wp\/v2\/pages\/4013\/revisions\/4822"}],"up":[{"embeddable":true,"href":"https:\/\/www.rahnbodmer.ch\/de\/wp-json\/wp\/v2\/pages\/77"}],"wp:attachment":[{"href":"https:\/\/www.rahnbodmer.ch\/de\/wp-json\/wp\/v2\/media?parent=4013"}],"curies":[{"name":"wp","href":"https:\/\/api.w.org\/{rel}","templated":true}]}}