{"id":4010,"date":"2024-12-17T07:06:37","date_gmt":"2024-12-17T05:06:37","guid":{"rendered":"https:\/\/www.rahnbodmer.ch\/?page_id=4010"},"modified":"2024-12-27T09:05:05","modified_gmt":"2024-12-27T07:05:05","slug":"steuern-vorsorge","status":"publish","type":"page","link":"https:\/\/www.rahnbodmer.ch\/de\/privatkunden\/steuern-vorsorge","title":{"rendered":"Steuern &amp; Vorsorge"},"content":{"rendered":"\n<h3 class=\"wp-block-heading\">Unsere Steuer- und Vorsorgeplanung<\/h3>\n\n\n\n<div id=\"teasertext-block_9d1ca31feac198d41c95949f0b2cae93\" class=\"teasertext\">\n<p>Steuer- und Vorsorgethemen h\u00e4ngen eng zusammen und bei beiden lohnt sich eine vorausschauende Planung. Ob Privatperson, Unternehmerin, Pension\u00e4r oder Angestellte \u2014 die Spezialistinnen und Spezialisten von Rahn+Bodmer Co. unterst\u00fctzen Sie dabei, Ihre Steuerbelastung zu minimieren und Ihre Vorsorge optimal zu gestalten.<\/p>\n<\/div>\n\n\n<h3 class=\"wp-block-heading\">Bieten Ihre Verm\u00f6genswerte steuerliche Opportunit\u00e4ten?<\/h3>\n\n\n\n<p>Eine vorausschauende Steuerplanung zahlt sich aus. Wir \u00fcberpr\u00fcfen Ihre aktuelle finanzielle Situation und deren steuerliche Auswirkungen, sei es im Hinblick auf die Pensionierung, Erbschaften oder Immobiliengesch\u00e4fte. Gemeinsam mit Ihnen erarbeiten unsere Steuerspezialistinnen und -spezialisten individuelle Optimierungsstrategien. Von der Steuerdeklaration f\u00fcr Sie privat oder auch f\u00fcr Ihre Unternehmung, \u00fcber die Buchhaltungs- und Lohnadministration bis zur Vertretung vor den Steuerbeh\u00f6rden \u2013 wir begleiten Sie bei jedem Schritt und sorgen daf\u00fcr, dass Sie steuerliche Opportunit\u00e4ten nutzen k\u00f6nnen und gleichzeitig rechtliche Sicherheit haben.<\/p>\n\n\n\n<p>Eine fr\u00fchzeitige Planung Ihrer Vorsorge ist entscheidend, um in jeder Lebensphase die richtigen finanziellen Entscheide zu treffen. Sei es beim Eigenheimkauf, dem Schritt in die Selbst\u00e4ndigkeit oder dem \u00dcbergang in die Pensionierung &#8211; wir analysieren Ihre pers\u00f6nliche Situation und entwickeln einen massgeschneiderten Plan. Dank unseren flexiblen L\u00f6sungen im Bereich der S\u00e4ule 3a, der Freiz\u00fcgigkeit in der 2. S\u00e4ule oder anderen Vorsorgel\u00f6sungen haben Sie die M\u00f6glichkeit, Ihre Anlagestrategie regelm\u00e4ssig anzupassen und Ihre Vorsorge optimal zu gestalten.<\/p>\n\n\n\n<div style=\"height:2em\" aria-hidden=\"true\" class=\"wp-block-spacer\"><\/div>\n\n\n\n<hr class=\"wp-block-separator has-css-opacity is-style-default\"\/>\n\n\n\n<p><br><\/p>\n\n\n\n<h3 class=\"wp-block-heading\">W\u00fcnschen Sie eine pers\u00f6nliche Beratung?<\/h3>\n\n\n\n\n<div id=\"page_link-block_1d2e3c24dfd4bc34ae1bce15a6a7da22\" class=\"page_link_ct\">\n\t<div class=\"page_link\"><strong><a href=\"https:\/\/www.rahnbodmer.ch\/de\/kontakt\">Kontakt<\/a><\/strong><\/div>\n<\/div>\n\n\n\n\n\n\n<div id=\"page_link-block_cc13fbdab079e0a1317179e652e95c0c\" class=\"page_link_ct\">\n\t<div class=\"page_link\"><strong><a href=\"https:\/\/www.rahnbodmer.ch\/de\/ansprechpersonen\/kundenberater-innen#wealth_planning\">Unser Beratungsteam<\/a><\/strong><\/div>\n<\/div>\n\n\n","protected":false},"excerpt":{"rendered":"Unsere Steuer- und Vorsorgeplanung Bieten Ihre Verm\u00f6genswerte steuerliche Opportunit\u00e4ten? Eine vorausschauende Steuerplanung zahlt sich aus. Wir \u00fcberpr\u00fcfen Ihre aktuelle finanzielle Situation und deren steuerliche Auswirkungen, sei es im Hinblick auf die Pensionierung, Erbschaften oder Immobiliengesch\u00e4fte. Gemeinsam mit Ihnen erarbeiten unsere Steuerspezialistinnen und -spezialisten individuelle Optimierungsstrategien. Von der Steuerdeklaration f\u00fcr Sie privat oder auch f\u00fcr Ihre&#8230; <a class=\"view-article\" href=\"https:\/\/www.rahnbodmer.ch\/de\/privatkunden\/steuern-vorsorge\">Artikel ansehen<\/a>","protected":false},"author":1,"featured_media":0,"parent":77,"menu_order":0,"comment_status":"closed","ping_status":"closed","template":"","meta":{"_acf_changed":false,"inline_featured_image":false,"footnotes":""},"class_list":["post-4010","page","type-page","status-publish","hentry"],"acf":[],"_links":{"self":[{"href":"https:\/\/www.rahnbodmer.ch\/de\/wp-json\/wp\/v2\/pages\/4010","targetHints":{"allow":["GET"]}}],"collection":[{"href":"https:\/\/www.rahnbodmer.ch\/de\/wp-json\/wp\/v2\/pages"}],"about":[{"href":"https:\/\/www.rahnbodmer.ch\/de\/wp-json\/wp\/v2\/types\/page"}],"author":[{"embeddable":true,"href":"https:\/\/www.rahnbodmer.ch\/de\/wp-json\/wp\/v2\/users\/1"}],"replies":[{"embeddable":true,"href":"https:\/\/www.rahnbodmer.ch\/de\/wp-json\/wp\/v2\/comments?post=4010"}],"version-history":[{"count":6,"href":"https:\/\/www.rahnbodmer.ch\/de\/wp-json\/wp\/v2\/pages\/4010\/revisions"}],"predecessor-version":[{"id":4170,"href":"https:\/\/www.rahnbodmer.ch\/de\/wp-json\/wp\/v2\/pages\/4010\/revisions\/4170"}],"up":[{"embeddable":true,"href":"https:\/\/www.rahnbodmer.ch\/de\/wp-json\/wp\/v2\/pages\/77"}],"wp:attachment":[{"href":"https:\/\/www.rahnbodmer.ch\/de\/wp-json\/wp\/v2\/media?parent=4010"}],"curies":[{"name":"wp","href":"https:\/\/api.w.org\/{rel}","templated":true}]}}