{"id":3861,"date":"2024-12-17T06:50:59","date_gmt":"2024-12-17T04:50:59","guid":{"rendered":"https:\/\/www.rahnbodmer.ch\/?page_id=3861"},"modified":"2025-04-17T16:20:24","modified_gmt":"2025-04-17T14:20:24","slug":"nachlassplanung-philanthropie","status":"publish","type":"page","link":"https:\/\/www.rahnbodmer.ch\/de\/privatkunden\/nachlassplanung-philanthropie","title":{"rendered":"Nachlassplanung &amp; Philanthropie"},"content":{"rendered":"\n<h3 class=\"wp-block-heading\">Nachlassplanung<\/h3>\n\n\n\n<div id=\"teasertext-block_ca29ac1242226469e4a3d85d8dc2f3ac\" class=\"teasertext\">\n<p>Niemand denkt gerne an seinen eigenen Tod. Dennoch ist es ratsam, die Nachlassplanung nicht auf die lange Bank zu schieben. Denn wenn man pl\u00f6tzlich erkrankt oder einen Unfall erleidet, bleibt vielleicht keine Zeit mehr, sich darum zu k\u00fcmmern. Mit einer umfassenden Vorsorge- und Nachlassplanung erm\u00f6glichen Sie sich einen \u00dcberblick und sehen, wo Handlungsbedarf besteht. Zudem schaffen Sie Klarheit f\u00fcr Ihre Angeh\u00f6rigen.<\/p>\n<\/div>\n\n\n<h3 class=\"wp-block-heading\">Geben Sie Ihr Verm\u00f6gen gem\u00e4ss Ihren W\u00fcnschen weiter<\/h3>\n\n\n\n<p>Die Planung Ihres Nachlasses ist eine sensible Angelegenheit, die jedoch nicht vernachl\u00e4ssigt werden sollte. Die gesetzlichen Bestimmungen lassen in g\u00fcter- und erbrechtlichen Belangen grossen Spielraum, um mit individuellen Regelungen pers\u00f6nliche W\u00fcnsche ber\u00fccksichtigen zu k\u00f6nnen. Nichtstun f\u00fchrt bei diesem Thema oft zu unerw\u00fcnschten Resultaten mit weitreichenden Konsequenzen. Zudem vermeiden Sie mit einer rechtzeitigen Planung der Verm\u00f6gensnachfolge unn\u00f6tige Steuerfolgen.<\/p>\n\n\n\n<p>Unsere Erbschaftsspezialistinnen und Erbschaftsspezialisten erarbeiten gemeinsam mit Ihnen eine langfristige Nachlassplanung, bei der die eheg\u00fcter- und erbrechtliche Situation gepr\u00fcft und die notwendigen Dokumente rechtsg\u00fcltig erstellt werden. Dabei werden auch Themen wie Patientenverf\u00fcgung und Vorsorgeauftrag einbezogen. So ist sichergestellt, dass auch im medizinischen Notfall und bei l\u00e4ngerfristigem Verlust der Urteilsf\u00e4higkeit wichtige Entscheide gem\u00e4ss Ihren W\u00fcnschen gef\u00e4llt werden k\u00f6nnen.<\/p>\n\n\n\n<div style=\"height:2em\" aria-hidden=\"true\" class=\"wp-block-spacer\"><\/div>\n\n\n\n<h3 class=\"wp-block-heading\">Gerne amten wir als Ihre Willensvollstreckerin<\/h3>\n\n\n\n<p>Die Umsetzung des letzten Willens im Sinne des oder der Verstorbenen ist eine anspruchsvolle Aufgabe. Als Aussenstehende agieren wir neutral und engagieren uns f\u00fcr eine rasche und einvernehmliche Nachlassteilung. Wir k\u00fcmmern uns um alle anstehenden finanziellen, steuerrechtlichen sowie juristischen Belange und entlasten die Erbinnen und Erben in der Zeit der Trauer von administrativen Aufgaben. Dabei legen wir Wert darauf, kompromissf\u00e4hige L\u00f6sungen zu finden.<\/p>\n\n\n\n<div style=\"height:2em\" aria-hidden=\"true\" class=\"wp-block-spacer\"><\/div>\n\n\n\n<h3 class=\"wp-block-heading\">Werden Sie philanthropisch t\u00e4tig<\/h3>\n\n\n\n<p>Sie denken \u00fcber die Gr\u00fcndung einer eigenen Stiftung nach oder m\u00f6chten ein gemeinn\u00fctziges Projekt unterst\u00fctzen? Unsere Beraterinnen und Berater stehen Ihnen mit Rat und Tat zur Seite. Durch unser weit verzweigtes Netzwerk im Stiftungsbereich k\u00f6nnen wir Sie mit spannenden Projekten in Kontakt bringen, die Ihre Unterst\u00fctzung verdienen. Ob Stiftung, Fonds oder eine gezielte Spende &#8211; wir begleiten Sie von der Idee bis zur Umsetzung, um Ihre philanthropischen Ziele zu verwirklichen.<\/p>\n\n\n\n<div style=\"height:2em\" aria-hidden=\"true\" class=\"wp-block-spacer\"><\/div>\n\n\n\n<hr class=\"wp-block-separator has-css-opacity is-style-default\"\/>\n\n\n\n<p><br><\/p>\n\n\n\n<h3 class=\"wp-block-heading\">W\u00fcnschen Sie eine pers\u00f6nliche Beratung?<\/h3>\n\n\n\n\n<div id=\"page_link-block_71b822e93e5010855f1f8e510c1aca7c\" class=\"page_link_ct\">\n\t<div class=\"page_link\"><strong><a href=\"https:\/\/www.rahnbodmer.ch\/de\/kontakt\">Kontakt<\/a><\/strong><\/div>\n<\/div>\n\n\n\n\n\n\n<div id=\"page_link-block_598c90117fdece54ac7c4892e4fcb91e\" class=\"page_link_ct\">\n\t<div class=\"page_link\"><strong><a href=\"https:\/\/www.rahnbodmer.ch\/de\/ansprechpersonen\/kundenberater-innen#wealth_planning\">Unser Beratungsteam<\/a><\/strong><\/div>\n<\/div>\n\n\n","protected":false},"excerpt":{"rendered":"Nachlassplanung Geben Sie Ihr Verm\u00f6gen gem\u00e4ss Ihren W\u00fcnschen weiter Die Planung Ihres Nachlasses ist eine sensible Angelegenheit, die jedoch nicht vernachl\u00e4ssigt werden sollte. Die gesetzlichen Bestimmungen lassen in g\u00fcter- und erbrechtlichen Belangen grossen Spielraum, um mit individuellen Regelungen pers\u00f6nliche W\u00fcnsche ber\u00fccksichtigen zu k\u00f6nnen. Nichtstun f\u00fchrt bei diesem Thema oft zu unerw\u00fcnschten Resultaten mit weitreichenden Konsequenzen&#8230;. <a class=\"view-article\" href=\"https:\/\/www.rahnbodmer.ch\/de\/privatkunden\/nachlassplanung-philanthropie\">Artikel ansehen<\/a>","protected":false},"author":1,"featured_media":0,"parent":77,"menu_order":0,"comment_status":"closed","ping_status":"closed","template":"","meta":{"_acf_changed":false,"inline_featured_image":false,"footnotes":""},"class_list":["post-3861","page","type-page","status-publish","hentry"],"acf":[],"_links":{"self":[{"href":"https:\/\/www.rahnbodmer.ch\/de\/wp-json\/wp\/v2\/pages\/3861","targetHints":{"allow":["GET"]}}],"collection":[{"href":"https:\/\/www.rahnbodmer.ch\/de\/wp-json\/wp\/v2\/pages"}],"about":[{"href":"https:\/\/www.rahnbodmer.ch\/de\/wp-json\/wp\/v2\/types\/page"}],"author":[{"embeddable":true,"href":"https:\/\/www.rahnbodmer.ch\/de\/wp-json\/wp\/v2\/users\/1"}],"replies":[{"embeddable":true,"href":"https:\/\/www.rahnbodmer.ch\/de\/wp-json\/wp\/v2\/comments?post=3861"}],"version-history":[{"count":12,"href":"https:\/\/www.rahnbodmer.ch\/de\/wp-json\/wp\/v2\/pages\/3861\/revisions"}],"predecessor-version":[{"id":4489,"href":"https:\/\/www.rahnbodmer.ch\/de\/wp-json\/wp\/v2\/pages\/3861\/revisions\/4489"}],"up":[{"embeddable":true,"href":"https:\/\/www.rahnbodmer.ch\/de\/wp-json\/wp\/v2\/pages\/77"}],"wp:attachment":[{"href":"https:\/\/www.rahnbodmer.ch\/de\/wp-json\/wp\/v2\/media?parent=3861"}],"curies":[{"name":"wp","href":"https:\/\/api.w.org\/{rel}","templated":true}]}}