{"id":1172,"date":"2021-09-20T08:04:47","date_gmt":"2021-09-20T06:04:47","guid":{"rendered":"https:\/\/www.rahnbodmer.ch\/?page_id=1172"},"modified":"2026-04-02T13:59:02","modified_gmt":"2026-04-02T11:59:02","slug":"automatischer-informationsaustausch","status":"publish","type":"page","link":"https:\/\/www.rahnbodmer.ch\/de\/rechtliches\/automatischer-informationsaustausch","title":{"rendered":"Automatischer Informationsaustausch"},"content":{"rendered":"\n<h3 class=\"wp-block-heading\" id=\"hinweise-zum-automatischen-informationsaustausch-aia\">Hinweise zum Automatischen Informationsaustausch (AIA)<\/h3>\n\n\n\n<div id=\"teasertext-block_b7f1b78aead645f273ba7c89c6d9b1e9\" class=\"teasertext\">\n<p>Mit Hilfe des globalen Standards f\u00fcr den automatischen Informationsaustausch \u00fcber Finanzkonten (AIA) soll die Steuertransparenz erh\u00f6ht und die grenz\u00fcberschreitende Steuerhinterziehung verhindert werden. Der globale Standard (CRS) sieht vor, dass Staaten und Territorien, die den AIA untereinander vereinbart haben, gegenseitig Informationen \u00fcber Finanzkonten austauschen. Nebst der Schweiz haben \u00fcber 100 Staaten, darunter alle wichtigen Finanzzentren, den Standard \u00fcbernommen.<\/p>\n<\/div>\n\n\n<p><\/p>\n\n\n\n<p><br><\/p>\n\n\n\n<p><strong>Hier finden Sie weitere Informationen<\/strong><br><br><\/p>\n\n\n\n<p>Die Schweiz hat den AIA bis anhin mit zahlreichen Partnerstaaten vereinbart.<\/p>\n\n\n\n<p><a href=\"https:\/\/www.sif.admin.ch\/sif\/de\/home\/multilateral\/steuer_informationsaust\/automatischer-informationsaustausch\/automatischer-informationsaustausch1.html\" target=\"_blank\" rel=\"noreferrer noopener nofollow\"><strong>\u2013&gt; Staatssekretariat f\u00fcr internationale Finanzfragen (SIF)<\/strong><\/a><\/p>\n\n\n\n<p><br>Dokumente, Regeln und Hinweise aus den teilnehmenden Staaten<\/p>\n\n\n\n<p><a href=\"https:\/\/www.oecd.org\/tax\/automatic-exchange\/crs-implementation-and-assistance\/\" target=\"_blank\" rel=\"noreferrer noopener nofollow\"><strong>\u2013&gt; OECD \/ Automatic Exchange Portal (Englisch)<\/strong><\/a><\/p>\n\n\n\n<p><\/p>\n\n\n\n<p><br>Kundenformulare<\/p>\n\n\n\n\n<div id=\"download_link-block_27e72bcca94e09e094cbf31998da5887\" class=\"download_link_ct article_item\">\n\t<div class=\"download_link\">\n\t\t<strong><a class=\"bereich_allgemein\" target=\"_blank\" href=\"https:\/\/www.rahnbodmer.ch\/wp-content\/uploads\/2026\/04\/AIA_GMS-Selbstauskunft-fuer-Rechtstraeger.pdf\">&ndash;> AIA\/GMS Selbstauskunft f\u00fcr Rechtstr\u00e4ger (PDF)<\/a><\/strong>\n\t\t\t<\/div>\n<\/div>\n\n\n\n\n\n<div id=\"download_link-block_6aefd03215f2cc7ba2468eeafb608360\" class=\"download_link_ct article_item\">\n\t<div class=\"download_link\">\n\t\t<strong><a class=\"bereich_allgemein\" target=\"_blank\" href=\"https:\/\/www.rahnbodmer.ch\/wp-content\/uploads\/2026\/04\/AIA_GMS-und-FATCA-Selbstauskunft-fuer-beherrschende-Personen.pdf\">&ndash;> AIA\/GMS und FATCA Selbstauskunft f\u00fcr beherrschende Personen (PDF)<\/a><\/strong>\n\t\t\t<\/div>\n<\/div>\n\n","protected":false},"excerpt":{"rendered":"Hinweise zum Automatischen Informationsaustausch (AIA) Hier finden Sie weitere Informationen Die Schweiz hat den AIA bis anhin mit zahlreichen Partnerstaaten vereinbart. \u2013&gt; Staatssekretariat f\u00fcr internationale Finanzfragen (SIF) Dokumente, Regeln und Hinweise aus den teilnehmenden Staaten \u2013&gt; OECD \/ Automatic Exchange Portal (Englisch) Kundenformulare","protected":false},"author":1,"featured_media":0,"parent":657,"menu_order":0,"comment_status":"closed","ping_status":"closed","template":"","meta":{"_acf_changed":false,"inline_featured_image":false,"footnotes":""},"class_list":["post-1172","page","type-page","status-publish","hentry"],"acf":[],"_links":{"self":[{"href":"https:\/\/www.rahnbodmer.ch\/de\/wp-json\/wp\/v2\/pages\/1172","targetHints":{"allow":["GET"]}}],"collection":[{"href":"https:\/\/www.rahnbodmer.ch\/de\/wp-json\/wp\/v2\/pages"}],"about":[{"href":"https:\/\/www.rahnbodmer.ch\/de\/wp-json\/wp\/v2\/types\/page"}],"author":[{"embeddable":true,"href":"https:\/\/www.rahnbodmer.ch\/de\/wp-json\/wp\/v2\/users\/1"}],"replies":[{"embeddable":true,"href":"https:\/\/www.rahnbodmer.ch\/de\/wp-json\/wp\/v2\/comments?post=1172"}],"version-history":[{"count":36,"href":"https:\/\/www.rahnbodmer.ch\/de\/wp-json\/wp\/v2\/pages\/1172\/revisions"}],"predecessor-version":[{"id":5102,"href":"https:\/\/www.rahnbodmer.ch\/de\/wp-json\/wp\/v2\/pages\/1172\/revisions\/5102"}],"up":[{"embeddable":true,"href":"https:\/\/www.rahnbodmer.ch\/de\/wp-json\/wp\/v2\/pages\/657"}],"wp:attachment":[{"href":"https:\/\/www.rahnbodmer.ch\/de\/wp-json\/wp\/v2\/media?parent=1172"}],"curies":[{"name":"wp","href":"https:\/\/api.w.org\/{rel}","templated":true}]}}