{"id":1146,"date":"2021-09-20T07:46:00","date_gmt":"2021-09-20T05:46:00","guid":{"rendered":"https:\/\/www.rahnbodmer.ch\/?page_id=1146"},"modified":"2025-12-16T08:42:32","modified_gmt":"2025-12-16T06:42:32","slug":"dokumente","status":"publish","type":"page","link":"https:\/\/www.rahnbodmer.ch\/de\/rechtliches\/dokumente","title":{"rendered":"Dokumente"},"content":{"rendered":"\n<h3 class=\"wp-block-heading\">Dokumente<\/h3>\n\n\n\n<div id=\"teasertext-block_40d684a5a7d0c555f9d4ec9d5703e38b\" class=\"teasertext\">\n<p style=\"text-align: center;\">Hier stehen die wichtigsten Dokumente als PDF zum Download bereit.<\/p>\n<\/div>\n\n\n<p><\/p>\n\n\n\n\n<div id=\"download_link-block_3179eb0ec8d252155273965d09d05331\" class=\"download_link_ct article_item\">\n\t<div class=\"download_link\">\n\t\t<strong><a class=\"bereich_allgemein\" target=\"_blank\" href=\"https:\/\/www.rahnbodmer.ch\/wp-content\/uploads\/2023\/01\/Broschuere-Allgemeine-Kundeninformationen-zu-unserer-Bank-und-zum-Anlegerschutz-RahnBodmer-Co..pdf\">&ndash;> Brosch\u00fcre Allgemeine Kundeninformationen zu unserer Bank und zum Anlegerschutz, Rahn+Bodmer Co. (PDF)<\/a><\/strong>\n\t\t\t<\/div>\n<\/div>\n\n\n\n\n\n<div id=\"download_link-block_32c9a55f4f0e40a527d38b517afad720\" class=\"download_link_ct article_item\">\n\t<div class=\"download_link\">\n\t\t<strong><a class=\"bereich_allgemein\" target=\"_blank\" href=\"https:\/\/www.rahnbodmer.ch\/wp-content\/uploads\/2024\/02\/Basisdokumente_Deutsch.pdf\">&ndash;> Rahn+Bodmer Co. Basisdokumente (PDF) <\/a><\/strong>\n\t\t<br><span>(Allgemeine Gesch\u00e4ftsbedingungen, Depotreglement, Bestimmungen fu\u0308r Treuhandanlagen, Allgemeine Bedingungen fu\u0308r das E-Banking)<\/span>\t<\/div>\n<\/div>\n\n\n\n\n\n<div id=\"download_link-block_5ca866711f6fb2fea83568986e08ed60\" class=\"download_link_ct article_item\">\n\t<div class=\"download_link\">\n\t\t<strong><a class=\"bereich_allgemein\" target=\"_blank\" href=\"https:\/\/www.rahnbodmer.ch\/wp-content\/uploads\/2023\/06\/SBVg_Risiken_im_Handel_mit_Finanzinstrumenten_2023_DE.pdf\">&ndash;> Risiken im Handel mit Finanzinstrumenten, Schweizerische Bankiervereinigung (PDF)<\/a><\/strong>\n\t\t\t<\/div>\n<\/div>\n\n\n\n\n\n<div id=\"download_link-block_1f559772e9940748bebfef02c53902a9\" class=\"download_link_ct article_item\">\n\t<div class=\"download_link\">\n\t\t<strong><a class=\"bereich_allgemein\" target=\"_blank\" href=\"https:\/\/www.rahnbodmer.ch\/wp-content\/uploads\/2023\/01\/Kundeninformation-\u2013-Einlagensicherung-Schweiz-esisuisse-PDF.pdf\">&ndash;> Kundeninformation \u2013 Einlagensicherung Schweiz, esisuisse (PDF)<\/a><\/strong>\n\t\t<br><span>Die Einlagensicherung sch\u00fctzt Guthaben auf Konten von Privatkundinnen und Privatkunden sowie Unternehmenskundinnen und Unternehmenskunden im Konkurs einer Bank oder eines Wertpapierhauses. Die Sicherung ist gesetzlich geregelt. Die Sicherung ist auf h\u00f6chstens CHF 100 000 pro Kundin oder Kunde und Institut beschr\u00e4nkt. Mehrere Konten werden zusammengez\u00e4hlt. esisuisse garantiert die Deckung der gesicherten Guthaben im Rahmen der Selbstregulierung der Schweizer Banken und Wertpapierh\u00e4user. Guthaben bei Rahn+Bodmer Co. sind durch die Einlagensicherung gesichert. <br \/>\r\nDetaillierte Informationen finden Sie auf www.esisuisse.ch<\/span>\t<\/div>\n<\/div>\n\n\n\n\n\n<div id=\"download_link-block_1b782660d08763ebae8074817581d31b\" class=\"download_link_ct article_item\">\n\t<div class=\"download_link\">\n\t\t<strong><a class=\"bereich_allgemein\" target=\"_blank\" href=\"https:\/\/www.rahnbodmer.ch\/wp-content\/uploads\/2023\/09\/191DM.pdf\">&ndash;> Datenbearbeitung bei Rahn+Bodmer Co. (PDF)<\/a><\/strong>\n\t\t\t<\/div>\n<\/div>\n\n\n\n\n\n<div id=\"download_link-block_7f3adbc2c432219df5d8e615e55fd5e8\" class=\"download_link_ct article_item\">\n\t<div class=\"download_link\">\n\t\t<strong><a class=\"bereich_allgemein\" target=\"_blank\" href=\"https:\/\/www.rahnbodmer.ch\/wp-content\/uploads\/2025\/03\/Richtlinien-ueber-die-Behandlung-kontakt-und-nachrichtenloser-Vermoegenswerte-bei-Schweizer-Banken-Narilo-Richtlinien-2023.pdf\">&ndash;> Nachrichtenlose Vermo\u0308gen. Eine Information der Schweizerischen Bankiervereinigung (PDF)<\/a><\/strong>\n\t\t\t<\/div>\n<\/div>\n\n\n\n\n\n<div id=\"download_link-block_b77e2d8d8f0bf46cbc58c4fa703a500f\" class=\"download_link_ct article_item\">\n\t<div class=\"download_link\">\n\t\t<strong><a class=\"bereich_allgemein\" target=\"_blank\" href=\"https:\/\/www.rahnbodmer.ch\/wp-content\/uploads\/2025\/12\/Offenlegung-im-Mandat-THEMA-Nachhaltigkeit.pdf\">&ndash;> Nachhaltigkeitsbezogene Offenlegungen im Mandat THEMA [Nachhaltigkeit]<\/a><\/strong>\n\t\t\t<\/div>\n<\/div>\n\n\n\n\n<p><br><\/p>\n","protected":false},"excerpt":{"rendered":"Dokumente","protected":false},"author":1,"featured_media":0,"parent":657,"menu_order":0,"comment_status":"closed","ping_status":"closed","template":"","meta":{"_acf_changed":false,"inline_featured_image":false,"footnotes":""},"class_list":["post-1146","page","type-page","status-publish","hentry"],"acf":[],"_links":{"self":[{"href":"https:\/\/www.rahnbodmer.ch\/de\/wp-json\/wp\/v2\/pages\/1146","targetHints":{"allow":["GET"]}}],"collection":[{"href":"https:\/\/www.rahnbodmer.ch\/de\/wp-json\/wp\/v2\/pages"}],"about":[{"href":"https:\/\/www.rahnbodmer.ch\/de\/wp-json\/wp\/v2\/types\/page"}],"author":[{"embeddable":true,"href":"https:\/\/www.rahnbodmer.ch\/de\/wp-json\/wp\/v2\/users\/1"}],"replies":[{"embeddable":true,"href":"https:\/\/www.rahnbodmer.ch\/de\/wp-json\/wp\/v2\/comments?post=1146"}],"version-history":[{"count":57,"href":"https:\/\/www.rahnbodmer.ch\/de\/wp-json\/wp\/v2\/pages\/1146\/revisions"}],"predecessor-version":[{"id":4889,"href":"https:\/\/www.rahnbodmer.ch\/de\/wp-json\/wp\/v2\/pages\/1146\/revisions\/4889"}],"up":[{"embeddable":true,"href":"https:\/\/www.rahnbodmer.ch\/de\/wp-json\/wp\/v2\/pages\/657"}],"wp:attachment":[{"href":"https:\/\/www.rahnbodmer.ch\/de\/wp-json\/wp\/v2\/media?parent=1146"}],"curies":[{"name":"wp","href":"https:\/\/api.w.org\/{rel}","templated":true}]}}