{"id":1071,"date":"2021-09-20T06:44:24","date_gmt":"2021-09-20T04:44:24","guid":{"rendered":"https:\/\/www.rahnbodmer.ch\/?page_id=1071"},"modified":"2026-01-06T15:40:21","modified_gmt":"2026-01-06T13:40:21","slug":"kennzahlen","status":"publish","type":"page","link":"https:\/\/www.rahnbodmer.ch\/de\/kennzahlen","title":{"rendered":"Kennzahlen"},"content":{"rendered":"\n<h3 class=\"wp-block-heading\">Kennzahlen per 31. Dezember 2025<\/h3>\n\n\n\n<p><br><br><\/p>\n\n\n\n<div class=\"wp-block-columns article_item knz_box knz1 is-layout-flex wp-container-core-columns-is-layout-9d6595d7 wp-block-columns-is-layout-flex\">\n<div class=\"wp-block-column knz_inner inner1 is-layout-flow wp-block-column-is-layout-flow\">\n<p><br><\/p>\n\n\n\n<div class=\"ani_circ_wrapper anim aset\" id=\"ani_circ1\">\n<div class=\"ani_circ_txt\">\n<h5><span>CHF<br>18.2 Mrd.<\/span><\/h5>\n<\/div>\n<div class=\"ani_circ_ct\">\n<div class=\"ac_ovl ovl1\"><\/div>\n<div class=\"ac_ovl ovl2\"><\/div>\n<\/div>\n<\/div>\n\n\n\n<p class=\"has-text-align-center knz_subtext\"><strong>VERWALTETE KUNDENVERM\u00d6GEN<\/strong><\/p>\n<\/div>\n\n\n\n<div class=\"wp-block-column knz_inner inner2 is-layout-flow wp-block-column-is-layout-flow\">\n<p><br><\/p>\n\n\n\n<div class=\"ani_circ_wrapper anim aset\" id=\"ani_circ2\">\n<div class=\"ani_circ_txt\">\n<h5><span>CHF<br>&gt; 200 Mio.<\/span><\/h5>\n<\/div>\n<div class=\"ani_circ_ct\">\n<div class=\"ac_ovl ovl1\"><\/div>\n<div class=\"ac_ovl ovl2\"><\/div>\n<\/div>\n<\/div>\n\n\n\n<p class=\"has-text-align-center knz_subtext\"><strong>EIGENMITTEL<\/strong><\/p>\n<\/div>\n<\/div>\n\n\n\n<p><br><br><br><\/p>\n\n\n\n<div class=\"wp-block-columns knz_box knz3 is-layout-flex wp-container-core-columns-is-layout-9d6595d7 wp-block-columns-is-layout-flex\">\n<div class=\"wp-block-column is-vertically-aligned-center is-layout-flow wp-block-column-is-layout-flow\" style=\"flex-basis:50%\">\n<h5 class=\"wp-block-heading has-text-align-right bereich_allgemein\">CH\/LIE 71 %<\/h5>\n<\/div>\n\n\n\n<div class=\"wp-block-column is-layout-flow wp-block-column-is-layout-flow\" style=\"flex-basis:50%\">\n<div class=\"ani_circ_wrapper anim aset\" id=\"ani_circ3\">\n<div class=\"ani_circ_ct\">\n<div class=\"ac_ovl ovl1\"><\/div>\n<div class=\"ac_ovl ovl2\"><\/div>\n<\/div>\n<\/div>\n<\/div>\n\n\n\n<div class=\"wp-block-column is-vertically-aligned-center is-layout-flow wp-block-column-is-layout-flow\" style=\"flex-basis:50%\">\n<h5 class=\"wp-block-heading has-text-align-left bereich_privatkunden\">andere 29 %<\/h5>\n<\/div>\n<\/div>\n\n\n\n<p class=\"has-text-align-center knz_subtext\"><strong>VERWALTETE KUNDENVERM\u00d6GEN NACH DOMIZIL<\/strong><\/p>\n\n\n\n<p><br><br><br><\/p>\n\n\n\n<div class=\"wp-block-columns knz_box knz4 is-layout-flex wp-container-core-columns-is-layout-9d6595d7 wp-block-columns-is-layout-flex\">\n<div class=\"wp-block-column is-vertically-aligned-center is-layout-flow wp-block-column-is-layout-flow\" style=\"flex-basis:50%\">\n<h5 class=\"wp-block-heading has-text-align-right bereich_allgemein\">Privatkunden <br>inklusive externer <br>Verm\u00f6gensverwaltung <br>89 %<\/h5>\n<\/div>\n\n\n\n<div class=\"wp-block-column is-layout-flow wp-block-column-is-layout-flow\" style=\"flex-basis:50%\">\n<div class=\"ani_circ_wrapper anim aset\" id=\"ani_circ4\">\n<div class=\"ani_circ_ct\">\n<div class=\"ac_ovl ovl1\"><\/div>\n<div class=\"ac_ovl ovl2\"><\/div>\n<\/div>\n<\/div>\n<\/div>\n\n\n\n<div class=\"wp-block-column is-vertically-aligned-center is-layout-flow wp-block-column-is-layout-flow\" style=\"flex-basis:50%\">\n<h5 class=\"wp-block-heading has-text-align-left bereich_stiftungen\">Stiftungen und <br>Pensionskassen <br>11 %<br><br><\/h5>\n<\/div>\n<\/div>\n\n\n\n<p class=\"has-text-align-center knz_subtext\"><strong>VERWALTETE KUNDENVERM\u00d6GEN NACH KUNDENGRUPPEN<\/strong><\/p>\n\n\n\n<p><\/p>\n\n\n\n<p><br><br><\/p>\n\n\n\n<div class=\"wp-block-group knz_box knz5\"><div class=\"wp-block-group__inner-container is-layout-flow wp-block-group-is-layout-flow\">\n<div class=\"ani_circ_wrapper anim aset\" id=\"ani_circ5\">\n<div class=\"ani_circ_txt\">\n<h5><span>191<\/span><\/h5>\n<\/div>\n<div class=\"ani_circ_ct\">\n<div class=\"ac_ovl ovl1\"><\/div>\n<div class=\"ac_ovl ovl2\"><\/div>\n<\/div>\n<\/div>\n<\/div><\/div>\n\n\n\n<p class=\"has-text-align-center knz_subtext\"><strong>ANZAHL MITARBEITENDE<\/strong><\/p>\n\n\n\n<p><br><br><br><\/p>\n\n\n\n<p class=\"has-text-align-center knz_subtext\"><strong>MITGLIEDSCHAFTEN<\/strong><\/p>\n\n\n\n<p><br><\/p>\n\n\n\n<div class=\"wp-block-columns mtg_box mtg1 is-layout-flex wp-container-core-columns-is-layout-9d6595d7 wp-block-columns-is-layout-flex\">\n<div class=\"wp-block-column is-vertically-aligned-center is-layout-flow wp-block-column-is-layout-flow\"><div class=\"wp-block-image\">\n<figure class=\"alignright size-full is-resized\"><a href=\"https:\/\/www.swissbanking.ch\/de\" target=\"_blank\" rel=\"noopener nofollow\"><img loading=\"lazy\" decoding=\"async\" width=\"358\" height=\"53\" src=\"https:\/\/www.rahnbodmer.ch\/wp-content\/uploads\/2021\/09\/logo_swissbanking.svg\" alt=\"\" class=\"wp-image-1115\" style=\"width:360px;height:44px\"\/><\/a><\/figure>\n<\/div><\/div>\n\n\n\n<div class=\"wp-block-column is-layout-flow wp-block-column-is-layout-flow\" style=\"flex-basis:20px\"><\/div>\n\n\n\n<div class=\"wp-block-column is-vertically-aligned-center is-layout-flow wp-block-column-is-layout-flow\">\n<h5 class=\"wp-block-heading bereich_allgemein\"> seit 1912<\/h5>\n<\/div>\n<\/div>\n\n\n\n<div class=\"wp-block-columns mtg_box mtg2 is-layout-flex wp-container-core-columns-is-layout-9d6595d7 wp-block-columns-is-layout-flex\">\n<div class=\"wp-block-column is-vertically-aligned-center is-layout-flow wp-block-column-is-layout-flow\"><div class=\"wp-block-image\">\n<figure class=\"alignright size-large is-resized\"><a href=\"https:\/\/www.six-group.com\/de\/home.html\" target=\"_blank\" rel=\"noopener nofollow\"><img loading=\"lazy\" decoding=\"async\" width=\"28\" height=\"8\" src=\"https:\/\/www.rahnbodmer.ch\/wp-content\/uploads\/2021\/09\/logo_six.svg\" alt=\"\" class=\"wp-image-1128\" style=\"width:140px;height:39px\"\/><\/a><\/figure>\n<\/div><\/div>\n\n\n\n<div class=\"wp-block-column is-layout-flow wp-block-column-is-layout-flow\" style=\"flex-basis:20px\"><\/div>\n\n\n\n<div class=\"wp-block-column is-vertically-aligned-center is-layout-flow wp-block-column-is-layout-flow\">\n<h5 class=\"wp-block-heading bereich_allgemein\"> seit 1923<\/h5>\n<\/div>\n<\/div>\n\n\n\n<div class=\"wp-block-columns mtg_box mtg3 is-layout-flex wp-container-core-columns-is-layout-9d6595d7 wp-block-columns-is-layout-flex\">\n<div class=\"wp-block-column is-vertically-aligned-center is-layout-flow wp-block-column-is-layout-flow\"><div class=\"wp-block-image\">\n<figure class=\"alignright size-full\"><a href=\"http:\/\/www.swissprivatebankers.ch\/de\" target=\"_blank\" rel=\"noopener nofollow\"><img loading=\"lazy\" decoding=\"async\" width=\"450\" height=\"75\" src=\"https:\/\/www.rahnbodmer.ch\/wp-content\/uploads\/2021\/09\/abps.png\" alt=\"\" class=\"wp-image-1130\" srcset=\"https:\/\/www.rahnbodmer.ch\/wp-content\/uploads\/2021\/09\/abps.png 450w, https:\/\/www.rahnbodmer.ch\/wp-content\/uploads\/2021\/09\/abps-400x67.png 400w\" sizes=\"auto, (max-width: 450px) 100vw, 450px\" \/><\/a><\/figure>\n<\/div><\/div>\n\n\n\n<div class=\"wp-block-column is-layout-flow wp-block-column-is-layout-flow\" style=\"flex-basis:20px\"><\/div>\n\n\n\n<div class=\"wp-block-column is-vertically-aligned-center is-layout-flow wp-block-column-is-layout-flow\">\n<h5 class=\"wp-block-heading bereich_allgemein\"> seit 1934<\/h5>\n<\/div>\n<\/div>\n\n\n\n<div class=\"wp-block-columns mtg_box mtg4 is-layout-flex wp-container-core-columns-is-layout-9d6595d7 wp-block-columns-is-layout-flex\">\n<div class=\"wp-block-column is-vertically-aligned-center is-layout-flow wp-block-column-is-layout-flow\"><div class=\"wp-block-image\">\n<figure class=\"alignright size-large is-resized\"><a href=\"https:\/\/www.abps.ch\/de\/\" target=\"_blank\" rel=\"noopener nofollow\"><img loading=\"lazy\" decoding=\"async\" width=\"104\" height=\"37\" src=\"https:\/\/www.rahnbodmer.ch\/wp-content\/uploads\/2021\/09\/logo_vspb.svg\" alt=\"\" class=\"wp-image-1132\" style=\"width:276px;height:99px\"\/><\/a><\/figure>\n<\/div><\/div>\n\n\n\n<div class=\"wp-block-column is-layout-flow wp-block-column-is-layout-flow\" style=\"flex-basis:20px\"><\/div>\n\n\n\n<div class=\"wp-block-column is-vertically-aligned-center is-layout-flow wp-block-column-is-layout-flow\">\n<h5 class=\"wp-block-heading bereich_allgemein\"> seit 2013<\/h5>\n<\/div>\n<\/div>\n\n\n\n<p><br><br><\/p>\n\n\n\n\n<div id=\"page_link-block_a4867b8f15e6cf598c5912d2ce7bfe12\" class=\"page_link_ct mob_zentriert\">\n\t<div class=\"page_link\"><strong><a href=\"https:\/\/www.rahnbodmer.ch\/de\/werte\">UNSERE WERTE<\/a><\/strong><\/div>\n<\/div>\n\n\n","protected":false},"excerpt":{"rendered":"Kennzahlen per 31. Dezember 2025 CHF18.2 Mrd. VERWALTETE KUNDENVERM\u00d6GEN CHF&gt; 200 Mio. EIGENMITTEL CH\/LIE 71 % andere 29 % VERWALTETE KUNDENVERM\u00d6GEN NACH DOMIZIL Privatkunden inklusive externer Verm\u00f6gensverwaltung 89 % Stiftungen und Pensionskassen 11 % VERWALTETE KUNDENVERM\u00d6GEN NACH KUNDENGRUPPEN 191 ANZAHL MITARBEITENDE MITGLIEDSCHAFTEN seit 1912 seit 1923 seit 1934 seit 2013","protected":false},"author":1,"featured_media":1100,"parent":0,"menu_order":0,"comment_status":"closed","ping_status":"closed","template":"","meta":{"_acf_changed":false,"inline_featured_image":false,"footnotes":""},"class_list":["post-1071","page","type-page","status-publish","has-post-thumbnail","hentry"],"acf":[],"_links":{"self":[{"href":"https:\/\/www.rahnbodmer.ch\/de\/wp-json\/wp\/v2\/pages\/1071","targetHints":{"allow":["GET"]}}],"collection":[{"href":"https:\/\/www.rahnbodmer.ch\/de\/wp-json\/wp\/v2\/pages"}],"about":[{"href":"https:\/\/www.rahnbodmer.ch\/de\/wp-json\/wp\/v2\/types\/page"}],"author":[{"embeddable":true,"href":"https:\/\/www.rahnbodmer.ch\/de\/wp-json\/wp\/v2\/users\/1"}],"replies":[{"embeddable":true,"href":"https:\/\/www.rahnbodmer.ch\/de\/wp-json\/wp\/v2\/comments?post=1071"}],"version-history":[{"count":74,"href":"https:\/\/www.rahnbodmer.ch\/de\/wp-json\/wp\/v2\/pages\/1071\/revisions"}],"predecessor-version":[{"id":4937,"href":"https:\/\/www.rahnbodmer.ch\/de\/wp-json\/wp\/v2\/pages\/1071\/revisions\/4937"}],"wp:featuredmedia":[{"embeddable":true,"href":"https:\/\/www.rahnbodmer.ch\/de\/wp-json\/wp\/v2\/media\/1100"}],"wp:attachment":[{"href":"https:\/\/www.rahnbodmer.ch\/de\/wp-json\/wp\/v2\/media?parent=1071"}],"curies":[{"name":"wp","href":"https:\/\/api.w.org\/{rel}","templated":true}]}}