{"id":1006,"date":"2021-09-17T15:32:48","date_gmt":"2021-09-17T13:32:48","guid":{"rendered":"https:\/\/www.rahnbodmer.ch\/?page_id=1006"},"modified":"2025-10-07T15:25:40","modified_gmt":"2025-10-07T13:25:40","slug":"publikationen","status":"publish","type":"page","link":"https:\/\/www.rahnbodmer.ch\/de\/publikationen","title":{"rendered":"Publikationen"},"content":{"rendered":"\n<h3 class=\"wp-block-heading\">Gerne senden wir Ihnen unsere Publikationen zu<\/h3>\n\n\n\n<div id=\"teasertext-block_16973c1907c7be91a894b03c8c3ba22c\" class=\"teasertext\">\n<p style=\"text-align: center;\">Mit unseren Publikationen halten wir Sie \u00fcber unsere Bank, unsere Werte und die Welt der Finanzen auf dem Laufenden.<\/p>\n<\/div>\n\n\n<p>Jede Publikation hat ihren eigenen Schwerpunkt \u2013 von aktuellen Finanzthemen \u00fcber unsere Unternehmenskultur bis hin zu einem R\u00fcckblick auf das vergangene Jahr. Bestellen Sie hier Ihre gew\u00fcnschte Publikation. Wir freuen uns \u00fcber Ihr Interesse.<\/p>\n\n\n\n<div style=\"height:2em\" aria-hidden=\"true\" class=\"wp-block-spacer\"><\/div>\n\n\n\n<hr class=\"wp-block-separator has-alpha-channel-opacity\"\/>\n\n\n\n<div style=\"height:2em\" aria-hidden=\"true\" class=\"wp-block-spacer\"><\/div>\n\n\n\n<div class=\"wp-block-group article_item form_publikationen\"><div class=\"wp-block-group__inner-container is-layout-flow wp-block-group-is-layout-flow\">\n<div class=\"wpcf7 no-js\" id=\"wpcf7-f1010-o1\" lang=\"de-DE\" dir=\"ltr\" data-wpcf7-id=\"1010\">\n<div class=\"screen-reader-response\"><p role=\"status\" aria-live=\"polite\" aria-atomic=\"true\"><\/p> <ul><\/ul><\/div>\n<form action=\"\/de\/wp-json\/wp\/v2\/pages\/1006#wpcf7-f1010-o1\" method=\"post\" class=\"wpcf7-form init wpcf7-acceptance-as-validation\" aria-label=\"Kontaktformular\" novalidate=\"novalidate\" data-status=\"init\">\n<fieldset class=\"hidden-fields-container\"><input type=\"hidden\" name=\"_wpcf7\" value=\"1010\" \/><input type=\"hidden\" name=\"_wpcf7_version\" value=\"6.1.5\" \/><input type=\"hidden\" name=\"_wpcf7_locale\" value=\"de_DE\" \/><input type=\"hidden\" name=\"_wpcf7_unit_tag\" value=\"wpcf7-f1010-o1\" \/><input type=\"hidden\" name=\"_wpcf7_container_post\" value=\"0\" \/><input type=\"hidden\" name=\"_wpcf7_posted_data_hash\" value=\"\" \/><input type=\"hidden\" name=\"_wpcf7_recaptcha_response\" value=\"\" \/>\n<\/fieldset>\n<div class=\"kontakt_formular_wrapper\">\n\n<div class=\"chap1\">\n<center><strong class=\"bereich_allgemein\">Ich interessiere mich f\u00fcr folgende Publikation(en)<\/strong><\/center>\n\n<div class=\"publikationen_auswahl\">\n\n<div class=\"publikation_box publikation1\">\n<div class=\"publikation_bild\"><img decoding=\"async\" src=\"\/wp-content\/uploads\/2025\/10\/rb_pub_n1b.jpg\" \/><\/div>\n<div class=\"publikation_titel\"><strong>Imagebrosch\u00fcre<\/strong><br>Ein Einblick in unser Unternehmen, unsere Philosophie und Dienstleistungen und unsere Haltung zu wertorientiertem Denken und Handeln.<\/div>\n<div class=\"publikation_checkbox\"><span class=\"wpcf7-form-control-wrap\" data-name=\"Publikation_Imagebroschuere\"><span class=\"wpcf7-form-control wpcf7-checkbox\"><span class=\"wpcf7-list-item first\"><label><input type=\"checkbox\" name=\"Publikation_Imagebroschuere[]\" value=\"deutsch\" \/><span class=\"wpcf7-list-item-label\">deutsch<\/span><\/label><\/span><span class=\"wpcf7-list-item last\"><label><input type=\"checkbox\" name=\"Publikation_Imagebroschuere[]\" value=\"englisch\" \/><span class=\"wpcf7-list-item-label\">englisch<\/span><\/label><\/span><\/span><\/span><\/div>\n<\/div>\n\n<div class=\"publikation_box publikation2\">\n<div class=\"publikation_bild\"><img decoding=\"async\" src=\"\/wp-content\/uploads\/2025\/11\/Jahresrueckblick.jpg\" \/><\/div>\n<div class=\"publikation_titel\"><strong>Jahresr\u00fcckblick<\/strong><br>Unsere Partner reflektieren \u00fcber gesellschaftliche und wirtschaftliche Themen, die das vergangene Jahr gepr\u00e4gt haben.<\/div>\n<div class=\"publikation_checkbox\"><span class=\"wpcf7-form-control-wrap\" data-name=\"Publikation_Jahresrueckblick\"><span class=\"wpcf7-form-control wpcf7-checkbox\"><span class=\"wpcf7-list-item first\"><label><input type=\"checkbox\" name=\"Publikation_Jahresrueckblick[]\" value=\"deutsch\" \/><span class=\"wpcf7-list-item-label\">deutsch<\/span><\/label><\/span><span class=\"wpcf7-list-item last\"><label><input type=\"checkbox\" name=\"Publikation_Jahresrueckblick[]\" value=\"englisch (PDF)\" \/><span class=\"wpcf7-list-item-label\">englisch (PDF)<\/span><\/label><\/span><\/span><\/span><\/div>\n<\/div>\n\n<div class=\"publikation_box publikation3\">\n<div class=\"publikation_bild\"><img decoding=\"async\" src=\"\/wp-content\/uploads\/2025\/11\/nota.jpg\" \/><\/div>\n<div class=\"publikation_titel\"><strong>Nota<\/strong><br>Unsere Kundenzeitung mit einem breiten Spektrum an Finanz- und Unternehmensthemen, verfasst mehrheitlich von unseren Mitarbeitenden.<\/div>\n<div class=\"publikation_checkbox\"><span class=\"wpcf7-form-control-wrap\" data-name=\"Publikation_Nota\"><span class=\"wpcf7-form-control wpcf7-checkbox\"><span class=\"wpcf7-list-item first last\"><label><input type=\"checkbox\" name=\"Publikation_Nota[]\" value=\"deutsch, 2-mal j\u00e4hrlich\" \/><span class=\"wpcf7-list-item-label\">deutsch, 2-mal j\u00e4hrlich<\/span><\/label><\/span><\/span><\/span><br>\n<!--<span class=\"publikation_subdesc\">Bitte senden Sie mir zuk\u00fcnftig die Kundenzeitung von Rahn+Bodmer Co. zu.<\/span>-->\n<\/div>\n\n<\/div>\n<\/div>\n\n<\/div>\n\n<div class=\"kontakt_chapter chap2\">\n<strong>Ihre Kontaktangaben<\/strong>\n<div class=\"kontakt_angaben\">\n<span class=\"kontakt_feld feld_voll\"><span class=\"inl_label\">Anrede*<\/span> <span class=\"wpcf7-form-control-wrap\" data-name=\"Anrede\"><span class=\"wpcf7-form-control wpcf7-checkbox wpcf7-validates-as-required wpcf7-exclusive-checkbox\"><span class=\"wpcf7-list-item first\"><label><input type=\"checkbox\" name=\"Anrede\" value=\"Frau\" \/><span class=\"wpcf7-list-item-label\">Frau<\/span><\/label><\/span><span class=\"wpcf7-list-item last\"><label><input type=\"checkbox\" name=\"Anrede\" value=\"Herr\" \/><span class=\"wpcf7-list-item-label\">Herr<\/span><\/label><\/span><\/span><\/span><\/span>\n<label class=\"kontakt_feld feld_halb\"><span class=\"inl_label\">Vorname*<\/span> <span class=\"wpcf7-form-control-wrap\" data-name=\"Vorname\"><input size=\"40\" maxlength=\"400\" class=\"wpcf7-form-control wpcf7-text wpcf7-validates-as-required\" aria-required=\"true\" aria-invalid=\"false\" value=\"\" type=\"text\" name=\"Vorname\" \/><\/span><\/label>\n<label class=\"kontakt_feld feld_halb\"><span class=\"inl_label\">Nachname*<\/span> <span class=\"wpcf7-form-control-wrap\" data-name=\"Nachname\"><input size=\"40\" maxlength=\"400\" class=\"wpcf7-form-control wpcf7-text wpcf7-validates-as-required\" aria-required=\"true\" aria-invalid=\"false\" value=\"\" type=\"text\" name=\"Nachname\" \/><\/span><\/label>\n<label class=\"kontakt_feld feld_voll\"><span class=\"inl_label\">Firma<\/span> <span class=\"wpcf7-form-control-wrap\" data-name=\"Firma\"><input size=\"40\" maxlength=\"400\" class=\"wpcf7-form-control wpcf7-text\" aria-invalid=\"false\" value=\"\" type=\"text\" name=\"Firma\" \/><\/span><\/label>\n<label class=\"kontakt_feld feld_voll\"><span class=\"inl_label\">Adresse*<\/span> <span class=\"wpcf7-form-control-wrap\" data-name=\"Adresse\"><input size=\"40\" maxlength=\"400\" class=\"wpcf7-form-control wpcf7-text wpcf7-validates-as-required\" aria-required=\"true\" aria-invalid=\"false\" value=\"\" type=\"text\" name=\"Adresse\" \/><\/span><\/label>\n<label class=\"kontakt_feld feld_halb\"><span class=\"inl_label\">PLZ\/Ort*<\/span> <span class=\"wpcf7-form-control-wrap\" data-name=\"PLZ_Ort\"><input size=\"40\" maxlength=\"400\" class=\"wpcf7-form-control wpcf7-text wpcf7-validates-as-required\" aria-required=\"true\" aria-invalid=\"false\" value=\"\" type=\"text\" name=\"PLZ_Ort\" \/><\/span><\/label>\n<label class=\"kontakt_feld feld_halb\"><span class=\"inl_label\">Domizil*<\/span> <span class=\"wpcf7-form-control-wrap\" data-name=\"Domizil\"><select class=\"wpcf7-form-control wpcf7-select\" aria-invalid=\"false\" name=\"Domizil\"><option value=\"Afghanistan\">Afghanistan<\/option><option value=\"\u00c4gypten\">\u00c4gypten<\/option><option value=\"Albanien\">Albanien<\/option><option value=\"Algerien\">Algerien<\/option><option value=\"Andorra\">Andorra<\/option><option value=\"Angola\">Angola<\/option><option value=\"Antarktis\">Antarktis<\/option><option value=\"Argentinien\">Argentinien<\/option><option value=\"Armenien\">Armenien<\/option><option value=\"Asabaidschan\">Asabaidschan<\/option><option value=\"\u00c4thopien\">\u00c4thopien<\/option><option value=\"Australien\">Australien<\/option><option value=\"Bahamas\">Bahamas<\/option><option value=\"Barbados\">Barbados<\/option><option value=\"Belarus\">Belarus<\/option><option value=\"Belgien\">Belgien<\/option><option value=\"Bermuda\">Bermuda<\/option><option value=\"Bolivien\">Bolivien<\/option><option value=\"Bosnien-Herzegowina\">Bosnien-Herzegowina<\/option><option value=\"Botswana\">Botswana<\/option><option value=\"Brasilien\">Brasilien<\/option><option value=\"British Indian Ocean Territory\">British Indian Ocean Territory<\/option><option value=\"Bulgarien\">Bulgarien<\/option><option value=\"Burundi\">Burundi<\/option><option value=\"Chile\">Chile<\/option><option value=\"China\">China<\/option><option value=\"Costa Rica\">Costa Rica<\/option><option value=\"D\u00e4nemark\">D\u00e4nemark<\/option><option value=\"Deutschland\">Deutschland<\/option><option value=\"Djibouti\">Djibouti<\/option><option value=\"Dominica\">Dominica<\/option><option value=\"DominikanischeRepublik\">DominikanischeRepublik<\/option><option value=\"Ecuador\">Ecuador<\/option><option value=\"El Salvador\">El Salvador<\/option><option value=\"Eritrea\">Eritrea<\/option><option value=\"Estland\">Estland<\/option><option value=\"Finland\">Finland<\/option><option value=\"Frankreich\">Frankreich<\/option><option value=\"Frankreich\">Frankreich<\/option><option value=\"Gabun\">Gabun<\/option><option value=\"Gambia\">Gambia<\/option><option value=\"Georgia\">Georgia<\/option><option value=\"Ghana\">Ghana<\/option><option value=\"Gibraltar\">Gibraltar<\/option><option value=\"Griechenland\">Griechenland<\/option><option value=\"Griechenland\">Griechenland<\/option><option value=\"Grossbritannien\">Grossbritannien<\/option><option value=\"Haiti\">Haiti<\/option><option value=\"Honduras\">Honduras<\/option><option value=\"Hongkong\">Hongkong<\/option><option value=\"Indien\">Indien<\/option><option value=\"Indonesien\">Indonesien<\/option><option value=\"Irak\">Irak<\/option><option value=\"Iran\">Iran<\/option><option value=\"Irland\">Irland<\/option><option value=\"Isand\">Isand<\/option><option value=\"Israel\">Israel<\/option><option value=\"Italien\">Italien<\/option><option value=\"Jamaica\">Jamaica<\/option><option value=\"Japan\">Japan<\/option><option value=\"Jordanien\">Jordanien<\/option><option value=\"Jugoslavien\">Jugoslavien<\/option><option value=\"Kambodscha\">Kambodscha<\/option><option value=\"Kamerun\">Kamerun<\/option><option value=\"Kanada\">Kanada<\/option><option value=\"Kasachstan\">Kasachstan<\/option><option value=\"Kenia\">Kenia<\/option><option value=\"Kirgistan\">Kirgistan<\/option><option value=\"Kiribati\">Kiribati<\/option><option value=\"Kolumbien\">Kolumbien<\/option><option value=\"Kongo\">Kongo<\/option><option value=\"Korea, Nord-\">Korea, Nord-<\/option><option value=\"Korea, S\u00fcd-\">Korea, S\u00fcd-<\/option><option value=\"Kroatien\">Kroatien<\/option><option value=\"Kuba\">Kuba<\/option><option value=\"Kuwait\">Kuwait<\/option><option value=\"Laos\">Laos<\/option><option value=\"Lettland\">Lettland<\/option><option value=\"Libanon\">Libanon<\/option><option value=\"Liberia\">Liberia<\/option><option value=\"Libyen\">Libyen<\/option><option value=\"Liechtenstein\">Liechtenstein<\/option><option value=\"Litauen\">Litauen<\/option><option value=\"Luxemburg\">Luxemburg<\/option><option value=\"Macau\">Macau<\/option><option value=\"Madagaskar\">Madagaskar<\/option><option value=\"Malawi\">Malawi<\/option><option value=\"Malaysia\">Malaysia<\/option><option value=\"Malediven\">Malediven<\/option><option value=\"Mali\">Mali<\/option><option value=\"Malta\">Malta<\/option><option value=\"Marocco\">Marocco<\/option><option value=\"Marshall Inseln\">Marshall Inseln<\/option><option value=\"Martinique\">Martinique<\/option><option value=\"Mauritanien\">Mauritanien<\/option><option value=\"Mauritius\">Mauritius<\/option><option value=\"Mayotte\">Mayotte<\/option><option value=\"Mazedonien\">Mazedonien<\/option><option value=\"Mexico\">Mexico<\/option><option value=\"Micronesien\">Micronesien<\/option><option value=\"Moldovien\">Moldovien<\/option><option value=\"Monaco\">Monaco<\/option><option value=\"Mongolei\">Mongolei<\/option><option value=\"Montserrat\">Montserrat<\/option><option value=\"Mozambique\">Mozambique<\/option><option value=\"Myanmar\">Myanmar<\/option><option value=\"Namibia\">Namibia<\/option><option value=\"Nauru\">Nauru<\/option><option value=\"Nepal\">Nepal<\/option><option value=\"Neu Kaledonien\">Neu Kaledonien<\/option><option value=\"Neuseeland\">Neuseeland<\/option><option value=\"Nicaragua\">Nicaragua<\/option><option value=\"Niederlande\">Niederlande<\/option><option value=\"Niederl\u00e4ndische Antillen\">Niederl\u00e4ndische Antillen<\/option><option value=\"Niger\">Niger<\/option><option value=\"Nigeria\">Nigeria<\/option><option value=\"Niue\">Niue<\/option><option value=\"Nordmarianen\">Nordmarianen<\/option><option value=\"Norfolk Inseln\">Norfolk Inseln<\/option><option value=\"Norwegen\">Norwegen<\/option><option value=\"Oman\">Oman<\/option><option value=\"\u00d6sterreich\">\u00d6sterreich<\/option><option value=\"Pakistan\">Pakistan<\/option><option value=\"Palau\">Palau<\/option><option value=\"Panama\">Panama<\/option><option value=\"Papua Neu Guinea\">Papua Neu Guinea<\/option><option value=\"Paraguay\">Paraguay<\/option><option value=\"Peru\">Peru<\/option><option value=\"Philippinen\">Philippinen<\/option><option value=\"Pitcairn\">Pitcairn<\/option><option value=\"Polen\">Polen<\/option><option value=\"Portugal\">Portugal<\/option><option value=\"Puerto Rico\">Puerto Rico<\/option><option value=\"Qatar\">Qatar<\/option><option value=\"Reunion\">Reunion<\/option><option value=\"Ruanda\">Ruanda<\/option><option value=\"Rum\u00e4nien\">Rum\u00e4nien<\/option><option value=\"Russland\">Russland<\/option><option value=\"Saint Kitts und Nevis\">Saint Kitts und Nevis<\/option><option value=\"Saint Lucia\">Saint Lucia<\/option><option value=\"Saint Vincent und die Grenadinen\">Saint Vincent und die Grenadinen<\/option><option value=\"Samoa\">Samoa<\/option><option value=\"San Marino\">San Marino<\/option><option value=\"Saudiarabien\">Saudiarabien<\/option><option value=\"Schweden\">Schweden<\/option><option value=\"Schweiz\" selected=\"selected\">Schweiz<\/option><option value=\"Senegal\">Senegal<\/option><option value=\"Seychellen\">Seychellen<\/option><option value=\"Sierra Leone\">Sierra Leone<\/option><option value=\"Singapur\">Singapur<\/option><option value=\"Slovakai\">Slovakai<\/option><option value=\"Slovenien\">Slovenien<\/option><option value=\"Solomon Inseln\">Solomon Inseln<\/option><option value=\"Somalia\">Somalia<\/option><option value=\"Spanien\">Spanien<\/option><option value=\"Sri Lanka\">Sri Lanka<\/option><option value=\"St. Helena\">St. Helena<\/option><option value=\"St. Pierre und Miquelon\">St. Pierre und Miquelon<\/option><option value=\"S\u00fcd Georgia und die S\u00fcd-Sandwich-Inseln\">S\u00fcd Georgia und die S\u00fcd-Sandwich-Inseln<\/option><option value=\"S\u00fcdafrika\">S\u00fcdafrika<\/option><option value=\"Sudan\">Sudan<\/option><option value=\"Surinam\">Surinam<\/option><option value=\"Svalbard und Jan Mayen Inseln\">Svalbard und Jan Mayen Inseln<\/option><option value=\"Swaziland\">Swaziland<\/option><option value=\"Syrien\">Syrien<\/option><option value=\"Tadschikistan\">Tadschikistan<\/option><option value=\"Taiwan\">Taiwan<\/option><option value=\"Tansania\">Tansania<\/option><option value=\"Thailand\">Thailand<\/option><option value=\"Togo\">Togo<\/option><option value=\"Tokelau\">Tokelau<\/option><option value=\"Tonga\">Tonga<\/option><option value=\"Trinidad und Tobago\">Trinidad und Tobago<\/option><option value=\"Tschad\">Tschad<\/option><option value=\"Tschechische Republik\">Tschechische Republik<\/option><option value=\"Tunesien\">Tunesien<\/option><option value=\"T\u00fcrkei\">T\u00fcrkei<\/option><option value=\"Turkmenistan\">Turkmenistan<\/option><option value=\"Turks und Caicos Islands\">Turks und Caicos Islands<\/option><option value=\"Tuvalu\">Tuvalu<\/option><option value=\"Uganda\">Uganda<\/option><option value=\"Ukraine\">Ukraine<\/option><option value=\"Ungarn\">Ungarn<\/option><option value=\"United States Minor Outlying Islands\">United States Minor Outlying Islands<\/option><option value=\"Uruguay\">Uruguay<\/option><option value=\"Uzbekistan\">Uzbekistan<\/option><option value=\"Vanuatu\">Vanuatu<\/option><option value=\"Vatikan\">Vatikan<\/option><option value=\"Venezuela\">Venezuela<\/option><option value=\"Vereinigte Arabische Emirate\">Vereinigte Arabische Emirate<\/option><option value=\"Vereinigte Staaten von Amerika\">Vereinigte Staaten von Amerika<\/option><option value=\"Vietnam\">Vietnam<\/option><option value=\"Virgin Islands (GB)\">Virgin Islands (GB)<\/option><option value=\"Virgin Islands (U.S.)\">Virgin Islands (U.S.)<\/option><option value=\"Wallisw und Futuna Inseln\">Wallisw und Futuna Inseln<\/option><option value=\"West-Sahara\">West-Sahara<\/option><option value=\"Yemen\">Yemen<\/option><option value=\"Zaire\">Zaire<\/option><option value=\"Zambia\">Zambia<\/option><option value=\"Zentralafrikanische Republik\">Zentralafrikanische Republik<\/option><option value=\"Zimbabwe\">Zimbabwe<\/option><option value=\"Zypern\">Zypern<\/option><\/select><\/span><\/label>\n<label class=\"kontakt_feld feld_halb\"><span class=\"inl_label\">E-Mail*<\/span> <span class=\"wpcf7-form-control-wrap\" data-name=\"Email\"><input size=\"40\" maxlength=\"400\" class=\"wpcf7-form-control wpcf7-email wpcf7-validates-as-required wpcf7-text wpcf7-validates-as-email\" aria-required=\"true\" aria-invalid=\"false\" value=\"\" type=\"email\" name=\"Email\" \/><\/span><\/label>\n<label class=\"kontakt_feld feld_halb\"><span class=\"inl_label\">Telefon*<\/span> <span class=\"wpcf7-form-control-wrap\" data-name=\"Telefon\"><input size=\"40\" maxlength=\"400\" class=\"wpcf7-form-control wpcf7-text wpcf7-validates-as-required\" aria-required=\"true\" aria-invalid=\"false\" value=\"\" type=\"text\" name=\"Telefon\" \/><\/span><\/label>\n\n<label class=\"kontakt_feld feld_voll feld_nachricht\"><span class=\"inl_label\">Ihre Nachricht<\/span> <span class=\"wpcf7-form-control-wrap\" data-name=\"Ihre_Nachricht\"><textarea cols=\"40\" rows=\"10\" maxlength=\"2000\" class=\"wpcf7-form-control wpcf7-textarea\" aria-invalid=\"false\" name=\"Ihre_Nachricht\"><\/textarea><\/span><\/label>\n<span class=\"kontakt_feld feld_voll\"><span class=\"wpcf7-form-control-wrap\" data-name=\"Nutzungsbedingungen\"><span class=\"wpcf7-form-control wpcf7-acceptance\"><span class=\"wpcf7-list-item\"><label><input type=\"checkbox\" name=\"Nutzungsbedingungen\" value=\"1\" aria-invalid=\"false\" \/><span class=\"wpcf7-list-item-label\"><span class=\"acceptance_text\">Ich habe die <a href=\"\/de\/nutzungsbedingungen\/\" target=\"_blank\">Nutzungsbedingungen<\/a> und die <a href=\"\/de\/datenschutz\/\" target=\"_blank\">Erkl\u00e4rungen zum Datenschutz<\/a> gelesen und erkl\u00e4re mich damit einverstanden.*<\/span><\/span><\/label><\/span><\/span><\/span><\/span>\n\n\n<div class=\"formular_senden_wrapper\">\n<span><div class=\"wpcf7-response-output\" aria-hidden=\"true\"><\/div><\/span>\n<span class=\"txt_pflichtfelder\">* Pflichtfelder<\/span>\n<span class=\"kontakt_feld feld_voll feld_senden\"><span class=\"submit_wrapper\"><input class=\"wpcf7-form-control wpcf7-submit has-spinner\" type=\"submit\" value=\"Senden\" \/><\/span><\/span>\n<\/div>\n\n\n<\/div>\n\n\n<\/div>\n\n<\/div>\n<\/form>\n<\/div>\n\n<\/div><\/div>\n","protected":false},"excerpt":{"rendered":"Gerne senden wir Ihnen unsere Publikationen zu Jede Publikation hat ihren eigenen Schwerpunkt \u2013 von aktuellen Finanzthemen \u00fcber unsere Unternehmenskultur bis hin zu einem R\u00fcckblick auf das vergangene Jahr. Bestellen Sie hier Ihre gew\u00fcnschte Publikation. Wir freuen uns \u00fcber Ihr Interesse.","protected":false},"author":1,"featured_media":872,"parent":0,"menu_order":0,"comment_status":"closed","ping_status":"closed","template":"","meta":{"_acf_changed":false,"inline_featured_image":false,"footnotes":""},"class_list":["post-1006","page","type-page","status-publish","has-post-thumbnail","hentry"],"acf":[],"_links":{"self":[{"href":"https:\/\/www.rahnbodmer.ch\/de\/wp-json\/wp\/v2\/pages\/1006","targetHints":{"allow":["GET"]}}],"collection":[{"href":"https:\/\/www.rahnbodmer.ch\/de\/wp-json\/wp\/v2\/pages"}],"about":[{"href":"https:\/\/www.rahnbodmer.ch\/de\/wp-json\/wp\/v2\/types\/page"}],"author":[{"embeddable":true,"href":"https:\/\/www.rahnbodmer.ch\/de\/wp-json\/wp\/v2\/users\/1"}],"replies":[{"embeddable":true,"href":"https:\/\/www.rahnbodmer.ch\/de\/wp-json\/wp\/v2\/comments?post=1006"}],"version-history":[{"count":15,"href":"https:\/\/www.rahnbodmer.ch\/de\/wp-json\/wp\/v2\/pages\/1006\/revisions"}],"predecessor-version":[{"id":5029,"href":"https:\/\/www.rahnbodmer.ch\/de\/wp-json\/wp\/v2\/pages\/1006\/revisions\/5029"}],"wp:featuredmedia":[{"embeddable":true,"href":"https:\/\/www.rahnbodmer.ch\/de\/wp-json\/wp\/v2\/media\/872"}],"wp:attachment":[{"href":"https:\/\/www.rahnbodmer.ch\/de\/wp-json\/wp\/v2\/media?parent=1006"}],"curies":[{"name":"wp","href":"https:\/\/api.w.org\/{rel}","templated":true}]}}