{"id":1001,"date":"2021-09-17T13:00:27","date_gmt":"2021-09-17T11:00:27","guid":{"rendered":"https:\/\/www.rahnbodmer.ch\/?page_id=1001"},"modified":"2021-11-19T17:04:36","modified_gmt":"2021-11-19T15:04:36","slug":"impressum","status":"publish","type":"page","link":"https:\/\/www.rahnbodmer.ch\/de\/impressum","title":{"rendered":"Impressum"},"content":{"rendered":"\n<h3 class=\"wp-block-heading\">Impressum<\/h3>\n\n\n\n<p><br><\/p>\n\n\n\n<p><strong>Verantwortlich f\u00fcr die Website<\/strong><br>Rahn+Bodmer Co.<br>M\u00fcnstergasse 2<br>8021 Z\u00fcrich<br>+41 44 639 11 11<br><a href=\"mailto:info@rahnbodmer.ch\">info@rahnbodmer.ch<\/a><\/p>\n\n\n\n<p><br><\/p>\n\n\n\n<p><strong>Konzeption, redaktionelle Umsetzung und Design<br><\/strong>Metz oder Vieli<br>Brand Communication<br>8032 Z\u00fcrich<br><a rel=\"noreferrer noopener nofollow\" href=\"https:\/\/www.metzodervieli.ch\" target=\"_blank\">www.metzodervieli.ch<\/a><\/p>\n\n\n\n<p><br><\/p>\n\n\n\n<p><strong>Code<\/strong><br>one room interactive<br>5400 Baden<\/p>\n\n\n\n<p><br><\/p>\n\n\n\n<p><strong>\u00dcbersetzung<\/strong><br>Diction AG<br>9471 Buchs SG<\/p>\n\n\n\n<p><br><\/p>\n\n\n\n<p><strong>Fotografie Stadtansichten<\/strong><br>Michael Lio<br>8400 Winterthur<\/p>\n\n\n\n<p><br><\/p>\n\n\n\n<p><strong>Fotografie Portr\u00e4ts<\/strong><br>Franz Rindlisbacher &amp; Gerry Amstutz<br>8004 Z\u00fcrich<\/p>\n","protected":false},"excerpt":{"rendered":"Impressum Verantwortlich f\u00fcr die WebsiteRahn+Bodmer Co.M\u00fcnstergasse 28021 Z\u00fcrich+41 44 639 11 11info@rahnbodmer.ch Konzeption, redaktionelle Umsetzung und DesignMetz oder VieliBrand Communication8032 Z\u00fcrichwww.metzodervieli.ch Codeone room interactive5400 Baden \u00dcbersetzungDiction AG9471 Buchs SG Fotografie StadtansichtenMichael Lio8400 Winterthur Fotografie Portr\u00e4tsFranz Rindlisbacher &amp; Gerry Amstutz8004 Z\u00fcrich","protected":false},"author":1,"featured_media":780,"parent":0,"menu_order":0,"comment_status":"closed","ping_status":"closed","template":"","meta":{"_acf_changed":false,"inline_featured_image":false,"footnotes":""},"class_list":["post-1001","page","type-page","status-publish","has-post-thumbnail","hentry"],"acf":[],"_links":{"self":[{"href":"https:\/\/www.rahnbodmer.ch\/de\/wp-json\/wp\/v2\/pages\/1001","targetHints":{"allow":["GET"]}}],"collection":[{"href":"https:\/\/www.rahnbodmer.ch\/de\/wp-json\/wp\/v2\/pages"}],"about":[{"href":"https:\/\/www.rahnbodmer.ch\/de\/wp-json\/wp\/v2\/types\/page"}],"author":[{"embeddable":true,"href":"https:\/\/www.rahnbodmer.ch\/de\/wp-json\/wp\/v2\/users\/1"}],"replies":[{"embeddable":true,"href":"https:\/\/www.rahnbodmer.ch\/de\/wp-json\/wp\/v2\/comments?post=1001"}],"version-history":[{"count":6,"href":"https:\/\/www.rahnbodmer.ch\/de\/wp-json\/wp\/v2\/pages\/1001\/revisions"}],"predecessor-version":[{"id":2138,"href":"https:\/\/www.rahnbodmer.ch\/de\/wp-json\/wp\/v2\/pages\/1001\/revisions\/2138"}],"wp:featuredmedia":[{"embeddable":true,"href":"https:\/\/www.rahnbodmer.ch\/de\/wp-json\/wp\/v2\/media\/780"}],"wp:attachment":[{"href":"https:\/\/www.rahnbodmer.ch\/de\/wp-json\/wp\/v2\/media?parent=1001"}],"curies":[{"name":"wp","href":"https:\/\/api.w.org\/{rel}","templated":true}]}}